{"id":2299,"date":"2025-10-11T07:22:42","date_gmt":"2025-10-11T07:22:42","guid":{"rendered":"https:\/\/uhmwpemanufacture.com\/?post_type=product&#038;p=2299"},"modified":"2025-10-11T07:22:42","modified_gmt":"2025-10-11T07:22:42","slug":"custom-high-quality-coal-bunker-limit-plate-manufacturer-2","status":"publish","type":"product","link":"https:\/\/uhmwpemanufacture.com\/es\/custom-high-quality-coal-bunker-limit-plate-manufacturer-2\/","title":{"rendered":"Fabricante de placas l\u00edmite para tolva de carb\u00f3n de alta calidad a medida"},"content":{"rendered":"<h2 id=\"customized-top-quality-coal-shelter-restriction-plate\">Placa de restricci\u00f3n de refugio de carb\u00f3n de calidad superior personalizada<\/h2>\n<p>Nuestras placas de restricci\u00f3n personalizadas de alta calidad para tolvas de carb\u00f3n son cruciales para que los sistemas de gesti\u00f3n del carb\u00f3n sean duraderos y fiables. Fabricadas en acero resistente, como se muestra en la imagen, estas placas est\u00e1n dise\u00f1adas para resistir la naturaleza abrasiva del carb\u00f3n y las condiciones exigidas en las carboneras. Desempe\u00f1an un papel crucial en la gesti\u00f3n de la circulaci\u00f3n y la limitaci\u00f3n de la capacidad del carb\u00f3n, evitando los sobrellenados y garantizando la seguridad funcional.<\/p>\n<p>Como fabricante especializado, nos concentramos en generar placas de restricci\u00f3n adaptadas a los requisitos detallados de las tareas, garantizando el mejor ajuste y una eficacia \u00f3ptima. Nuestro compromiso con la alta calidad significa que cada placa proporciona una excepcional resistencia al desgaste y honestidad estructural, contribuyendo a la longevidad y fiabilidad de su espacio de almacenamiento de carb\u00f3n y la infraestructura de comunicaci\u00f3n. Estas placas son un componente esencial en el mantenimiento de procedimientos seguros y sin fisuras en centrales el\u00e9ctricas, centros mineros y otras industrias pesadas.<\/p>","protected":false},"excerpt":{"rendered":"<p>Nuestras placas limitadoras de acero a medida para tolvas de carb\u00f3n est\u00e1n dise\u00f1adas para durar en entornos dif\u00edciles. Dise\u00f1adas para controlar el flujo de carb\u00f3n y evitar el sobrellenado, garantizan la seguridad y eficacia de los sistemas de manipulaci\u00f3n de carb\u00f3n. Como fabricantes, ofrecemos placas resistentes al desgaste y de alta calidad adaptadas a sus necesidades industriales espec\u00edficas.<\/p>","protected":false},"featured_media":2300,"template":"","meta":{"_gspb_post_css":""},"product_brand":[],"product_cat":[15,22],"product_tag":[337,449,448],"class_list":{"0":"post-2299","1":"product","2":"type-product","3":"status-publish","4":"has-post-thumbnail","6":"product_cat-uhmwpe-hdpe-sheets-plates","7":"product_cat-coal-bunker-limit-plates","8":"product_tag-coal-bunker-plate","9":"product_tag-industrial-plate","10":"product_tag-steel-plate","12":"first","13":"instock","14":"shipping-taxable","15":"product-type-simple"},"_links":{"self":[{"href":"https:\/\/uhmwpemanufacture.com\/es\/wp-json\/wp\/v2\/product\/2299","targetHints":{"allow":["GET"]}}],"collection":[{"href":"https:\/\/uhmwpemanufacture.com\/es\/wp-json\/wp\/v2\/product"}],"about":[{"href":"https:\/\/uhmwpemanufacture.com\/es\/wp-json\/wp\/v2\/types\/product"}],"wp:featuredmedia":[{"embeddable":true,"href":"https:\/\/uhmwpemanufacture.com\/es\/wp-json\/wp\/v2\/media\/2300"}],"wp:attachment":[{"href":"https:\/\/uhmwpemanufacture.com\/es\/wp-json\/wp\/v2\/media?parent=2299"}],"wp:term":[{"taxonomy":"product_brand","embeddable":true,"href":"https:\/\/uhmwpemanufacture.com\/es\/wp-json\/wp\/v2\/product_brand?post=2299"},{"taxonomy":"product_cat","embeddable":true,"href":"https:\/\/uhmwpemanufacture.com\/es\/wp-json\/wp\/v2\/product_cat?post=2299"},{"taxonomy":"product_tag","embeddable":true,"href":"https:\/\/uhmwpemanufacture.com\/es\/wp-json\/wp\/v2\/product_tag?post=2299"}],"curies":[{"name":"wp","href":"https:\/\/api.w.org\/{rel}","templated":true}]}}