{"id":2306,"date":"2025-10-11T07:29:36","date_gmt":"2025-10-11T07:29:36","guid":{"rendered":"https:\/\/uhmwpemanufacture.com\/?post_type=product&#038;p=2306"},"modified":"2025-10-11T07:29:36","modified_gmt":"2025-10-11T07:29:36","slug":"crane-mats-polyethylene-stabilizer-outrigger-pads-supplier","status":"publish","type":"product","link":"https:\/\/uhmwpemanufacture.com\/es\/crane-mats-polyethylene-stabilizer-outrigger-pads-supplier\/","title":{"rendered":"Alfombrillas para gr\u00faas Estabilizador de polietileno Placas estabilizadoras Proveedor"},"content":{"rendered":"<h2 id=\"crane-mats-polyethylene-stabilizer-outrigger-pads\">Alfombrillas de polietileno para estabilizadores de gr\u00faa<\/h2>\n<p>Nuestras esteras para gr\u00faas y almohadillas de polietileno para estabilizadores de balancines son vitales para mejorar la seguridad en las operaciones de elevaci\u00f3n de cargas pesadas. Como se ve en la imagen, estas almohadillas se colocan debajo de las patas estabilizadoras de las gr\u00faas y otra maquinaria pesada para dispersar las cargas importantes sobre una superficie mayor. De este modo se evita que la carga se hunda en terrenos blandos, se protegen las superficies delicadas y se proporciona una base firme y estable para los dispositivos.<\/p>\n<p>Fabricadas con polietileno de alta densidad (HDPE), estas almohadillas son excepcionalmente el\u00e1sticas, ligeras y resistentes al agua, los productos qu\u00edmicos y las temperaturas extremas. A diferencia de los revestimientos de madera tradicionales, no se pudren, no se astillan y no absorben la humedad, lo que garantiza una vida \u00fatil mucho m\u00e1s larga y un rendimiento constante. Nuestras almohadillas, que incorporan dispositivos para facilitar el transporte y la colocaci\u00f3n, son el remedio adecuado para garantizar la seguridad y eficacia de los procedimientos de gr\u00faas y equipos pesados en diferentes superficies y mercados. Como proveedor de confianza, suministramos estabilizadores duraderos y fiables.<\/p>","protected":false},"excerpt":{"rendered":"<p>Nuestras almohadillas de polietileno para balancines proporcionan una estabilidad cr\u00edtica para gr\u00faas y equipos pesados. Estas alfombrillas ligeras y duraderas distribuyen las cargas, evitan el hundimiento y protegen las superficies. Resistentes al agua y a los productos qu\u00edmicos, garantizan operaciones seguras y eficientes en diversos terrenos. Esenciales para la construcci\u00f3n y la elevaci\u00f3n de cargas pesadas.<\/p>","protected":false},"featured_media":2310,"template":"","meta":{"_gspb_post_css":""},"product_brand":[],"product_cat":[15,20],"product_tag":[261,256,86],"class_list":{"0":"post-2306","1":"product","2":"type-product","3":"status-publish","4":"has-post-thumbnail","6":"product_cat-uhmwpe-hdpe-sheets-plates","7":"product_cat-crane-outrigger-pads","8":"product_tag-crane-mats","9":"product_tag-outrigger-pads","10":"product_tag-polyethylene-pads","12":"first","13":"instock","14":"shipping-taxable","15":"product-type-simple"},"_links":{"self":[{"href":"https:\/\/uhmwpemanufacture.com\/es\/wp-json\/wp\/v2\/product\/2306","targetHints":{"allow":["GET"]}}],"collection":[{"href":"https:\/\/uhmwpemanufacture.com\/es\/wp-json\/wp\/v2\/product"}],"about":[{"href":"https:\/\/uhmwpemanufacture.com\/es\/wp-json\/wp\/v2\/types\/product"}],"wp:featuredmedia":[{"embeddable":true,"href":"https:\/\/uhmwpemanufacture.com\/es\/wp-json\/wp\/v2\/media\/2310"}],"wp:attachment":[{"href":"https:\/\/uhmwpemanufacture.com\/es\/wp-json\/wp\/v2\/media?parent=2306"}],"wp:term":[{"taxonomy":"product_brand","embeddable":true,"href":"https:\/\/uhmwpemanufacture.com\/es\/wp-json\/wp\/v2\/product_brand?post=2306"},{"taxonomy":"product_cat","embeddable":true,"href":"https:\/\/uhmwpemanufacture.com\/es\/wp-json\/wp\/v2\/product_cat?post=2306"},{"taxonomy":"product_tag","embeddable":true,"href":"https:\/\/uhmwpemanufacture.com\/es\/wp-json\/wp\/v2\/product_tag?post=2306"}],"curies":[{"name":"wp","href":"https:\/\/api.w.org\/{rel}","templated":true}]}}