{"id":2311,"date":"2025-10-11T07:32:32","date_gmt":"2025-10-11T07:32:32","guid":{"rendered":"https:\/\/uhmwpemanufacture.com\/?post_type=product&#038;p=2311"},"modified":"2025-10-11T07:32:32","modified_gmt":"2025-10-11T07:32:32","slug":"high-quality-custom-smooth-surface-pe-floorball-dasher-boards","status":"publish","type":"product","link":"https:\/\/uhmwpemanufacture.com\/es\/high-quality-custom-smooth-surface-pe-floorball-dasher-boards\/","title":{"rendered":"Tablas de Floorball de PE de alta calidad con superficie lisa a medida"},"content":{"rendered":"<h2 id=\"premium-quality-custom-made-smooth-surface-pe-floorball-dasher-boards\">Tableros de Floorball de PE de superficie lisa de primera calidad hechos a medida<\/h2>\n<p>Nuestros tableros de baloncesto de superficie lisa PE (polietileno), como se muestra en la foto, est\u00e1n dise\u00f1ados para producir un entorno de juego superior para los amantes del baloncesto. Estos tableros blancos elegantes proporcionan una superficie incre\u00edblemente lisa, asegur\u00e1ndose de que la ronda se mueve sin esfuerzo a lo largo del per\u00edmetro de la pista, la mejora de la velocidad del juego y la fluidez.<\/p>\n<p>Fabricados en polietileno de larga duraci\u00f3n, estos tableros de baloncesto son extremadamente duraderos, resistentes a los impactos y desarrollados para soportar las grandes exigencias de un juego asequible. Sus capacidades de dise\u00f1o personalizado permiten medidas y disposiciones a medida para adaptarse a cualquier sector de floorball interior o exterior. F\u00e1ciles de limpiar y conservar, estos tableros mantienen su bello aspecto e integridad arquitect\u00f3nica durante periodos prolongados. Perfectos para clubes, colegios y centros especializados, nuestros tableros de PE para floorball ofrecen un l\u00edmite sin riesgos, consistente y est\u00e9ticamente atractivo para una interesante acci\u00f3n de floorball.<\/p>","protected":false},"excerpt":{"rendered":"<p>Nuestros tableros de PE personalizados ofrecen una superficie lisa y duradera para un deslizamiento \u00f3ptimo de la pelota. Fabricadas en polietileno de alta calidad, son resistentes a los impactos y f\u00e1ciles de mantener. Perfectos para crear pistas de floorball de nivel profesional, estos tableros garantizan una experiencia de juego segura y r\u00e1pida.<\/p>","protected":false},"featured_media":2314,"template":"","meta":{"_gspb_post_css":""},"product_brand":[],"product_cat":[29,33],"product_tag":[450,451,385],"class_list":{"0":"post-2311","1":"product","2":"type-product","3":"status-publish","4":"has-post-thumbnail","6":"product_cat-ice-rink-products","7":"product_cat-floor-ball-dasher-boards","8":"product_tag-floorball-boards","9":"product_tag-pe-dasher-boards","10":"product_tag-sports-equipment","12":"first","13":"instock","14":"shipping-taxable","15":"product-type-simple"},"_links":{"self":[{"href":"https:\/\/uhmwpemanufacture.com\/es\/wp-json\/wp\/v2\/product\/2311","targetHints":{"allow":["GET"]}}],"collection":[{"href":"https:\/\/uhmwpemanufacture.com\/es\/wp-json\/wp\/v2\/product"}],"about":[{"href":"https:\/\/uhmwpemanufacture.com\/es\/wp-json\/wp\/v2\/types\/product"}],"wp:featuredmedia":[{"embeddable":true,"href":"https:\/\/uhmwpemanufacture.com\/es\/wp-json\/wp\/v2\/media\/2314"}],"wp:attachment":[{"href":"https:\/\/uhmwpemanufacture.com\/es\/wp-json\/wp\/v2\/media?parent=2311"}],"wp:term":[{"taxonomy":"product_brand","embeddable":true,"href":"https:\/\/uhmwpemanufacture.com\/es\/wp-json\/wp\/v2\/product_brand?post=2311"},{"taxonomy":"product_cat","embeddable":true,"href":"https:\/\/uhmwpemanufacture.com\/es\/wp-json\/wp\/v2\/product_cat?post=2311"},{"taxonomy":"product_tag","embeddable":true,"href":"https:\/\/uhmwpemanufacture.com\/es\/wp-json\/wp\/v2\/product_tag?post=2311"}],"curies":[{"name":"wp","href":"https:\/\/api.w.org\/{rel}","templated":true}]}}