{"id":2318,"date":"2025-10-11T07:36:11","date_gmt":"2025-10-11T07:36:11","guid":{"rendered":"https:\/\/uhmwpemanufacture.com\/?post_type=product&#038;p=2318"},"modified":"2025-10-11T07:36:11","modified_gmt":"2025-10-11T07:36:11","slug":"hard-plastic-sheets-hockey-practice-shooting-pads-vendor","status":"publish","type":"product","link":"https:\/\/uhmwpemanufacture.com\/es\/hard-plastic-sheets-hockey-practice-shooting-pads-vendor\/","title":{"rendered":"Hojas de pl\u00e1stico duro Hockey Pr\u00e1ctica Shooting Pads Vendedor"},"content":{"rendered":"<h2 id=\"hard-plastic-sheets-hockey-technique-capturing-pads\">Hojas de pl\u00e1stico duro Almohadillas de captura de t\u00e9cnicas de hockey<\/h2>\n<p>Nuestras l\u00e1minas de pl\u00e1stico resistente est\u00e1n dise\u00f1adas como almohadillas de captura de m\u00e9todo de hockey de alta calidad, ideales para los jugadores que buscan mejorar sus habilidades de stickhandling, pase y disparo. Como se ve en la imagen, estas hojas blancas resistentes suministran una superficie lisa, como el hielo que permite a los discos se deslicen con facilidad, replicando los problemas reales de hielo para el entrenamiento eficaz fuera del hielo.<\/p>\n<p>Fabricadas con productos de pl\u00e1stico robusto, estas almohadillas de tiro est\u00e1n desarrolladas para resistir las influencias duplicadas de discos y palos sin romperse ni debilitarse. Su construcci\u00f3n r\u00edgida garantiza un \u00e1rea de entrenamiento segura y consistente, ya sea en un garaje, s\u00f3tano o patio. Como proveedor dedicado, proporcionamos estas almohadillas vers\u00e1tiles y resistentes que son f\u00e1ciles de limpiar, transportar y establecer, ofreciendo una excelente soluci\u00f3n para el m\u00e9todo de hockey durante todo el a\u00f1o. Impulse su juego con una superficie de entrenamiento fuera del hielo fiable y duradera.<\/p>","protected":false},"excerpt":{"rendered":"<p>Nuestras planchas de pl\u00e1stico duro son almohadillas de tiro de hockey de primera calidad. Ofrecen una superficie similar al hielo para el entrenamiento fuera del hielo durante todo el a\u00f1o, mejorando el stickhandling, el pase y el tiro. Duraderas y resistentes a los impactos, estas almohadillas proporcionan un \u00e1rea de pr\u00e1ctica consistente. Imprescindibles para los aspirantes a jugadores de hockey.<\/p>","protected":false},"featured_media":2324,"template":"","meta":{"_gspb_post_css":""},"product_brand":[],"product_cat":[29,31],"product_tag":[410,452,445],"class_list":{"0":"post-2318","1":"product","2":"type-product","3":"status-publish","4":"has-post-thumbnail","6":"product_cat-ice-rink-products","7":"product_cat-hockey-practice-shooting-pads","8":"product_tag-hockey-practice","9":"product_tag-ockey-shooting-pad","10":"product_tag-plastic-sheet","12":"first","13":"instock","14":"shipping-taxable","15":"product-type-simple"},"_links":{"self":[{"href":"https:\/\/uhmwpemanufacture.com\/es\/wp-json\/wp\/v2\/product\/2318","targetHints":{"allow":["GET"]}}],"collection":[{"href":"https:\/\/uhmwpemanufacture.com\/es\/wp-json\/wp\/v2\/product"}],"about":[{"href":"https:\/\/uhmwpemanufacture.com\/es\/wp-json\/wp\/v2\/types\/product"}],"wp:featuredmedia":[{"embeddable":true,"href":"https:\/\/uhmwpemanufacture.com\/es\/wp-json\/wp\/v2\/media\/2324"}],"wp:attachment":[{"href":"https:\/\/uhmwpemanufacture.com\/es\/wp-json\/wp\/v2\/media?parent=2318"}],"wp:term":[{"taxonomy":"product_brand","embeddable":true,"href":"https:\/\/uhmwpemanufacture.com\/es\/wp-json\/wp\/v2\/product_brand?post=2318"},{"taxonomy":"product_cat","embeddable":true,"href":"https:\/\/uhmwpemanufacture.com\/es\/wp-json\/wp\/v2\/product_cat?post=2318"},{"taxonomy":"product_tag","embeddable":true,"href":"https:\/\/uhmwpemanufacture.com\/es\/wp-json\/wp\/v2\/product_tag?post=2318"}],"curies":[{"name":"wp","href":"https:\/\/api.w.org\/{rel}","templated":true}]}}