{"id":895,"date":"2025-09-27T03:56:27","date_gmt":"2025-09-27T03:56:27","guid":{"rendered":"https:\/\/uhmwpemanufacture.com\/?post_type=product&#038;p=895"},"modified":"2025-09-27T03:56:27","modified_gmt":"2025-09-27T03:56:27","slug":"crane-outrigger-pads-uhmwpe-stabilizer-plates-supplier-china","status":"publish","type":"product","link":"https:\/\/uhmwpemanufacture.com\/es\/crane-outrigger-pads-uhmwpe-stabilizer-plates-supplier-china\/","title":{"rendered":"Crane Outrigger Pads UHMWPE Placas Estabilizadoras Proveedor China"},"content":{"rendered":"<h2>Placas estabilizadoras de UHMWPE Proveedor China<\/h2>\n<p>Las almohadillas de UHMWPE, ligeras pero de alta resistencia, distribuyen los lotes de gato para proteger el suelo y evitar el hundimiento. No conductoras, resistentes a la corrosi\u00f3n y al clima. Superficie texturizada y antideslizante con bordes biselados y maneja para una colocaci\u00f3n segura. Ideal para gr\u00faas, elevadores a\u00e9reos y estabilizadores de veh\u00edculos sobre grava, c\u00e9sped o asfalto. Tama\u00f1os 300- 1200 mm, densidad 20- 100 mm, se ofrecen tonos personalizados. Fabricado en China con soluci\u00f3n r\u00e1pida de corte a medida y env\u00edo r\u00e1pido.<\/p>","protected":false},"excerpt":{"rendered":"<p>Las almohadillas de los estabilizadores de gr\u00faa de UHMWPE distribuyen las cargas de los gatos para proteger el suelo y evitar el hundimiento. Ligeras, no conductoras, resistentes a la corrosi\u00f3n. Superficie antideslizante, bordes biselados, asas de transporte. Tama\u00f1os 300-1200 mm, 20-100 mm de espesor, corte a medida. Ideal para gr\u00faas y ascensores. Proveedor chino.<\/p>","protected":false},"featured_media":898,"template":"","meta":{"_gspb_post_css":""},"product_brand":[],"product_cat":[15,20],"product_tag":[58,64,63],"class_list":{"0":"post-895","1":"product","2":"type-product","3":"status-publish","4":"has-post-thumbnail","6":"product_cat-uhmwpe-hdpe-sheets-plates","7":"product_cat-crane-outrigger-pads","8":"product_tag-china-supplier","9":"product_tag-crane-stabilizer-plates","10":"product_tag-uhmwpe-outrigger-pads","12":"first","13":"instock","14":"shipping-taxable","15":"product-type-simple"},"_links":{"self":[{"href":"https:\/\/uhmwpemanufacture.com\/es\/wp-json\/wp\/v2\/product\/895","targetHints":{"allow":["GET"]}}],"collection":[{"href":"https:\/\/uhmwpemanufacture.com\/es\/wp-json\/wp\/v2\/product"}],"about":[{"href":"https:\/\/uhmwpemanufacture.com\/es\/wp-json\/wp\/v2\/types\/product"}],"wp:featuredmedia":[{"embeddable":true,"href":"https:\/\/uhmwpemanufacture.com\/es\/wp-json\/wp\/v2\/media\/898"}],"wp:attachment":[{"href":"https:\/\/uhmwpemanufacture.com\/es\/wp-json\/wp\/v2\/media?parent=895"}],"wp:term":[{"taxonomy":"product_brand","embeddable":true,"href":"https:\/\/uhmwpemanufacture.com\/es\/wp-json\/wp\/v2\/product_brand?post=895"},{"taxonomy":"product_cat","embeddable":true,"href":"https:\/\/uhmwpemanufacture.com\/es\/wp-json\/wp\/v2\/product_cat?post=895"},{"taxonomy":"product_tag","embeddable":true,"href":"https:\/\/uhmwpemanufacture.com\/es\/wp-json\/wp\/v2\/product_tag?post=895"}],"curies":[{"name":"wp","href":"https:\/\/api.w.org\/{rel}","templated":true}]}}