{"id":903,"date":"2025-09-27T04:04:29","date_gmt":"2025-09-27T04:04:29","guid":{"rendered":"https:\/\/uhmwpemanufacture.com\/?post_type=product&#038;p=903"},"modified":"2025-09-28T07:51:44","modified_gmt":"2025-09-28T07:51:44","slug":"cribbing-blocks-heavy-duty-composite-stacking-supplier-china","status":"publish","type":"product","link":"https:\/\/uhmwpemanufacture.com\/es\/cribbing-blocks-heavy-duty-composite-stacking-supplier-china\/","title":{"rendered":"Cribbing Blocks Heavy Duty Composite Stacking Proveedor China"},"content":{"rendered":"<h2 data-start=\"0\" data-end=\"63\">Cribbing Blocks Heavy Duty Composite Stacking Proveedor China<\/h2>\n<p data-start=\"65\" data-end=\"500\" data-is-last-node=\"\" data-is-only-node=\"\">Tacos de enrejado compuestos de alta resistencia con cara piramidal entrelazada para un apilamiento seguro bajo estabilizadores y gatos. No conductores, resistentes al agua y a los productos qu\u00edmicos, no se pudren ni astillan como la madera. Cuerdas de transporte moldeadas para una r\u00e1pida colocaci\u00f3n y recuperaci\u00f3n. Utilice pilas individuales, de 2\u00d72 o de 3\u00d73 para aumentar la altura de forma segura. Tama\u00f1os desde 300\u00d7300\u00d790 mm y personalizados. Compatible con almohadillas de balanc\u00edn. Fabricado en China con \u00edndices de carga claros y servicio r\u00e1pido de corte a medida.<\/p>","protected":false},"excerpt":{"rendered":"<p>Bloques de enrejado de composite resistente con caras piramidales entrelazadas para un apilamiento estable bajo estabilizadores y gatos. No conductores, resistentes al agua y a los productos qu\u00edmicos, no se pudren. Asas de cuerda para una colocaci\u00f3n r\u00e1pida. M\u00faltiples tama\u00f1os y capacidades de carga. Uso individual, 2\u00d72 o 3\u00d73 pilas. Proveedor de China.<\/p>","protected":false},"featured_media":906,"template":"","meta":{"_gspb_post_css":""},"product_brand":[],"product_cat":[15,21],"product_tag":[58,66,65],"class_list":{"0":"post-903","1":"product","2":"type-product","3":"status-publish","4":"has-post-thumbnail","6":"product_cat-uhmwpe-hdpe-sheets-plates","7":"product_cat-uhmwpe-fender-pads","8":"product_tag-china-supplier","9":"product_tag-composite-stacking","10":"product_tag-cribbing-blocks","12":"first","13":"instock","14":"shipping-taxable","15":"product-type-simple"},"_links":{"self":[{"href":"https:\/\/uhmwpemanufacture.com\/es\/wp-json\/wp\/v2\/product\/903","targetHints":{"allow":["GET"]}}],"collection":[{"href":"https:\/\/uhmwpemanufacture.com\/es\/wp-json\/wp\/v2\/product"}],"about":[{"href":"https:\/\/uhmwpemanufacture.com\/es\/wp-json\/wp\/v2\/types\/product"}],"wp:featuredmedia":[{"embeddable":true,"href":"https:\/\/uhmwpemanufacture.com\/es\/wp-json\/wp\/v2\/media\/906"}],"wp:attachment":[{"href":"https:\/\/uhmwpemanufacture.com\/es\/wp-json\/wp\/v2\/media?parent=903"}],"wp:term":[{"taxonomy":"product_brand","embeddable":true,"href":"https:\/\/uhmwpemanufacture.com\/es\/wp-json\/wp\/v2\/product_brand?post=903"},{"taxonomy":"product_cat","embeddable":true,"href":"https:\/\/uhmwpemanufacture.com\/es\/wp-json\/wp\/v2\/product_cat?post=903"},{"taxonomy":"product_tag","embeddable":true,"href":"https:\/\/uhmwpemanufacture.com\/es\/wp-json\/wp\/v2\/product_tag?post=903"}],"curies":[{"name":"wp","href":"https:\/\/api.w.org\/{rel}","templated":true}]}}