{"id":910,"date":"2025-09-27T06:03:20","date_gmt":"2025-09-27T06:03:20","guid":{"rendered":"https:\/\/uhmwpemanufacture.com\/?post_type=product&#038;p=910"},"modified":"2025-09-27T06:03:20","modified_gmt":"2025-09-27T06:03:20","slug":"coal-bunker-lining-plate-uhmwpe-wear-panels-supplier-china","status":"publish","type":"product","link":"https:\/\/uhmwpemanufacture.com\/es\/coal-bunker-lining-plate-uhmwpe-wear-panels-supplier-china\/","title":{"rendered":"Carb\u00f3n Bunker Placa de revestimiento UHMWPE Desgaste Paneles Proveedor China"},"content":{"rendered":"<h2>Carb\u00f3n Bunker Celular Placa de revestimiento UHMWPE Desgaste Paneles Distribuidor China<\/h2>\n<p>Los paneles de uso de UHMWPE detienen las uniones y los problemas en los refugios y tolvas de carb\u00f3n. Su superficie antiadherente de baja fricci\u00f3n permite que los finos y el carb\u00f3n h\u00famedo se deslicen limpiamente; resistentes a la abrasi\u00f3n y a las influencias, a prueba de corrosi\u00f3n y silenciosos en servicio. Se suministra en planchas niveladas o en placas pretaladradas para montaje posterior atornillado. Dimensiones 1000 \u00d7 2000 y 1220 \u00d7 2440 mm, espesor 6- 100 mm, corte a medida. Alternativas antiest\u00e1ticas, ign\u00edfugas y UV. Mecanizado CNC y distribuci\u00f3n r\u00e1pida.<\/p>","protected":false},"excerpt":{"rendered":"<p>Los paneles de desgaste de UHMWPE para tolvas y vertederos de carb\u00f3n mantienen el flujo de material y evitan la formaci\u00f3n de puentes. De baja fricci\u00f3n, resistentes a la abrasi\u00f3n y al impacto, anticorrosivos y silenciosos. Se suministran como placas planas o pretaladradas, cortadas a medida. Tama\u00f1os 1000\u00d72000\/1220\u00d72440 mm, 6-100 mm de grosor. Antiest\u00e1tico, opciones FR. Proveedor chino.<\/p>","protected":false},"featured_media":915,"template":"","meta":{"_gspb_post_css":""},"product_brand":[],"product_cat":[15,22],"product_tag":[58,67,68],"class_list":{"0":"post-910","1":"product","2":"type-product","3":"status-publish","4":"has-post-thumbnail","6":"product_cat-uhmwpe-hdpe-sheets-plates","7":"product_cat-coal-bunker-limit-plates","8":"product_tag-china-supplier","9":"product_tag-coal-bunker-lining","10":"product_tag-uhmwpe-wear-panels","12":"first","13":"instock","14":"shipping-taxable","15":"product-type-simple"},"_links":{"self":[{"href":"https:\/\/uhmwpemanufacture.com\/es\/wp-json\/wp\/v2\/product\/910","targetHints":{"allow":["GET"]}}],"collection":[{"href":"https:\/\/uhmwpemanufacture.com\/es\/wp-json\/wp\/v2\/product"}],"about":[{"href":"https:\/\/uhmwpemanufacture.com\/es\/wp-json\/wp\/v2\/types\/product"}],"wp:featuredmedia":[{"embeddable":true,"href":"https:\/\/uhmwpemanufacture.com\/es\/wp-json\/wp\/v2\/media\/915"}],"wp:attachment":[{"href":"https:\/\/uhmwpemanufacture.com\/es\/wp-json\/wp\/v2\/media?parent=910"}],"wp:term":[{"taxonomy":"product_brand","embeddable":true,"href":"https:\/\/uhmwpemanufacture.com\/es\/wp-json\/wp\/v2\/product_brand?post=910"},{"taxonomy":"product_cat","embeddable":true,"href":"https:\/\/uhmwpemanufacture.com\/es\/wp-json\/wp\/v2\/product_cat?post=910"},{"taxonomy":"product_tag","embeddable":true,"href":"https:\/\/uhmwpemanufacture.com\/es\/wp-json\/wp\/v2\/product_tag?post=910"}],"curies":[{"name":"wp","href":"https:\/\/api.w.org\/{rel}","templated":true}]}}