{"id":926,"date":"2025-09-27T07:43:56","date_gmt":"2025-09-27T07:43:56","guid":{"rendered":"https:\/\/uhmwpemanufacture.com\/?post_type=product&#038;p=926"},"modified":"2025-09-27T07:43:56","modified_gmt":"2025-09-27T07:43:56","slug":"quick-mat-heavy-duty-ground-protection-road-mat-supplier","status":"publish","type":"product","link":"https:\/\/uhmwpemanufacture.com\/es\/quick-mat-heavy-duty-ground-protection-road-mat-supplier\/","title":{"rendered":"Proveedor de esteras de protecci\u00f3n del suelo Quick Mat Heavy-Duty"},"content":{"rendered":"<h2>Protecci\u00f3n de tierra de alta resistencia<\/h2>\n<p>Quick Floor covering HDPE road floor coverings desarrolla un acceso estable y antideslizante a carreteras y plataformas de trabajo. Ruby walk esparce toneladas, protege el c\u00e9sped y mantiene las plataformas en movimiento en caso de lluvia o barro. Texturas relativamente f\u00e1ciles de fijar; el lado liso se adapta a los caminos. Revestimientos de suelo pin junto con conectores de acero para detener la deriva. Ideal para edificaci\u00f3n y construcci\u00f3n, energ\u00edas, tuber\u00edas, ocasiones y dise\u00f1o paisaj\u00edstico. Ligeras, reutilizables, f\u00e1ciles de ordenar, resistentes a productos qu\u00edmicos y suficientemente fuertes para veh\u00edculos, gr\u00faas y PEMP.<\/p>","protected":false},"excerpt":{"rendered":"<div class=\"text-base my-auto mx-auto pb-10 [--thread-content-margin:--spacing(4)] thread-sm:[--thread-content-margin:--spacing(6)] thread-lg:[--thread-content-margin:--spacing(16)] px-(--thread-content-margin)\">\n<div class=\"[--thread-content-max-width:40rem] thread-lg:[--thread-content-max-width:48rem] mx-auto max-w-(--thread-content-max-width) flex-1 group\/turn-messages focus-visible:outline-hidden relative flex w-full min-w-0 flex-col agent-turn\" tabindex=\"-1\">\n<div class=\"flex max-w-full flex-col grow\">\n<div class=\"min-h-8 text-message relative flex w-full flex-col items-end gap-2 text-start break-words whitespace-normal [.text-message+&amp;]:mt-5\" dir=\"auto\" data-message-author-role=\"assistant\" data-message-id=\"45a59a3e-808d-4573-b14f-0467a5881719\" data-message-model-slug=\"gpt-5-thinking\">\n<div class=\"flex w-full flex-col gap-1 empty:hidden first:pt-[3px]\">\n<div class=\"markdown prose dark:prose-invert w-full break-words light markdown-new-styling\">\n<p data-start=\"0\" data-end=\"274\" data-is-last-node=\"\" data-is-only-node=\"\">Quick Mat HDPE ground protection mats with diamond tread create stable access roads and work pads. Non-slip, reversible, and linkable, they spread load, protect turf, and resist chemicals. Reusable, lightweight, easy to clean\u2014ideal for trucks, cranes, utilities, and events.<\/p>\n<\/div>\n<\/div>\n<\/div>\n<\/div>\n<\/div>\n<\/div>\n","protected":false},"featured_media":927,"template":"","meta":{"_gspb_post_css":""},"product_brand":[],"product_cat":[24,25],"product_tag":[72,73,74],"class_list":{"0":"post-926","1":"product","2":"type-product","3":"status-publish","4":"has-post-thumbnail","6":"product_cat-ground-protection-road-mats","7":"product_cat-quick-mats","8":"product_tag-ground-protection-mats","9":"product_tag-hdpe-road-mats","10":"product_tag-quick-mat-supplier","12":"first","13":"instock","14":"shipping-taxable","15":"product-type-simple"},"_links":{"self":[{"href":"https:\/\/uhmwpemanufacture.com\/es\/wp-json\/wp\/v2\/product\/926","targetHints":{"allow":["GET"]}}],"collection":[{"href":"https:\/\/uhmwpemanufacture.com\/es\/wp-json\/wp\/v2\/product"}],"about":[{"href":"https:\/\/uhmwpemanufacture.com\/es\/wp-json\/wp\/v2\/types\/product"}],"wp:featuredmedia":[{"embeddable":true,"href":"https:\/\/uhmwpemanufacture.com\/es\/wp-json\/wp\/v2\/media\/927"}],"wp:attachment":[{"href":"https:\/\/uhmwpemanufacture.com\/es\/wp-json\/wp\/v2\/media?parent=926"}],"wp:term":[{"taxonomy":"product_brand","embeddable":true,"href":"https:\/\/uhmwpemanufacture.com\/es\/wp-json\/wp\/v2\/product_brand?post=926"},{"taxonomy":"product_cat","embeddable":true,"href":"https:\/\/uhmwpemanufacture.com\/es\/wp-json\/wp\/v2\/product_cat?post=926"},{"taxonomy":"product_tag","embeddable":true,"href":"https:\/\/uhmwpemanufacture.com\/es\/wp-json\/wp\/v2\/product_tag?post=926"}],"curies":[{"name":"wp","href":"https:\/\/api.w.org\/{rel}","templated":true}]}}