{"id":935,"date":"2025-09-27T09:00:28","date_gmt":"2025-09-27T09:00:28","guid":{"rendered":"https:\/\/uhmwpemanufacture.com\/?post_type=product&#038;p=935"},"modified":"2025-09-27T09:00:28","modified_gmt":"2025-09-27T09:00:28","slug":"base-mat-heavy-duty-ground-protection-road-mat-supplier","status":"publish","type":"product","link":"https:\/\/uhmwpemanufacture.com\/es\/base-mat-heavy-duty-ground-protection-road-mat-supplier\/","title":{"rendered":"Base Mat Protecci\u00f3n del suelo de alta resistencia Proveedor de esteras de carretera"},"content":{"rendered":"<h2>Descripci\u00f3n general de la resistente alfombrilla base<\/h2>\n<p>Los revestimientos resistentes de base HDPE con paseo de rub\u00ed producen caminos y plataformas de trabajo ef\u00edmeros sobre c\u00e9sped, arena u hormig\u00f3n. Los paneles se relacionan con puertos de acero para desarrollar superficies firmes para carretillas elevadoras, camiones y gr\u00faas, protegiendo el c\u00e9sped y aumentando el agarre. Reutilizables, no absorbentes y f\u00e1ciles de limpiar. Disponible en negro o amarillo de alta visibilidad. Adecuadas para obras de construcci\u00f3n, eventos en estadios, accesibilidad a servicios p\u00fablicos, paisajismo y trabajos en yacimientos petrol\u00edferos.<\/p>","protected":false},"excerpt":{"rendered":"<p>Las resistentes alfombras de base de polietileno de alta densidad con banda de rodadura de diamante forman caminos y plataformas de trabajo temporales. Los conectores de acero bloquean los paneles para soportar carretillas elevadoras, camiones y gr\u00faas a la vez que protegen el c\u00e9sped, el asfalto o el hormig\u00f3n. Antideslizantes, no absorbentes, f\u00e1ciles de limpiar y reutilizables. Disponibles en negro o amarillo de alta visibilidad.<\/p>","protected":false},"featured_media":936,"template":"","meta":{"_gspb_post_css":""},"product_brand":[],"product_cat":[24,26],"product_tag":[75,72,76],"class_list":{"0":"post-935","1":"product","2":"type-product","3":"status-publish","4":"has-post-thumbnail","6":"product_cat-ground-protection-road-mats","7":"product_cat-base-mats","8":"product_tag-base-mat","9":"product_tag-ground-protection-mats","10":"product_tag-temporary-road-mats","12":"first","13":"instock","14":"shipping-taxable","15":"product-type-simple"},"_links":{"self":[{"href":"https:\/\/uhmwpemanufacture.com\/es\/wp-json\/wp\/v2\/product\/935","targetHints":{"allow":["GET"]}}],"collection":[{"href":"https:\/\/uhmwpemanufacture.com\/es\/wp-json\/wp\/v2\/product"}],"about":[{"href":"https:\/\/uhmwpemanufacture.com\/es\/wp-json\/wp\/v2\/types\/product"}],"wp:featuredmedia":[{"embeddable":true,"href":"https:\/\/uhmwpemanufacture.com\/es\/wp-json\/wp\/v2\/media\/936"}],"wp:attachment":[{"href":"https:\/\/uhmwpemanufacture.com\/es\/wp-json\/wp\/v2\/media?parent=935"}],"wp:term":[{"taxonomy":"product_brand","embeddable":true,"href":"https:\/\/uhmwpemanufacture.com\/es\/wp-json\/wp\/v2\/product_brand?post=935"},{"taxonomy":"product_cat","embeddable":true,"href":"https:\/\/uhmwpemanufacture.com\/es\/wp-json\/wp\/v2\/product_cat?post=935"},{"taxonomy":"product_tag","embeddable":true,"href":"https:\/\/uhmwpemanufacture.com\/es\/wp-json\/wp\/v2\/product_tag?post=935"}],"curies":[{"name":"wp","href":"https:\/\/api.w.org\/{rel}","templated":true}]}}