{"id":949,"date":"2025-09-27T09:18:38","date_gmt":"2025-09-27T09:18:38","guid":{"rendered":"https:\/\/uhmwpemanufacture.com\/?post_type=product&#038;p=949"},"modified":"2025-09-27T09:18:38","modified_gmt":"2025-09-27T09:18:38","slug":"amphi-mat-heavy-duty-ground-protection-road-mat-supplier","status":"publish","type":"product","link":"https:\/\/uhmwpemanufacture.com\/es\/amphi-mat-heavy-duty-ground-protection-road-mat-supplier\/","title":{"rendered":"Amphi Mat Proveedor de esteras de protecci\u00f3n del suelo de alta resistencia"},"content":{"rendered":"<h2>Seguridad en el suelo Amphi Mat<\/h2>\n<p>Los robustos revestimientos para suelos de protecci\u00f3n Amphi Mat est\u00e1n fabricados con polietileno de alta densidad (HDPE) de alta resistencia con banda de rodadura rub\u00ed para mayor agarre y seguridad. Proporcionan v\u00edas y sistemas de acceso seguros y de uso m\u00faltiple a corto plazo para maquinaria, salvaguardando el suelo, el c\u00e9sped o el hormig\u00f3n. Ligeros pero resistentes, estos revestimientos de suelo son f\u00e1ciles de montar, se enlazan firmemente y soportan toneladas pesadas. Perfectos para la construcci\u00f3n, eventos al aire libre, paisajismo y tareas industriales.<\/p>","protected":false},"excerpt":{"rendered":"<p>Las esteras de protecci\u00f3n del suelo de alta resistencia Amphi Mat est\u00e1n dise\u00f1adas para crear caminos temporales estables y plataformas de trabajo. Fabricadas en polietileno de alta densidad duradero con banda de rodadura de diamante, soportan maquinaria pesada, protegen el suelo, el c\u00e9sped y el hormig\u00f3n, y son reutilizables, f\u00e1ciles de instalar y resistentes a la intemperie para m\u00faltiples proyectos.<\/p>","protected":false},"featured_media":950,"template":"","meta":{"_gspb_post_css":""},"product_brand":[],"product_cat":[24,28],"product_tag":[78,72,79],"class_list":{"0":"post-949","1":"product","2":"type-product","3":"status-publish","4":"has-post-thumbnail","6":"product_cat-ground-protection-road-mats","7":"product_cat-amphi-mats","8":"product_tag-amphi-mat","9":"product_tag-ground-protection-mats","10":"product_tag-heavy-duty-road-mats","12":"first","13":"instock","14":"shipping-taxable","15":"product-type-simple"},"_links":{"self":[{"href":"https:\/\/uhmwpemanufacture.com\/es\/wp-json\/wp\/v2\/product\/949","targetHints":{"allow":["GET"]}}],"collection":[{"href":"https:\/\/uhmwpemanufacture.com\/es\/wp-json\/wp\/v2\/product"}],"about":[{"href":"https:\/\/uhmwpemanufacture.com\/es\/wp-json\/wp\/v2\/types\/product"}],"wp:featuredmedia":[{"embeddable":true,"href":"https:\/\/uhmwpemanufacture.com\/es\/wp-json\/wp\/v2\/media\/950"}],"wp:attachment":[{"href":"https:\/\/uhmwpemanufacture.com\/es\/wp-json\/wp\/v2\/media?parent=949"}],"wp:term":[{"taxonomy":"product_brand","embeddable":true,"href":"https:\/\/uhmwpemanufacture.com\/es\/wp-json\/wp\/v2\/product_brand?post=949"},{"taxonomy":"product_cat","embeddable":true,"href":"https:\/\/uhmwpemanufacture.com\/es\/wp-json\/wp\/v2\/product_cat?post=949"},{"taxonomy":"product_tag","embeddable":true,"href":"https:\/\/uhmwpemanufacture.com\/es\/wp-json\/wp\/v2\/product_tag?post=949"}],"curies":[{"name":"wp","href":"https:\/\/api.w.org\/{rel}","templated":true}]}}