{"id":956,"date":"2025-09-27T09:23:38","date_gmt":"2025-09-27T09:23:38","guid":{"rendered":"https:\/\/uhmwpemanufacture.com\/?post_type=product&#038;p=956"},"modified":"2025-09-27T09:23:38","modified_gmt":"2025-09-27T09:23:38","slug":"trak-mat-heavy-duty-ground-protection-road-mat-supplier","status":"publish","type":"product","link":"https:\/\/uhmwpemanufacture.com\/es\/trak-mat-heavy-duty-ground-protection-road-mat-supplier\/","title":{"rendered":"Proveedor de esteras de protecci\u00f3n del suelo Trak Mat Heavy-Duty"},"content":{"rendered":"<h2>Defensa terrestre Trak Mat<\/h2>\n<p>Las resistentes alfombrillas de protecci\u00f3n del suelo Trak Mat est\u00e1n fabricadas con polietileno de alta densidad resistente con una superficie de paso en forma de diamante para un agarre s\u00f3lido. Proporcionan v\u00edas de acceso moment\u00e1neo sin riesgos y de uso m\u00faltiple, as\u00ed como sistemas de trabajo estables para veh\u00edculos y equipos pesados. F\u00e1ciles de manejar, resistentes a la intemperie y duraderas, estas alfombrillas protegen la suciedad, el c\u00e9sped y las superficies pavimentadas. Perfectas para edificaci\u00f3n y construcci\u00f3n, energ\u00edas, eventos y proyectos de paisajismo.<\/p>","protected":false},"excerpt":{"rendered":"<p class=\"sr-only\"><span style=\"font-size: 16px;\">Las alfombras de protecci\u00f3n del suelo Trak Mat est\u00e1n fabricadas con polietileno de alta densidad (HDPE) duradero con una banda de rodadura de diamante para mayor tracci\u00f3n. Crean caminos temporales seguros y plataformas de trabajo, soportando maquinaria pesada a la vez que protegen el c\u00e9sped, el suelo o el hormig\u00f3n. Reutilizables, f\u00e1ciles de instalar e ideales para la construcci\u00f3n y eventos.<\/span><\/p>","protected":false},"featured_media":957,"template":"","meta":{"_gspb_post_css":""},"product_brand":[],"product_cat":[24,26],"product_tag":[72,79,80],"class_list":{"0":"post-956","1":"product","2":"type-product","3":"status-publish","4":"has-post-thumbnail","6":"product_cat-ground-protection-road-mats","7":"product_cat-base-mats","8":"product_tag-ground-protection-mats","9":"product_tag-heavy-duty-road-mats","10":"product_tag-trak-mat","12":"first","13":"instock","14":"shipping-taxable","15":"product-type-simple"},"_links":{"self":[{"href":"https:\/\/uhmwpemanufacture.com\/es\/wp-json\/wp\/v2\/product\/956","targetHints":{"allow":["GET"]}}],"collection":[{"href":"https:\/\/uhmwpemanufacture.com\/es\/wp-json\/wp\/v2\/product"}],"about":[{"href":"https:\/\/uhmwpemanufacture.com\/es\/wp-json\/wp\/v2\/types\/product"}],"wp:featuredmedia":[{"embeddable":true,"href":"https:\/\/uhmwpemanufacture.com\/es\/wp-json\/wp\/v2\/media\/957"}],"wp:attachment":[{"href":"https:\/\/uhmwpemanufacture.com\/es\/wp-json\/wp\/v2\/media?parent=956"}],"wp:term":[{"taxonomy":"product_brand","embeddable":true,"href":"https:\/\/uhmwpemanufacture.com\/es\/wp-json\/wp\/v2\/product_brand?post=956"},{"taxonomy":"product_cat","embeddable":true,"href":"https:\/\/uhmwpemanufacture.com\/es\/wp-json\/wp\/v2\/product_cat?post=956"},{"taxonomy":"product_tag","embeddable":true,"href":"https:\/\/uhmwpemanufacture.com\/es\/wp-json\/wp\/v2\/product_tag?post=956"}],"curies":[{"name":"wp","href":"https:\/\/api.w.org\/{rel}","templated":true}]}}