{"id":979,"date":"2025-09-27T10:09:14","date_gmt":"2025-09-27T10:09:14","guid":{"rendered":"https:\/\/uhmwpemanufacture.com\/?post_type=product&#038;p=979"},"modified":"2025-09-27T10:09:14","modified_gmt":"2025-09-27T10:09:14","slug":"engineering-plastic-sheets-custom-machined-parts-supplier","status":"publish","type":"product","link":"https:\/\/uhmwpemanufacture.com\/es\/engineering-plastic-sheets-custom-machined-parts-supplier\/","title":{"rendered":"Placas de pl\u00e1stico para ingenier\u00eda Proveedor de piezas mecanizadas a medida"},"content":{"rendered":"<h2>L\u00e1minas de pl\u00e1stico para ingenier\u00eda Distribuidor de componentes mecanizados a medida<\/h2>\n<p>Nuestras planchas de pl\u00e1stico de ingenier\u00eda se mecanizan con precisi\u00f3n en componentes resistentes y ligeros dise\u00f1ados para aplicaciones comerciales de alto rendimiento. Desde equipos, poleas y rodillos hasta abrazaderas, casquillos y espaciadores a medida, estos elementos proporcionan una magn\u00edfica resistencia al desgaste, seguridad qu\u00edmica y reducci\u00f3n del roce. Con innovadoras capacidades de mecanizado, suministramos componentes de diferentes formas, dimensiones y colores para satisfacer sus requisitos espec\u00edficos de dise\u00f1o y rendimiento. Adecuadas para los mercados de automoci\u00f3n, maquinaria, manipulaci\u00f3n de alimentos y envasado de productos, nuestras piezas de pl\u00e1stico personalizadas garantizan la eficacia y la integridad en cada proyecto.<\/p>\n<p>Atributos clave<\/p>\n<p>Gran resistencia al desgaste y a los efectos<\/p>\n<p>Dise\u00f1o ligero y flexible<\/p>\n<p>Formas y dimensiones personalizadas disponibles<\/p>\n<p>Ideal para uso comercial<\/p>","protected":false},"excerpt":{"rendered":"<p>Nuestras planchas de pl\u00e1stico de ingenier\u00eda se mecanizan con precisi\u00f3n en piezas a medida para diversas necesidades industriales. Disponibles en varios colores y formas, estos componentes duraderos garantizan solidez, resistencia al desgaste y un rendimiento fiable para maquinaria, equipos y aplicaciones de fabricaci\u00f3n.<\/p>","protected":false},"featured_media":986,"template":"","meta":{"_gspb_post_css":""},"product_brand":[],"product_cat":[34],"product_tag":[94,93,95],"class_list":{"0":"post-979","1":"product","2":"type-product","3":"status-publish","4":"has-post-thumbnail","6":"product_cat-mg-engineering-plastic-sheets","7":"product_tag-custom-machined-parts","8":"product_tag-engineering-plastic-sheets","9":"product_tag-industrial-plastic-components","11":"first","12":"instock","13":"shipping-taxable","14":"product-type-simple"},"_links":{"self":[{"href":"https:\/\/uhmwpemanufacture.com\/es\/wp-json\/wp\/v2\/product\/979","targetHints":{"allow":["GET"]}}],"collection":[{"href":"https:\/\/uhmwpemanufacture.com\/es\/wp-json\/wp\/v2\/product"}],"about":[{"href":"https:\/\/uhmwpemanufacture.com\/es\/wp-json\/wp\/v2\/types\/product"}],"wp:featuredmedia":[{"embeddable":true,"href":"https:\/\/uhmwpemanufacture.com\/es\/wp-json\/wp\/v2\/media\/986"}],"wp:attachment":[{"href":"https:\/\/uhmwpemanufacture.com\/es\/wp-json\/wp\/v2\/media?parent=979"}],"wp:term":[{"taxonomy":"product_brand","embeddable":true,"href":"https:\/\/uhmwpemanufacture.com\/es\/wp-json\/wp\/v2\/product_brand?post=979"},{"taxonomy":"product_cat","embeddable":true,"href":"https:\/\/uhmwpemanufacture.com\/es\/wp-json\/wp\/v2\/product_cat?post=979"},{"taxonomy":"product_tag","embeddable":true,"href":"https:\/\/uhmwpemanufacture.com\/es\/wp-json\/wp\/v2\/product_tag?post=979"}],"curies":[{"name":"wp","href":"https:\/\/api.w.org\/{rel}","templated":true}]}}