{"id":996,"date":"2025-09-27T11:46:47","date_gmt":"2025-09-27T11:46:47","guid":{"rendered":"https:\/\/uhmwpemanufacture.com\/?post_type=product&#038;p=996"},"modified":"2025-09-27T11:46:47","modified_gmt":"2025-09-27T11:46:47","slug":"high-density-polyethylene-board-hdpe-plastic-sheet-vendor","status":"publish","type":"product","link":"https:\/\/uhmwpemanufacture.com\/es\/high-density-polyethylene-board-hdpe-plastic-sheet-vendor\/","title":{"rendered":"Junta de polietileno de alta densidad Proveedor de l\u00e1minas de pl\u00e1stico HDPE"},"content":{"rendered":"<h2>Proveedor de placas de polietileno de alto espesor HDPE Plastic Sheet<\/h2>\n<p>Nuestras planchas de pl\u00e1stico de polietileno de alta densidad proporcionan fuerza, dureza y resistencia al impacto, a los productos qu\u00edmicos y a la humedad. Creadas para usos industriales, marinos y de construcci\u00f3n, estas planchas de polietileno de alta densidad ofrecen un rendimiento excepcional en aplicaciones de exterior e interior. Ligeras pero resistentes, son muy f\u00e1ciles de mecanizar, cortar y moldear para realizar tareas a medida. Disponibles en numerosos colores, como blanco, azul y negro, estas planchas de polietileno de alta densidad se utilizan ampliamente para revestimientos, paneles reductores, barreras protectoras y fabricaci\u00f3n. Sus propiedades no t\u00f3xicas y respetuosas con el medio ambiente en entornos residenciales o comerciales las hacen inocuas para el contacto con alimentos y para atm\u00f3sferas populares de uso prolongado.<\/p>","protected":false},"excerpt":{"rendered":"<p>Las planchas de polietileno de alta densidad ofrecen durabilidad, resistencia a los impactos y versatilidad para uso industrial, marino y en la construcci\u00f3n. Estas planchas de pl\u00e1stico HDPE son f\u00e1ciles de mecanizar, resistentes a la humedad y est\u00e1n disponibles en varios colores, lo que las hace ideales para revestimientos, barreras y fabricaci\u00f3n personalizada.<\/p>","protected":false},"featured_media":999,"template":"","meta":{"_gspb_post_css":""},"product_brand":[],"product_cat":[15,19],"product_tag":[99,101,100],"class_list":{"0":"post-996","1":"product","2":"type-product","3":"status-publish","4":"has-post-thumbnail","6":"product_cat-uhmwpe-hdpe-sheets-plates","7":"product_cat-lead-boron-polyethylene-plates","8":"product_tag-hdpe-board","9":"product_tag-plastic-sheet-supplie","10":"product_tag-polyethylene-sheet","12":"first","13":"instock","14":"shipping-taxable","15":"product-type-simple"},"_links":{"self":[{"href":"https:\/\/uhmwpemanufacture.com\/es\/wp-json\/wp\/v2\/product\/996","targetHints":{"allow":["GET"]}}],"collection":[{"href":"https:\/\/uhmwpemanufacture.com\/es\/wp-json\/wp\/v2\/product"}],"about":[{"href":"https:\/\/uhmwpemanufacture.com\/es\/wp-json\/wp\/v2\/types\/product"}],"wp:featuredmedia":[{"embeddable":true,"href":"https:\/\/uhmwpemanufacture.com\/es\/wp-json\/wp\/v2\/media\/999"}],"wp:attachment":[{"href":"https:\/\/uhmwpemanufacture.com\/es\/wp-json\/wp\/v2\/media?parent=996"}],"wp:term":[{"taxonomy":"product_brand","embeddable":true,"href":"https:\/\/uhmwpemanufacture.com\/es\/wp-json\/wp\/v2\/product_brand?post=996"},{"taxonomy":"product_cat","embeddable":true,"href":"https:\/\/uhmwpemanufacture.com\/es\/wp-json\/wp\/v2\/product_cat?post=996"},{"taxonomy":"product_tag","embeddable":true,"href":"https:\/\/uhmwpemanufacture.com\/es\/wp-json\/wp\/v2\/product_tag?post=996"}],"curies":[{"name":"wp","href":"https:\/\/api.w.org\/{rel}","templated":true}]}}