{"id":1002,"date":"2025-09-28T01:32:08","date_gmt":"2025-09-28T01:32:08","guid":{"rendered":"https:\/\/uhmwpemanufacture.com\/?post_type=product&#038;p=1002"},"modified":"2025-09-28T01:32:08","modified_gmt":"2025-09-28T01:32:08","slug":"impact-resistant-nylon-plate-tough-polyamide-sheet-supplier","status":"publish","type":"product","link":"https:\/\/uhmwpemanufacture.com\/fr\/impact-resistant-nylon-plate-tough-polyamide-sheet-supplier\/","title":{"rendered":"Plaque de nylon r\u00e9sistante aux chocs Plaque de polyamide r\u00e9sistant Fournisseur"},"content":{"rendered":"<h2>Plaque en nylon r\u00e9sistant aux chocs pour applications industrielles<\/h2>\n<p>Nos plaques de nylon r\u00e9sistantes aux chocs sont fabriqu\u00e9es \u00e0 partir d'un mat\u00e9riau polyamide difficile, ce qui leur conf\u00e8re une endurance, une r\u00e9sistance \u00e0 l'usure et une durabilit\u00e9 sup\u00e9rieures pour les atmosph\u00e8res exigeantes. Ces plaques pr\u00e9sentent une absorption d'influence exceptionnelle, un frottement r\u00e9duit et une grande r\u00e9sistance \u00e0 la traction, ce qui les rend excellentes pour les \u00e9quipements, les bagues, les roulements et les pi\u00e8ces structurelles. Insensibles \u00e0 l'abrasion, aux produits chimiques et \u00e0 l'humidit\u00e9, les plaques de nylon conservent une efficacit\u00e9 constante m\u00eame sous de lourdes charges. Disponibles dans de nombreuses \u00e9paisseurs et couleurs, elles sont largement utilis\u00e9es dans les march\u00e9s de l'automobile, de la machinerie, du b\u00e2timent et de la construction. En tant que fournisseur r\u00e9put\u00e9, nous garantissons des produits de qualit\u00e9 sup\u00e9rieure avec une efficacit\u00e9 constante pour une utilisation \u00e0 long terme.<\/p>","protected":false},"excerpt":{"rendered":"<p>Les plaques de nylon r\u00e9sistantes aux chocs, fabriqu\u00e9es \u00e0 partir de polyamide robuste, offrent une excellente solidit\u00e9, une r\u00e9sistance \u00e0 l'usure et une grande durabilit\u00e9. Id\u00e9ales pour les engrenages, les bagues, les roulements et les pi\u00e8ces structurelles, elles r\u00e9sistent bien aux charges lourdes et \u00e0 l'abrasion, \u00e0 l'humidit\u00e9 et aux produits chimiques pour une utilisation industrielle de longue dur\u00e9e.<\/p>","protected":false},"featured_media":1013,"template":"","meta":{"_gspb_post_css":""},"product_brand":[],"product_cat":[23],"product_tag":[107,105,106],"class_list":{"0":"post-1002","1":"product","2":"type-product","3":"status-publish","4":"has-post-thumbnail","6":"product_cat-nylon-sheets","7":"product_tag-impact-resistant-plastic","8":"product_tag-nylon-plate","9":"product_tag-polyamide-sheet","11":"first","12":"instock","13":"shipping-taxable","14":"product-type-simple"},"_links":{"self":[{"href":"https:\/\/uhmwpemanufacture.com\/fr\/wp-json\/wp\/v2\/product\/1002","targetHints":{"allow":["GET"]}}],"collection":[{"href":"https:\/\/uhmwpemanufacture.com\/fr\/wp-json\/wp\/v2\/product"}],"about":[{"href":"https:\/\/uhmwpemanufacture.com\/fr\/wp-json\/wp\/v2\/types\/product"}],"wp:featuredmedia":[{"embeddable":true,"href":"https:\/\/uhmwpemanufacture.com\/fr\/wp-json\/wp\/v2\/media\/1013"}],"wp:attachment":[{"href":"https:\/\/uhmwpemanufacture.com\/fr\/wp-json\/wp\/v2\/media?parent=1002"}],"wp:term":[{"taxonomy":"product_brand","embeddable":true,"href":"https:\/\/uhmwpemanufacture.com\/fr\/wp-json\/wp\/v2\/product_brand?post=1002"},{"taxonomy":"product_cat","embeddable":true,"href":"https:\/\/uhmwpemanufacture.com\/fr\/wp-json\/wp\/v2\/product_cat?post=1002"},{"taxonomy":"product_tag","embeddable":true,"href":"https:\/\/uhmwpemanufacture.com\/fr\/wp-json\/wp\/v2\/product_tag?post=1002"}],"curies":[{"name":"wp","href":"https:\/\/api.w.org\/{rel}","templated":true}]}}