{"id":1003,"date":"2025-09-28T01:26:07","date_gmt":"2025-09-28T01:26:07","guid":{"rendered":"https:\/\/uhmwpemanufacture.com\/?post_type=product&#038;p=1003"},"modified":"2025-09-28T01:29:32","modified_gmt":"2025-09-28T01:29:32","slug":"heavy-duty-crane-uhmwpe-outrigger-pad-jack-stabilizer-dealer","status":"publish","type":"product","link":"https:\/\/uhmwpemanufacture.com\/fr\/heavy-duty-crane-uhmwpe-outrigger-pad-jack-stabilizer-dealer\/","title":{"rendered":"Stabilisateur de grue robuste Uhmwpe Outrigger Pad Jack Stabilizer Dealer"},"content":{"rendered":"<h2>Coussinets de balancier en UHMWPE tr\u00e8s r\u00e9sistants pour la stabilit\u00e9 de la grue<\/h2>\n<p>Ces robustes patins de grue en UHMWPE offrent un support au sol exceptionnel et une bonne circulation pour les grues, les crics et les \u00e9quipements lourds. D\u00e9velopp\u00e9s \u00e0 partir d'un mat\u00e9riau UHMWPE \u00e0 haute r\u00e9sistance, ces tampons sont l\u00e9gers mais tr\u00e8s r\u00e9sistants, insensibles \u00e0 la rupture, \u00e0 la flexion et \u00e0 l'absorption de l'humidit\u00e9. La forme carr\u00e9e et la surface distinctive garantissent un placement prot\u00e9g\u00e9, tandis que les poign\u00e9es de transport rouges facilitent le transport et la mise en place. Id\u00e9ales pour les chantiers de construction, les op\u00e9rations de levage et l'utilisation industrielle, ces plaques de stabilisation prot\u00e8gent le sol et am\u00e9liorent la s\u00e9curit\u00e9, garantissant des performances fiables sous des tonnes lourdes.<\/p>","protected":false},"excerpt":{"rendered":"<p>Les tampons stabilisateurs en UHMWPE tr\u00e8s r\u00e9sistants fournissent un support au sol solide pour les grues, les crics et les \u00e9quipements lourds. Avec leur conception l\u00e9g\u00e8re, leur capacit\u00e9 de charge \u00e9lev\u00e9e et leurs poign\u00e9es rouges pour faciliter le transport, ces plaques stabilisatrices assurent des op\u00e9rations de levage s\u00fbres et stables dans les secteurs de la construction et de l'industrie.<\/p>","protected":false},"featured_media":1007,"template":"","meta":{"_gspb_post_css":""},"product_brand":[],"product_cat":[15,20],"product_tag":[103,104,102],"class_list":{"0":"post-1003","1":"product","2":"type-product","3":"status-publish","4":"has-post-thumbnail","6":"product_cat-uhmwpe-hdpe-sheets-plates","7":"product_cat-crane-outrigger-pads","8":"product_tag-crane-stabilizer-pad","9":"product_tag-heavy-duty-jack-pad","10":"product_tag-uhmwpe-outrigger-pad","12":"first","13":"instock","14":"shipping-taxable","15":"product-type-simple"},"_links":{"self":[{"href":"https:\/\/uhmwpemanufacture.com\/fr\/wp-json\/wp\/v2\/product\/1003","targetHints":{"allow":["GET"]}}],"collection":[{"href":"https:\/\/uhmwpemanufacture.com\/fr\/wp-json\/wp\/v2\/product"}],"about":[{"href":"https:\/\/uhmwpemanufacture.com\/fr\/wp-json\/wp\/v2\/types\/product"}],"wp:featuredmedia":[{"embeddable":true,"href":"https:\/\/uhmwpemanufacture.com\/fr\/wp-json\/wp\/v2\/media\/1007"}],"wp:attachment":[{"href":"https:\/\/uhmwpemanufacture.com\/fr\/wp-json\/wp\/v2\/media?parent=1003"}],"wp:term":[{"taxonomy":"product_brand","embeddable":true,"href":"https:\/\/uhmwpemanufacture.com\/fr\/wp-json\/wp\/v2\/product_brand?post=1003"},{"taxonomy":"product_cat","embeddable":true,"href":"https:\/\/uhmwpemanufacture.com\/fr\/wp-json\/wp\/v2\/product_cat?post=1003"},{"taxonomy":"product_tag","embeddable":true,"href":"https:\/\/uhmwpemanufacture.com\/fr\/wp-json\/wp\/v2\/product_tag?post=1003"}],"curies":[{"name":"wp","href":"https:\/\/api.w.org\/{rel}","templated":true}]}}