{"id":1017,"date":"2025-09-28T01:37:24","date_gmt":"2025-09-28T01:37:24","guid":{"rendered":"https:\/\/uhmwpemanufacture.com\/?post_type=product&#038;p=1017"},"modified":"2025-09-28T01:37:24","modified_gmt":"2025-09-28T01:37:24","slug":"corrosion-resistant-coal-hopper-liner-plate-manufacturers","status":"publish","type":"product","link":"https:\/\/uhmwpemanufacture.com\/fr\/corrosion-resistant-coal-hopper-liner-plate-manufacturers\/","title":{"rendered":"Plaque de rev\u00eatement de tr\u00e9mie de charbon r\u00e9sistante \u00e0 la corrosion Fabricants"},"content":{"rendered":"<h2>Plaque de rev\u00eatement de tr\u00e9mie \u00e0 charbon r\u00e9sistante \u00e0 la corrosion<\/h2>\n<p>Nos plaques de rev\u00eatement de tr\u00e9mie \u00e0 charbon r\u00e9sistantes \u00e0 la d\u00e9t\u00e9rioration sont con\u00e7ues pour prot\u00e9ger les tr\u00e9mies, les goulottes et les bacs contre l'usure, les chocs et la corrosion chimique dans des atmosph\u00e8res difficiles. Fabriqu\u00e9es avec des produits \u00e0 haute r\u00e9sistance, ces plaques prolongent la dur\u00e9e de vie des dispositifs, minimisent les temps d'arr\u00eat et r\u00e9duisent les co\u00fbts d'entretien. La surface lisse r\u00e9duit l'adh\u00e9rence des produits, ce qui garantit un \u00e9coulement fiable du charbon et des produits de masse. Parfaites pour les centrales nucl\u00e9aires, les mines et les secteurs lourds, ces plaques de rev\u00eatement sont disponibles en diff\u00e9rentes tailles et densit\u00e9s pour r\u00e9pondre aux exigences des t\u00e2ches particuli\u00e8res. En tant que fabricants fiables, nous fournissons des services durables et r\u00e9sistants pour la s\u00e9curit\u00e9 industrielle.<\/p>","protected":false},"excerpt":{"rendered":"<p>Les plaques de rev\u00eatement de tr\u00e9mie \u00e0 charbon r\u00e9sistantes \u00e0 la corrosion offrent une protection durable contre l'usure, les chocs et les dommages chimiques. Avec une surface lisse pour un meilleur \u00e9coulement, elles prolongent la dur\u00e9e de vie des \u00e9quipements, r\u00e9duisent les temps d'arr\u00eat et am\u00e9liorent l'efficacit\u00e9 dans les mines, les centrales \u00e9lectriques et les industries de manutention de mat\u00e9riaux en vrac.<\/p>","protected":false},"featured_media":1020,"template":"","meta":{"_gspb_post_css":""},"product_brand":[],"product_cat":[15,22],"product_tag":[108,109,110],"class_list":{"0":"post-1017","1":"product","2":"type-product","3":"status-publish","4":"has-post-thumbnail","6":"product_cat-uhmwpe-hdpe-sheets-plates","7":"product_cat-coal-bunker-limit-plates","8":"product_tag-coal-hopper-liner","9":"product_tag-corrosion-resistant-plate","10":"product_tag-wear-resistant-liner","12":"first","13":"instock","14":"shipping-taxable","15":"product-type-simple"},"_links":{"self":[{"href":"https:\/\/uhmwpemanufacture.com\/fr\/wp-json\/wp\/v2\/product\/1017","targetHints":{"allow":["GET"]}}],"collection":[{"href":"https:\/\/uhmwpemanufacture.com\/fr\/wp-json\/wp\/v2\/product"}],"about":[{"href":"https:\/\/uhmwpemanufacture.com\/fr\/wp-json\/wp\/v2\/types\/product"}],"wp:featuredmedia":[{"embeddable":true,"href":"https:\/\/uhmwpemanufacture.com\/fr\/wp-json\/wp\/v2\/media\/1020"}],"wp:attachment":[{"href":"https:\/\/uhmwpemanufacture.com\/fr\/wp-json\/wp\/v2\/media?parent=1017"}],"wp:term":[{"taxonomy":"product_brand","embeddable":true,"href":"https:\/\/uhmwpemanufacture.com\/fr\/wp-json\/wp\/v2\/product_brand?post=1017"},{"taxonomy":"product_cat","embeddable":true,"href":"https:\/\/uhmwpemanufacture.com\/fr\/wp-json\/wp\/v2\/product_cat?post=1017"},{"taxonomy":"product_tag","embeddable":true,"href":"https:\/\/uhmwpemanufacture.com\/fr\/wp-json\/wp\/v2\/product_tag?post=1017"}],"curies":[{"name":"wp","href":"https:\/\/api.w.org\/{rel}","templated":true}]}}