{"id":1025,"date":"2025-09-28T01:41:13","date_gmt":"2025-09-28T01:41:13","guid":{"rendered":"https:\/\/uhmwpemanufacture.com\/?post_type=product&#038;p=1025"},"modified":"2025-09-28T01:41:13","modified_gmt":"2025-09-28T01:41:13","slug":"custom-hdpe-sheets-high-strength-low-moisture-absorption","status":"publish","type":"product","link":"https:\/\/uhmwpemanufacture.com\/fr\/custom-hdpe-sheets-high-strength-low-moisture-absorption\/","title":{"rendered":"Feuilles PEHD sur mesure Haute r\u00e9sistance Faible absorption d'humidit\u00e9"},"content":{"rendered":"<h2>Feuilles PEHD sur mesure pour applications industrielles<\/h2>\n<p>Nos feuilles de PEHD sur mesure sont con\u00e7ues pour offrir une grande r\u00e9sistance et une robustesse exceptionnelle, ce qui les rend adapt\u00e9es \u00e0 une large gamme d'utilisations industrielles et artisanales. Gr\u00e2ce \u00e0 leur faible absorption d'humidit\u00e9, ces feuilles r\u00e9sistent \u00e0 la flexion, au gonflement et \u00e0 la destruction, m\u00eame dans des conditions humides ou mouill\u00e9es. Leur surface lisse garantit un nettoyage facile et une excellente r\u00e9sistance aux produits chimiques, aux influences et \u00e0 l'abrasion. Adapt\u00e9es pour r\u00e9duire les panneaux, les rev\u00eatements, les structures marines et les composants de machines, les feuilles HDPE offrent des performances durables. Disponibles dans des dimensions, des \u00e9paisseurs et des teintes personnalisables, elles offrent des services adaptables \u00e0 des applications vari\u00e9es o\u00f9 l'int\u00e9grit\u00e9 et la s\u00e9curit\u00e9 sont essentielles.<\/p>","protected":false},"excerpt":{"rendered":"<p style=\"text-align: left;\">Les feuilles de PEHD personnalis\u00e9es offrent une grande solidit\u00e9, une grande durabilit\u00e9 et une faible absorption de l'humidit\u00e9, ce qui les rend r\u00e9sistantes au gauchissement et aux dommages chimiques. Id\u00e9ales pour les rev\u00eatements, les utilisations marines, les planches \u00e0 d\u00e9couper et les pi\u00e8ces industrielles, ces feuilles offrent des performances durables avec des tailles, des \u00e9paisseurs et des couleurs personnalisables.<\/p>","protected":false},"featured_media":1031,"template":"","meta":{"_gspb_post_css":""},"product_brand":[],"product_cat":[15,18],"product_tag":[111,59,112],"class_list":{"0":"post-1025","1":"product","2":"type-product","3":"status-publish","4":"has-post-thumbnail","6":"product_cat-uhmwpe-hdpe-sheets-plates","7":"product_cat-hdpe-sheets","8":"product_tag-custom-plastic-sheet","9":"product_tag-hdpe-sheet","10":"product_tag-industrial-plastic-material","12":"first","13":"instock","14":"shipping-taxable","15":"product-type-simple"},"_links":{"self":[{"href":"https:\/\/uhmwpemanufacture.com\/fr\/wp-json\/wp\/v2\/product\/1025","targetHints":{"allow":["GET"]}}],"collection":[{"href":"https:\/\/uhmwpemanufacture.com\/fr\/wp-json\/wp\/v2\/product"}],"about":[{"href":"https:\/\/uhmwpemanufacture.com\/fr\/wp-json\/wp\/v2\/types\/product"}],"wp:featuredmedia":[{"embeddable":true,"href":"https:\/\/uhmwpemanufacture.com\/fr\/wp-json\/wp\/v2\/media\/1031"}],"wp:attachment":[{"href":"https:\/\/uhmwpemanufacture.com\/fr\/wp-json\/wp\/v2\/media?parent=1025"}],"wp:term":[{"taxonomy":"product_brand","embeddable":true,"href":"https:\/\/uhmwpemanufacture.com\/fr\/wp-json\/wp\/v2\/product_brand?post=1025"},{"taxonomy":"product_cat","embeddable":true,"href":"https:\/\/uhmwpemanufacture.com\/fr\/wp-json\/wp\/v2\/product_cat?post=1025"},{"taxonomy":"product_tag","embeddable":true,"href":"https:\/\/uhmwpemanufacture.com\/fr\/wp-json\/wp\/v2\/product_tag?post=1025"}],"curies":[{"name":"wp","href":"https:\/\/api.w.org\/{rel}","templated":true}]}}