{"id":1034,"date":"2025-09-28T01:53:59","date_gmt":"2025-09-28T01:53:59","guid":{"rendered":"https:\/\/uhmwpemanufacture.com\/?post_type=product&#038;p=1034"},"modified":"2025-09-28T07:52:15","modified_gmt":"2025-09-28T07:52:15","slug":"customized-uhmwpe-crane-stacker-cribbing-blocks-wholesaler","status":"publish","type":"product","link":"https:\/\/uhmwpemanufacture.com\/fr\/customized-uhmwpe-crane-stacker-cribbing-blocks-wholesaler\/","title":{"rendered":"UHMWPE Customized Crane Stacker Cribbing Blocks Wholesaler (en anglais)"},"content":{"rendered":"<h2>Blocs d'encastrement pour grues et gerbeurs en UHMWPE sur mesure<\/h2>\n<p>Nos blocs de criblage pour grues et gerbeurs en UHMWPE sont con\u00e7us pour offrir un soutien et une stabilit\u00e9 exceptionnels pour les grues, les outils lourds et les proc\u00e9dures de levage. Fabriqu\u00e9s en poly\u00e9thyl\u00e8ne \u00e0 ultra-haut poids mol\u00e9culaire, ces blocs sont l\u00e9gers, r\u00e9silients et r\u00e9sistants \u00e0 l'eau, aux produits chimiques et \u00e0 la d\u00e9t\u00e9rioration. Leur grande r\u00e9sistance aux chocs garantit une longue dur\u00e9e de vie, tandis que leur conception non conductrice renforce la s\u00e9curit\u00e9 sur les sites de travail. La couleur jaune intense accro\u00eet la visibilit\u00e9 et les dispositifs int\u00e9gr\u00e9s facilitent l'entretien et l'empilage. Id\u00e9ales pour la construction, l'exploitation mini\u00e8re et les applications industrielles, ces cribles sont fiables, \u00e0 usage multiple et con\u00e7ues pour des performances \u00e9lev\u00e9es.<\/p>","protected":false},"excerpt":{"rendered":"<p>Les blocs de criblage UHMWPE personnalis\u00e9s pour grues et gerbeurs offrent un support solide, stable et l\u00e9ger pour les \u00e9quipements lourds. R\u00e9sistants \u00e0 l'eau, aux produits chimiques et \u00e0 la corrosion, ces blocs durables se caract\u00e9risent par une grande r\u00e9sistance aux chocs, une visibilit\u00e9 en jaune vif et une manipulation ais\u00e9e pour des op\u00e9rations de levage s\u00fbres et efficaces.<\/p>","protected":false},"featured_media":1040,"template":"","meta":{"_gspb_post_css":""},"product_brand":[],"product_cat":[15,21],"product_tag":[114,115,113],"class_list":{"0":"post-1034","1":"product","2":"type-product","3":"status-publish","4":"has-post-thumbnail","6":"product_cat-uhmwpe-hdpe-sheets-plates","7":"product_cat-uhmwpe-fender-pads","8":"product_tag-crane-stacker-blocks","9":"product_tag-heavy-equipment-stabilizer","10":"product_tag-uhmwpe-cribbing-blocks","12":"first","13":"instock","14":"shipping-taxable","15":"product-type-simple"},"_links":{"self":[{"href":"https:\/\/uhmwpemanufacture.com\/fr\/wp-json\/wp\/v2\/product\/1034","targetHints":{"allow":["GET"]}}],"collection":[{"href":"https:\/\/uhmwpemanufacture.com\/fr\/wp-json\/wp\/v2\/product"}],"about":[{"href":"https:\/\/uhmwpemanufacture.com\/fr\/wp-json\/wp\/v2\/types\/product"}],"wp:featuredmedia":[{"embeddable":true,"href":"https:\/\/uhmwpemanufacture.com\/fr\/wp-json\/wp\/v2\/media\/1040"}],"wp:attachment":[{"href":"https:\/\/uhmwpemanufacture.com\/fr\/wp-json\/wp\/v2\/media?parent=1034"}],"wp:term":[{"taxonomy":"product_brand","embeddable":true,"href":"https:\/\/uhmwpemanufacture.com\/fr\/wp-json\/wp\/v2\/product_brand?post=1034"},{"taxonomy":"product_cat","embeddable":true,"href":"https:\/\/uhmwpemanufacture.com\/fr\/wp-json\/wp\/v2\/product_cat?post=1034"},{"taxonomy":"product_tag","embeddable":true,"href":"https:\/\/uhmwpemanufacture.com\/fr\/wp-json\/wp\/v2\/product_tag?post=1034"}],"curies":[{"name":"wp","href":"https:\/\/api.w.org\/{rel}","templated":true}]}}