{"id":1043,"date":"2025-09-28T02:23:52","date_gmt":"2025-09-28T02:23:52","guid":{"rendered":"https:\/\/uhmwpemanufacture.com\/?post_type=product&#038;p=1043"},"modified":"2025-09-28T02:23:52","modified_gmt":"2025-09-28T02:23:52","slug":"uhmwpe-sheet-custom-cutting-cnc-packaging-included-vendor","status":"publish","type":"product","link":"https:\/\/uhmwpemanufacture.com\/fr\/uhmwpe-sheet-custom-cutting-cnc-packaging-included-vendor\/","title":{"rendered":"Feuilles d'UHMWPE D\u00e9coupe sur mesure Emballage CNC inclus Vendeur"},"content":{"rendered":"<h2>Feuilles d'UHMWPE avec r\u00e9duction personnalis\u00e9e et services CNC<\/h2>\n<p>Nos feuilles d'UHMWPE sont con\u00e7ues pour offrir une durabilit\u00e9 sup\u00e9rieure, une r\u00e9sistance aux chocs et une friction r\u00e9duite, ce qui les rend adapt\u00e9es aux applications industrielles. Gr\u00e2ce aux services de d\u00e9coupe CNC personnalis\u00e9s disponibles, ces feuilles peuvent \u00eatre form\u00e9es avec pr\u00e9cision pour r\u00e9pondre \u00e0 vos demandes pr\u00e9cises, qu'il s'agisse de pi\u00e8ces d'\u00e9quipement, de rev\u00eatements ou d'options d'emballage de produits. Le produit offre une excellente r\u00e9sistance chimique, une protection contre l'humidit\u00e9 et une longue dur\u00e9e de vie, m\u00eame dans des conditions difficiles. Disponibles en plusieurs teintes et dimensions, ces feuilles d'UHMWPE sont fournies avec l'emballage du produit pour une livraison s\u00e9curis\u00e9e. En tant que fournisseur fiable, nous assurons des produits de qualit\u00e9 sup\u00e9rieure adapt\u00e9s aux industries de la conception, de la construction et de la production.<\/p>","protected":false},"excerpt":{"rendered":"<p>Les feuilles d'UHMWPE se caract\u00e9risent par une grande durabilit\u00e9, une faible friction et une r\u00e9sistance aux chocs, ce qui les rend id\u00e9ales pour un usage industriel. Gr\u00e2ce \u00e0 la d\u00e9coupe CNC sur mesure et \u00e0 l'emballage s\u00e9curis\u00e9, ces feuilles sont fournies en diff\u00e9rentes couleurs et tailles, offrant des performances fiables pour les pi\u00e8ces de machines, les rev\u00eatements et les besoins de construction.<\/p>","protected":false},"featured_media":1045,"template":"","meta":{"_gspb_post_css":""},"product_brand":[],"product_cat":[15,17],"product_tag":[116,117,56],"class_list":{"0":"post-1043","1":"product","2":"type-product","3":"status-publish","4":"has-post-thumbnail","6":"product_cat-uhmwpe-hdpe-sheets-plates","7":"product_cat-uhmwpe-sheets","8":"product_tag-cnc-cut-plastic","9":"product_tag-industrial-plastic-sheet","10":"product_tag-uhmwpe-sheet","12":"first","13":"instock","14":"shipping-taxable","15":"product-type-simple"},"_links":{"self":[{"href":"https:\/\/uhmwpemanufacture.com\/fr\/wp-json\/wp\/v2\/product\/1043","targetHints":{"allow":["GET"]}}],"collection":[{"href":"https:\/\/uhmwpemanufacture.com\/fr\/wp-json\/wp\/v2\/product"}],"about":[{"href":"https:\/\/uhmwpemanufacture.com\/fr\/wp-json\/wp\/v2\/types\/product"}],"wp:featuredmedia":[{"embeddable":true,"href":"https:\/\/uhmwpemanufacture.com\/fr\/wp-json\/wp\/v2\/media\/1045"}],"wp:attachment":[{"href":"https:\/\/uhmwpemanufacture.com\/fr\/wp-json\/wp\/v2\/media?parent=1043"}],"wp:term":[{"taxonomy":"product_brand","embeddable":true,"href":"https:\/\/uhmwpemanufacture.com\/fr\/wp-json\/wp\/v2\/product_brand?post=1043"},{"taxonomy":"product_cat","embeddable":true,"href":"https:\/\/uhmwpemanufacture.com\/fr\/wp-json\/wp\/v2\/product_cat?post=1043"},{"taxonomy":"product_tag","embeddable":true,"href":"https:\/\/uhmwpemanufacture.com\/fr\/wp-json\/wp\/v2\/product_tag?post=1043"}],"curies":[{"name":"wp","href":"https:\/\/api.w.org\/{rel}","templated":true}]}}