{"id":1048,"date":"2025-09-28T02:35:50","date_gmt":"2025-09-28T02:35:50","guid":{"rendered":"https:\/\/uhmwpemanufacture.com\/?post_type=product&#038;p=1048"},"modified":"2025-09-28T02:35:50","modified_gmt":"2025-09-28T02:35:50","slug":"safe-trakmat-hdpe-ground-protection-and-access-mats-dealer","status":"publish","type":"product","link":"https:\/\/uhmwpemanufacture.com\/fr\/safe-trakmat-hdpe-ground-protection-and-access-mats-dealer\/","title":{"rendered":"Safe Trakmat HDPE Protection des sols et tapis d'acc\u00e8s Revendeur"},"content":{"rendered":"<h2>Safe Trakmat HDPE Tapis de d\u00e9fense des sols et d'accessibilit\u00e9<\/h2>\n<p>Nos rev\u00eatements de sol Safe Trakmat HDPE pour la protection des sols et l'acc\u00e8s \u00e0 ceux-ci sont con\u00e7us pour offrir une surface s\u00fbre et s\u00e9curis\u00e9e pour les outils lourds, les voitures et le trafic pi\u00e9tonnier. Fabriqu\u00e9s en poly\u00e9thyl\u00e8ne haute densit\u00e9, ces rev\u00eatements de sol sont durables, r\u00e9sistants aux intemp\u00e9ries et recyclables, ce qui leur conf\u00e8re une capacit\u00e9 de charge exceptionnelle sur les sols mous ou in\u00e9gaux. La surface antid\u00e9rapante distinctive am\u00e9liore l'adh\u00e9rence, r\u00e9duisant ainsi le risque d'accident, tandis que les ouvertures int\u00e9gr\u00e9es pour les mains facilitent l'entretien et l'installation. Id\u00e9aux pour les chantiers, les occasions, l'am\u00e9nagement paysager et les projets de services publics, ces rev\u00eatements de sol prot\u00e8gent le sol, minimisent les dommages et offrent une solution fiable et sans risque pour les syst\u00e8mes d'acc\u00e8s et de travail \u00e0 court terme.<\/p>","protected":false},"excerpt":{"rendered":"<p>Les tapis de protection du sol Safe Trakmat HDPE offrent des solutions d'acc\u00e8s durables et r\u00e9utilisables pour les \u00e9quipements et les v\u00e9hicules lourds. Gr\u00e2ce \u00e0 leur surface antid\u00e9rapante et \u00e0 leur facilit\u00e9 de manipulation, ils prot\u00e8gent les sols meubles ou irr\u00e9guliers pendant les travaux de construction, les \u00e9v\u00e9nements et les projets de services publics.<\/p>","protected":false},"featured_media":1049,"template":"","meta":{"_gspb_post_css":""},"product_brand":[],"product_cat":[24,33,29],"product_tag":[72,118,119],"class_list":{"0":"post-1048","1":"product","2":"type-product","3":"status-publish","4":"has-post-thumbnail","6":"product_cat-ground-protection-road-mats","7":"product_cat-floor-ball-dasher-boards","8":"product_cat-ice-rink-products","9":"product_tag-ground-protection-mats","10":"product_tag-hdpe-access-mats","11":"product_tag-trakmat-dealer","13":"first","14":"instock","15":"shipping-taxable","16":"product-type-simple"},"_links":{"self":[{"href":"https:\/\/uhmwpemanufacture.com\/fr\/wp-json\/wp\/v2\/product\/1048","targetHints":{"allow":["GET"]}}],"collection":[{"href":"https:\/\/uhmwpemanufacture.com\/fr\/wp-json\/wp\/v2\/product"}],"about":[{"href":"https:\/\/uhmwpemanufacture.com\/fr\/wp-json\/wp\/v2\/types\/product"}],"wp:featuredmedia":[{"embeddable":true,"href":"https:\/\/uhmwpemanufacture.com\/fr\/wp-json\/wp\/v2\/media\/1049"}],"wp:attachment":[{"href":"https:\/\/uhmwpemanufacture.com\/fr\/wp-json\/wp\/v2\/media?parent=1048"}],"wp:term":[{"taxonomy":"product_brand","embeddable":true,"href":"https:\/\/uhmwpemanufacture.com\/fr\/wp-json\/wp\/v2\/product_brand?post=1048"},{"taxonomy":"product_cat","embeddable":true,"href":"https:\/\/uhmwpemanufacture.com\/fr\/wp-json\/wp\/v2\/product_cat?post=1048"},{"taxonomy":"product_tag","embeddable":true,"href":"https:\/\/uhmwpemanufacture.com\/fr\/wp-json\/wp\/v2\/product_tag?post=1048"}],"curies":[{"name":"wp","href":"https:\/\/api.w.org\/{rel}","templated":true}]}}