{"id":1054,"date":"2025-09-28T02:40:40","date_gmt":"2025-09-28T02:40:40","guid":{"rendered":"https:\/\/uhmwpemanufacture.com\/?post_type=product&#038;p=1054"},"modified":"2025-09-28T02:40:40","modified_gmt":"2025-09-28T02:40:40","slug":"ground-protection-equipment-efficient-uhmwpe-quick-mats","status":"publish","type":"product","link":"https:\/\/uhmwpemanufacture.com\/fr\/ground-protection-equipment-efficient-uhmwpe-quick-mats\/","title":{"rendered":"\u00c9quipement de protection des sols Tapis rapides efficaces en UHMWPE"},"content":{"rendered":"<h2>\u00c9quipement de d\u00e9fense au sol avec tapis rapides en UHMWPE<\/h2>\n<p>Nos tapis rapides en UHMWPE sont con\u00e7us pour assurer une s\u00e9curit\u00e9 efficace au sol, en offrant une surface s\u00fbre et s\u00e9curis\u00e9e pour les v\u00e9hicules lourds, les machines et le trafic pi\u00e9tonnier. Fabriqu\u00e9s en poly\u00e9thyl\u00e8ne \u00e0 tr\u00e8s haut poids mol\u00e9culaire, ces rev\u00eatements de sol sont l\u00e9gers, durables et insensibles aux influences, \u00e0 l'eau et aux produits chimiques. Leur surface distinctive garantit une excellente traction, r\u00e9duisant ainsi les risques de glissement, tandis que leur disposition mobile et \u00e0 embo\u00eetement permet une installation et une \u00e9limination rapides. Adapt\u00e9s \u00e0 la construction, \u00e0 l'am\u00e9nagement paysager, aux \u00e9v\u00e9nements et aux t\u00e2ches \u00e9nerg\u00e9tiques, ces tapis s\u00e9curisent le gazon, le sol et les surfaces d\u00e9licates. Disponibles en plusieurs teintes et dimensions, ils constituent un rem\u00e8de fiable et recyclable pour l'accessibilit\u00e9 et la stabilit\u00e9 du sol \u00e0 court terme.<\/p>","protected":false},"excerpt":{"rendered":"<p class=\"sr-only\"><span style=\"font-size: 16px;\">Les tapis rapides en UHMWPE pour la protection des sols constituent des surfaces solides et r\u00e9utilisables pour les machines lourdes, les v\u00e9hicules et les \u00e9v\u00e9nements. Gr\u00e2ce \u00e0 leur texture antid\u00e9rapante et \u00e0 leur l\u00e9g\u00e8ret\u00e9, ils assurent un acc\u00e8s s\u00fbr et stable sur les sols mous ou irr\u00e9guliers, tout en prot\u00e9geant le sol et l'herbe.<\/span><\/p>","protected":false},"featured_media":1057,"template":"","meta":{"_gspb_post_css":""},"product_brand":[],"product_cat":[24,25],"product_tag":[122,121,120],"class_list":{"0":"post-1054","1":"product","2":"type-product","3":"status-publish","4":"has-post-thumbnail","6":"product_cat-ground-protection-road-mats","7":"product_cat-quick-mats","8":"product_tag-access-mats","9":"product_tag-ground-protection-equipment","10":"product_tag-uhmwpe-quick-mats","12":"first","13":"instock","14":"shipping-taxable","15":"product-type-simple"},"_links":{"self":[{"href":"https:\/\/uhmwpemanufacture.com\/fr\/wp-json\/wp\/v2\/product\/1054","targetHints":{"allow":["GET"]}}],"collection":[{"href":"https:\/\/uhmwpemanufacture.com\/fr\/wp-json\/wp\/v2\/product"}],"about":[{"href":"https:\/\/uhmwpemanufacture.com\/fr\/wp-json\/wp\/v2\/types\/product"}],"wp:featuredmedia":[{"embeddable":true,"href":"https:\/\/uhmwpemanufacture.com\/fr\/wp-json\/wp\/v2\/media\/1057"}],"wp:attachment":[{"href":"https:\/\/uhmwpemanufacture.com\/fr\/wp-json\/wp\/v2\/media?parent=1054"}],"wp:term":[{"taxonomy":"product_brand","embeddable":true,"href":"https:\/\/uhmwpemanufacture.com\/fr\/wp-json\/wp\/v2\/product_brand?post=1054"},{"taxonomy":"product_cat","embeddable":true,"href":"https:\/\/uhmwpemanufacture.com\/fr\/wp-json\/wp\/v2\/product_cat?post=1054"},{"taxonomy":"product_tag","embeddable":true,"href":"https:\/\/uhmwpemanufacture.com\/fr\/wp-json\/wp\/v2\/product_tag?post=1054"}],"curies":[{"name":"wp","href":"https:\/\/api.w.org\/{rel}","templated":true}]}}