{"id":1060,"date":"2025-09-28T03:11:44","date_gmt":"2025-09-28T03:11:44","guid":{"rendered":"https:\/\/uhmwpemanufacture.com\/?post_type=product&#038;p=1060"},"modified":"2025-09-28T03:11:44","modified_gmt":"2025-09-28T03:11:44","slug":"custom-molded-parts-hdpe-high-quality-plastic-injection","status":"publish","type":"product","link":"https:\/\/uhmwpemanufacture.com\/fr\/custom-molded-parts-hdpe-high-quality-plastic-injection\/","title":{"rendered":"Pi\u00e8ces moul\u00e9es sur mesure HDPE Injection plastique de haute qualit\u00e9"},"content":{"rendered":"<h2>Pi\u00e8ces moul\u00e9es en plastique HDPE sur mesure<\/h2>\n<p>Nos pi\u00e8ces form\u00e9es sur mesure sont fabriqu\u00e9es \u00e0 partir de PEHD de premi\u00e8re qualit\u00e9, en utilisant une technologie sophistiqu\u00e9e de grenaillage de plastique pour garantir l'endurance, la pr\u00e9cision et la long\u00e9vit\u00e9. Ces \u00e9l\u00e9ments sont con\u00e7us pour r\u00e9pondre \u00e0 diverses exigences industrielles, offrant une superbe r\u00e9sistance aux chocs, une absorption r\u00e9duite de l'humidit\u00e9 et une efficacit\u00e9 durable. Avec des surfaces lisses et des d\u00e9tails pr\u00e9cis, ils sont id\u00e9aux pour les applications dans les secteurs de l'automobile, des appareils \u00e9lectroniques, des machines et des produits destin\u00e9s aux clients. Disponibles dans de nombreuses formes, couleurs et tailles, nous offrons des services personnalis\u00e9s pour r\u00e9pondre aux exigences exactes des clients. En tant que fournisseur de confiance, nous fournissons des pi\u00e8ces moul\u00e9es abordables et de haute performance qui am\u00e9liorent l'efficacit\u00e9 et la qualit\u00e9 des articles.<\/p>","protected":false},"excerpt":{"rendered":"<p>Les pi\u00e8ces moul\u00e9es sur mesure en PEHD fabriqu\u00e9es par injection de plastique de haute qualit\u00e9 garantissent la pr\u00e9cision, la durabilit\u00e9 et la r\u00e9sistance aux chocs. Id\u00e9ales pour les applications automobiles, \u00e9lectroniques et industrielles, ces pi\u00e8ces sont personnalisables en termes de forme, de taille et de couleur pour r\u00e9pondre \u00e0 divers besoins de fabrication.<\/p>","protected":false},"featured_media":1064,"template":"","meta":{"_gspb_post_css":""},"product_brand":[],"product_cat":[35],"product_tag":[125,123,124],"class_list":{"0":"post-1060","1":"product","2":"type-product","3":"status-publish","4":"has-post-thumbnail","6":"product_cat-pp-pe-products","7":"product_tag-custom-plastic-parts","8":"product_tag-hdpe-molded-parts","9":"product_tag-plastic-injection-components","11":"first","12":"instock","13":"shipping-taxable","14":"product-type-simple"},"_links":{"self":[{"href":"https:\/\/uhmwpemanufacture.com\/fr\/wp-json\/wp\/v2\/product\/1060","targetHints":{"allow":["GET"]}}],"collection":[{"href":"https:\/\/uhmwpemanufacture.com\/fr\/wp-json\/wp\/v2\/product"}],"about":[{"href":"https:\/\/uhmwpemanufacture.com\/fr\/wp-json\/wp\/v2\/types\/product"}],"wp:featuredmedia":[{"embeddable":true,"href":"https:\/\/uhmwpemanufacture.com\/fr\/wp-json\/wp\/v2\/media\/1064"}],"wp:attachment":[{"href":"https:\/\/uhmwpemanufacture.com\/fr\/wp-json\/wp\/v2\/media?parent=1060"}],"wp:term":[{"taxonomy":"product_brand","embeddable":true,"href":"https:\/\/uhmwpemanufacture.com\/fr\/wp-json\/wp\/v2\/product_brand?post=1060"},{"taxonomy":"product_cat","embeddable":true,"href":"https:\/\/uhmwpemanufacture.com\/fr\/wp-json\/wp\/v2\/product_cat?post=1060"},{"taxonomy":"product_tag","embeddable":true,"href":"https:\/\/uhmwpemanufacture.com\/fr\/wp-json\/wp\/v2\/product_tag?post=1060"}],"curies":[{"name":"wp","href":"https:\/\/api.w.org\/{rel}","templated":true}]}}