{"id":1071,"date":"2025-09-28T03:20:34","date_gmt":"2025-09-28T03:20:34","guid":{"rendered":"https:\/\/uhmwpemanufacture.com\/?post_type=product&#038;p=1071"},"modified":"2025-09-28T03:20:34","modified_gmt":"2025-09-28T03:20:34","slug":"customize-uhmwpe-synthetic-ice-floor-panel-manufacturers","status":"publish","type":"product","link":"https:\/\/uhmwpemanufacture.com\/fr\/customize-uhmwpe-synthetic-ice-floor-panel-manufacturers\/","title":{"rendered":"Personnaliser le panneau de sol synth\u00e9tique en UHMWPE Fabricant de panneaux de sol en glace"},"content":{"rendered":"<h2>Personnaliser les panneaux de plancher de glace synth\u00e9tique en UHMWPE<\/h2>\n<p>Nos panneaux de glace artificielle personnalis\u00e9s en UHMWPE sont con\u00e7us pour offrir une efficacit\u00e9 de patinage lisse et r\u00e9aliste sans n\u00e9cessiter de r\u00e9frig\u00e9ration. Fabriqu\u00e9s \u00e0 partir de poly\u00e9thyl\u00e8ne \u00e0 tr\u00e8s haut poids mol\u00e9culaire, ces panneaux offrent un mouvement exceptionnel, une long\u00e9vit\u00e9 et une r\u00e9duction des frottements, ce qui les rend excellents pour les patinoires int\u00e9rieures et ext\u00e9rieures, les centres d'entra\u00eenement et les installations de loisirs. R\u00e9sistants aux intemp\u00e9ries, \u00e0 l'humidit\u00e9 et aux chocs, les panneaux garantissent une longue dur\u00e9e de vie et un entretien facile. Gr\u00e2ce \u00e0 la disposition des entrelacs et aux dimensions personnalisables, ils permettent une installation rapide et une efficacit\u00e9 s\u00fbre. En tant que fabricants sp\u00e9cialis\u00e9s, nous fournissons des solutions de glace synth\u00e9tique de premi\u00e8re qualit\u00e9, con\u00e7ues pour r\u00e9pondre aux diverses exigences en mati\u00e8re de sport et de loisirs.<\/p>","protected":false},"excerpt":{"rendered":"<p>Les panneaux de sol de glace synth\u00e9tique en UHMWPE personnalis\u00e9s offrent une glisse douce, une durabilit\u00e9 et une installation facile. Id\u00e9al pour les patinoires int\u00e9rieures et ext\u00e9rieures, les centres d'entra\u00eenement et les loisirs.<\/p>","protected":false},"featured_media":1072,"template":"","meta":{"_gspb_post_css":""},"product_brand":[],"product_cat":[29,32],"product_tag":[128,126,127],"class_list":{"0":"post-1071","1":"product","2":"type-product","3":"status-publish","4":"has-post-thumbnail","6":"product_cat-ice-rink-products","7":"product_cat-ice-synthetic-panels","8":"product_tag-ice-rink-flooring","9":"product_tag-synthetic-ice-panels","10":"product_tag-uhmwpe-ice-floor","12":"first","13":"instock","14":"shipping-taxable","15":"product-type-simple"},"_links":{"self":[{"href":"https:\/\/uhmwpemanufacture.com\/fr\/wp-json\/wp\/v2\/product\/1071","targetHints":{"allow":["GET"]}}],"collection":[{"href":"https:\/\/uhmwpemanufacture.com\/fr\/wp-json\/wp\/v2\/product"}],"about":[{"href":"https:\/\/uhmwpemanufacture.com\/fr\/wp-json\/wp\/v2\/types\/product"}],"wp:featuredmedia":[{"embeddable":true,"href":"https:\/\/uhmwpemanufacture.com\/fr\/wp-json\/wp\/v2\/media\/1072"}],"wp:attachment":[{"href":"https:\/\/uhmwpemanufacture.com\/fr\/wp-json\/wp\/v2\/media?parent=1071"}],"wp:term":[{"taxonomy":"product_brand","embeddable":true,"href":"https:\/\/uhmwpemanufacture.com\/fr\/wp-json\/wp\/v2\/product_brand?post=1071"},{"taxonomy":"product_cat","embeddable":true,"href":"https:\/\/uhmwpemanufacture.com\/fr\/wp-json\/wp\/v2\/product_cat?post=1071"},{"taxonomy":"product_tag","embeddable":true,"href":"https:\/\/uhmwpemanufacture.com\/fr\/wp-json\/wp\/v2\/product_tag?post=1071"}],"curies":[{"name":"wp","href":"https:\/\/api.w.org\/{rel}","templated":true}]}}