{"id":1078,"date":"2025-09-28T03:25:19","date_gmt":"2025-09-28T03:25:19","guid":{"rendered":"https:\/\/uhmwpemanufacture.com\/?post_type=product&#038;p=1078"},"modified":"2025-09-28T03:25:19","modified_gmt":"2025-09-28T03:25:19","slug":"uhmwpe-hockey-rink-dasher-board-ice-rink-guardrail-vendor","status":"publish","type":"product","link":"https:\/\/uhmwpemanufacture.com\/fr\/uhmwpe-hockey-rink-dasher-board-ice-rink-guardrail-vendor\/","title":{"rendered":"UHMWPE Hockey Rink Dasher Board Ice Rink Guardrail Vendor"},"content":{"rendered":"<h2>Planches et garde-corps pour patinoires de hockey en UHMWPE<\/h2>\n<p>Nos panneaux d'affichage pour patinoires de hockey en UHMWPE sont con\u00e7us pour offrir une solidit\u00e9, une s\u00e9curit\u00e9 et une r\u00e9sistance aux effets exceptionnelles pour les patinoires sp\u00e9cialis\u00e9es et de loisir. Fabriqu\u00e9s en poly\u00e9thyl\u00e8ne \u00e0 tr\u00e8s haut poids mol\u00e9culaire, ces garde-corps r\u00e9sistent aux accidents graves tout en conservant une surface lisse et non abrasive pour la s\u00e9curit\u00e9 des joueurs. La construction l\u00e9g\u00e8re mais solide permet une installation facile, tandis que les structures renforc\u00e9es en acier ou en aluminium garantissent une stabilit\u00e9 \u00e0 long terme. Con\u00e7us pour l'int\u00e9rieur et l'ext\u00e9rieur, ces panneaux r\u00e9sistent \u00e0 l'humidit\u00e9, aux rayons UV et aux chocs. En tant que fournisseur de confiance, nous fournissons des panneaux de dames et des garde-corps de qualit\u00e9 sup\u00e9rieure, personnalis\u00e9s pour une efficacit\u00e9 fiable sur la glace.<\/p>","protected":false},"excerpt":{"rendered":"<p>Les panneaux d'affichage pour patinoires de hockey en UHMWPE offrent une grande r\u00e9sistance aux chocs, une grande durabilit\u00e9 et une grande s\u00e9curit\u00e9 pour les joueurs. Con\u00e7us pour les patinoires int\u00e9rieures et ext\u00e9rieures, ils pr\u00e9sentent des surfaces lisses, des cadres robustes et une installation facile pour une performance durable de la patinoire.<\/p>","protected":false},"featured_media":1083,"template":"","meta":{"_gspb_post_css":""},"product_brand":[],"product_cat":[15],"product_tag":[81,129,130],"class_list":{"0":"post-1078","1":"product","2":"type-product","3":"status-publish","4":"has-post-thumbnail","6":"product_cat-uhmwpe-hdpe-sheets-plates","7":"product_tag-hockey-dasher-boards","8":"product_tag-ice-rink-guardrail","9":"product_tag-uhmwpe-rink-boards","11":"first","12":"instock","13":"shipping-taxable","14":"product-type-simple"},"_links":{"self":[{"href":"https:\/\/uhmwpemanufacture.com\/fr\/wp-json\/wp\/v2\/product\/1078","targetHints":{"allow":["GET"]}}],"collection":[{"href":"https:\/\/uhmwpemanufacture.com\/fr\/wp-json\/wp\/v2\/product"}],"about":[{"href":"https:\/\/uhmwpemanufacture.com\/fr\/wp-json\/wp\/v2\/types\/product"}],"wp:featuredmedia":[{"embeddable":true,"href":"https:\/\/uhmwpemanufacture.com\/fr\/wp-json\/wp\/v2\/media\/1083"}],"wp:attachment":[{"href":"https:\/\/uhmwpemanufacture.com\/fr\/wp-json\/wp\/v2\/media?parent=1078"}],"wp:term":[{"taxonomy":"product_brand","embeddable":true,"href":"https:\/\/uhmwpemanufacture.com\/fr\/wp-json\/wp\/v2\/product_brand?post=1078"},{"taxonomy":"product_cat","embeddable":true,"href":"https:\/\/uhmwpemanufacture.com\/fr\/wp-json\/wp\/v2\/product_cat?post=1078"},{"taxonomy":"product_tag","embeddable":true,"href":"https:\/\/uhmwpemanufacture.com\/fr\/wp-json\/wp\/v2\/product_tag?post=1078"}],"curies":[{"name":"wp","href":"https:\/\/api.w.org\/{rel}","templated":true}]}}