{"id":1088,"date":"2025-09-28T03:30:07","date_gmt":"2025-09-28T03:30:07","guid":{"rendered":"https:\/\/uhmwpemanufacture.com\/?post_type=product&#038;p=1088"},"modified":"2025-09-28T03:30:07","modified_gmt":"2025-09-28T03:30:07","slug":"uhmwpe-plastic-mobile-shooting-pad-ice-hockey-skill-pad","status":"publish","type":"product","link":"https:\/\/uhmwpemanufacture.com\/fr\/uhmwpe-plastic-mobile-shooting-pad-ice-hockey-skill-pad\/","title":{"rendered":"Plaque de tir mobile en plastique UHMWPE Plaque de hockey sur glace"},"content":{"rendered":"<h2>Plaque de tir mobile en plastique UHMWPE pour l'entra\u00eenement au hockey sur glace<\/h2>\n<p>Notre tapis de tir mobile en plastique UHMWPE est con\u00e7u pour reproduire la surface lisse, semblable \u00e0 la glace, n\u00e9cessaire \u00e0 une technique de hockey fiable en tout lieu. Fabriqu\u00e9 en poly\u00e9thyl\u00e8ne \u00e0 tr\u00e8s haut poids mol\u00e9culaire, il offre une r\u00e9silience, un mouvement et une r\u00e9sistance aux chocs exceptionnels, ce qui permet aux joueurs de s'entra\u00eener au tir, au maniement de la crosse et \u00e0 la passe en dehors de la patinoire. Son poids l\u00e9ger et sa poign\u00e9e int\u00e9gr\u00e9e permettent de l'emporter et de l'installer facilement pour s'entra\u00eener en d\u00e9placement. Ses propri\u00e9t\u00e9s de r\u00e9sistance aux intemp\u00e9ries garantissent une utilisation tout au long de l'ann\u00e9e \u00e0 l'int\u00e9rieur ou \u00e0 l'ext\u00e9rieur, sans contorsion ni dommages dus \u00e0 l'humidit\u00e9. Adapt\u00e9 aux d\u00e9butants, aux experts et aux entra\u00eeneurs, ce tapis d'entra\u00eenement offre une option d'entra\u00eenement mobile et de bonne r\u00e9putation.<\/p>","protected":false},"excerpt":{"rendered":"<p>Le tapis de tir mobile en plastique UHMWPE offre une surface lisse, semblable \u00e0 de la glace, pour l'entra\u00eenement au hockey. L\u00e9ger, portable et durable, il est parfait pour s'entra\u00eener au tir, \u00e0 la passe et au maniement de la crosse \u00e0 l'int\u00e9rieur ou \u00e0 l'ext\u00e9rieur.<\/p>","protected":false},"featured_media":1093,"template":"","meta":{"_gspb_post_css":""},"product_brand":[],"product_cat":[29,31],"product_tag":[131,132,133],"class_list":{"0":"post-1088","1":"product","2":"type-product","3":"status-publish","4":"has-post-thumbnail","6":"product_cat-ice-rink-products","7":"product_cat-hockey-practice-shooting-pads","8":"product_tag-hockey-shooting-pad","9":"product_tag-skill-training-board","10":"product_tag-uhmwpe-hockey-pad","12":"first","13":"instock","14":"shipping-taxable","15":"product-type-simple"},"_links":{"self":[{"href":"https:\/\/uhmwpemanufacture.com\/fr\/wp-json\/wp\/v2\/product\/1088","targetHints":{"allow":["GET"]}}],"collection":[{"href":"https:\/\/uhmwpemanufacture.com\/fr\/wp-json\/wp\/v2\/product"}],"about":[{"href":"https:\/\/uhmwpemanufacture.com\/fr\/wp-json\/wp\/v2\/types\/product"}],"wp:featuredmedia":[{"embeddable":true,"href":"https:\/\/uhmwpemanufacture.com\/fr\/wp-json\/wp\/v2\/media\/1093"}],"wp:attachment":[{"href":"https:\/\/uhmwpemanufacture.com\/fr\/wp-json\/wp\/v2\/media?parent=1088"}],"wp:term":[{"taxonomy":"product_brand","embeddable":true,"href":"https:\/\/uhmwpemanufacture.com\/fr\/wp-json\/wp\/v2\/product_brand?post=1088"},{"taxonomy":"product_cat","embeddable":true,"href":"https:\/\/uhmwpemanufacture.com\/fr\/wp-json\/wp\/v2\/product_cat?post=1088"},{"taxonomy":"product_tag","embeddable":true,"href":"https:\/\/uhmwpemanufacture.com\/fr\/wp-json\/wp\/v2\/product_tag?post=1088"}],"curies":[{"name":"wp","href":"https:\/\/api.w.org\/{rel}","templated":true}]}}