{"id":1098,"date":"2025-09-28T03:49:38","date_gmt":"2025-09-28T03:49:38","guid":{"rendered":"https:\/\/uhmwpemanufacture.com\/?post_type=product&#038;p=1098"},"modified":"2025-09-28T03:49:38","modified_gmt":"2025-09-28T03:49:38","slug":"custom-hdpe-ice-rink-hockey-dasher-board-plastic-wholesaler","status":"publish","type":"product","link":"https:\/\/uhmwpemanufacture.com\/fr\/custom-hdpe-ice-rink-hockey-dasher-board-plastic-wholesaler\/","title":{"rendered":"Plastique HDPE sur mesure pour patinoire Hockey Dasher Board Wholesaler"},"content":{"rendered":"<h2>Plaques de hockey personnalis\u00e9es en PEHD pour patinoire<\/h2>\n<p>Nos panneaux de hockey personnalis\u00e9s en PEHD sont con\u00e7us pour les patinoires professionnelles et de loisirs, et offrent une r\u00e9sistance, une robustesse et une s\u00e9curit\u00e9 de premier ordre pour les joueurs. Fabriqu\u00e9s en poly\u00e9thyl\u00e8ne haute densit\u00e9 avec une structure renforc\u00e9e, ces panneaux r\u00e9sistent aux impacts lourds tout en conservant une surface lisse et non abrasive. Les teintes brillantes et les marquages clairs assurent la pr\u00e9sence, tandis que le style modulaire permet une installation rapide et un remplacement tr\u00e8s facile. R\u00e9sistants \u00e0 l'humidit\u00e9, aux UV et aux changements de temp\u00e9rature, ces panneaux dasher fonctionnent avec pr\u00e9cision aussi bien \u00e0 l'int\u00e9rieur qu'\u00e0 l'ext\u00e9rieur. En tant que revendeur de confiance, nous fournissons des panneaux de haute qualit\u00e9 et personnalisables pour r\u00e9pondre aux diverses exigences des patinoires dans le monde entier.<\/p>","protected":false},"excerpt":{"rendered":"<p>Les panneaux de hockey sur glace en PEHD sur mesure sont solides, durables et s\u00fbrs pour les joueurs. Avec des surfaces lisses et des cadres renforc\u00e9s, elles sont id\u00e9ales pour les patinoires int\u00e9rieures et ext\u00e9rieures, offrant des performances durables et une installation facile.<\/p>","protected":false},"featured_media":1101,"template":"","meta":{"_gspb_post_css":""},"product_brand":[],"product_cat":[29,33],"product_tag":[134,136,135],"class_list":{"0":"post-1098","1":"product","2":"type-product","3":"status-publish","4":"has-post-thumbnail","6":"product_cat-ice-rink-products","7":"product_cat-floor-ball-dasher-boards","8":"product_tag-hdpe-dasher-boards","9":"product_tag-hockey-rink-wholesaler","10":"product_tag-ice-rink-boards","12":"first","13":"instock","14":"shipping-taxable","15":"product-type-simple"},"_links":{"self":[{"href":"https:\/\/uhmwpemanufacture.com\/fr\/wp-json\/wp\/v2\/product\/1098","targetHints":{"allow":["GET"]}}],"collection":[{"href":"https:\/\/uhmwpemanufacture.com\/fr\/wp-json\/wp\/v2\/product"}],"about":[{"href":"https:\/\/uhmwpemanufacture.com\/fr\/wp-json\/wp\/v2\/types\/product"}],"wp:featuredmedia":[{"embeddable":true,"href":"https:\/\/uhmwpemanufacture.com\/fr\/wp-json\/wp\/v2\/media\/1101"}],"wp:attachment":[{"href":"https:\/\/uhmwpemanufacture.com\/fr\/wp-json\/wp\/v2\/media?parent=1098"}],"wp:term":[{"taxonomy":"product_brand","embeddable":true,"href":"https:\/\/uhmwpemanufacture.com\/fr\/wp-json\/wp\/v2\/product_brand?post=1098"},{"taxonomy":"product_cat","embeddable":true,"href":"https:\/\/uhmwpemanufacture.com\/fr\/wp-json\/wp\/v2\/product_cat?post=1098"},{"taxonomy":"product_tag","embeddable":true,"href":"https:\/\/uhmwpemanufacture.com\/fr\/wp-json\/wp\/v2\/product_tag?post=1098"}],"curies":[{"name":"wp","href":"https:\/\/api.w.org\/{rel}","templated":true}]}}