{"id":1107,"date":"2025-09-28T03:54:02","date_gmt":"2025-09-28T03:54:02","guid":{"rendered":"https:\/\/uhmwpemanufacture.com\/?post_type=product&#038;p=1107"},"modified":"2025-09-28T03:54:02","modified_gmt":"2025-09-28T03:54:02","slug":"high-quality-plastic-engineering-mould-sheet-uhmwpe-product","status":"publish","type":"product","link":"https:\/\/uhmwpemanufacture.com\/fr\/high-quality-plastic-engineering-mould-sheet-uhmwpe-product\/","title":{"rendered":"Plaque de haute qualit\u00e9 pour moules d'ing\u00e9nierie en plastique UHMWPE Produit"},"content":{"rendered":"<h2>Qualit\u00e9 sup\u00e9rieure de la feuille de moule d'ing\u00e9nierie plastique UHMWPE Produit<\/h2>\n<p>Nos feuilles de moule d'ing\u00e9nierie en UHMWPE sont con\u00e7ues pour \u00eatre solides, robustes et tr\u00e8s r\u00e9sistantes \u00e0 l'usure. Avec une surface de frottement et une r\u00e9sistance aux effets faibles, ces feuilles sont largement utilis\u00e9es dans des applications industrielles telles que les syst\u00e8mes de convoyage, les \u00e9quipements d'emballage et les \u00e9l\u00e9ments d'\u00e9quipement. L'impressionnante r\u00e9sistance chimique et la longue dur\u00e9e de vie du produit en font un excellent produit pour les atmosph\u00e8res exigeantes. Disponibles en diff\u00e9rentes tailles et couleurs, les plaques peuvent \u00eatre usin\u00e9es pour r\u00e9pondre \u00e0 des exigences sp\u00e9cifiques, ce qui garantit leur fiabilit\u00e9 sur les march\u00e9s de la production et de la conception.<\/p>","protected":false},"excerpt":{"rendered":"<p>Plaques de moules techniques en plastique UHMWPE de haute qualit\u00e9 pr\u00e9sentant une r\u00e9sistance sup\u00e9rieure \u00e0 l'usure, une r\u00e9sistance aux chocs et une faible friction. Id\u00e9ales pour les pi\u00e8ces de machines, les convoyeurs et les utilisations industrielles. Taille et couleur personnalisables pour s'adapter \u00e0 des applications vari\u00e9es dans des environnements exigeants.<\/p>","protected":false},"featured_media":1108,"template":"","meta":{"_gspb_post_css":""},"product_brand":[],"product_cat":[34],"product_tag":[71,137,56],"class_list":{"0":"post-1107","1":"product","2":"type-product","3":"status-publish","4":"has-post-thumbnail","6":"product_cat-mg-engineering-plastic-sheets","7":"product_tag-engineering-plastic","8":"product_tag-mould-sheet","9":"product_tag-uhmwpe-sheet","11":"first","12":"instock","13":"shipping-taxable","14":"product-type-simple"},"_links":{"self":[{"href":"https:\/\/uhmwpemanufacture.com\/fr\/wp-json\/wp\/v2\/product\/1107","targetHints":{"allow":["GET"]}}],"collection":[{"href":"https:\/\/uhmwpemanufacture.com\/fr\/wp-json\/wp\/v2\/product"}],"about":[{"href":"https:\/\/uhmwpemanufacture.com\/fr\/wp-json\/wp\/v2\/types\/product"}],"wp:featuredmedia":[{"embeddable":true,"href":"https:\/\/uhmwpemanufacture.com\/fr\/wp-json\/wp\/v2\/media\/1108"}],"wp:attachment":[{"href":"https:\/\/uhmwpemanufacture.com\/fr\/wp-json\/wp\/v2\/media?parent=1107"}],"wp:term":[{"taxonomy":"product_brand","embeddable":true,"href":"https:\/\/uhmwpemanufacture.com\/fr\/wp-json\/wp\/v2\/product_brand?post=1107"},{"taxonomy":"product_cat","embeddable":true,"href":"https:\/\/uhmwpemanufacture.com\/fr\/wp-json\/wp\/v2\/product_cat?post=1107"},{"taxonomy":"product_tag","embeddable":true,"href":"https:\/\/uhmwpemanufacture.com\/fr\/wp-json\/wp\/v2\/product_tag?post=1107"}],"curies":[{"name":"wp","href":"https:\/\/api.w.org\/{rel}","templated":true}]}}