{"id":1116,"date":"2025-09-28T03:57:21","date_gmt":"2025-09-28T03:57:21","guid":{"rendered":"https:\/\/uhmwpemanufacture.com\/?post_type=product&#038;p=1116"},"modified":"2025-09-28T03:57:21","modified_gmt":"2025-09-28T03:57:21","slug":"custom-duty-dura-base-mats-uhmwpe-ground-protection-mat","status":"publish","type":"product","link":"https:\/\/uhmwpemanufacture.com\/fr\/custom-duty-dura-base-mats-uhmwpe-ground-protection-mat\/","title":{"rendered":"Tapis de base Dura Custom Duty Tapis de protection du sol UHMWPE"},"content":{"rendered":"<h2>Tapis de base Dura Custom Task UHMWPE Tapis de d\u00e9fense du sol<\/h2>\n<p>Les tapis UHMWPE Dura Base, con\u00e7us sur mesure, offrent une s\u00e9curit\u00e9 au sol renforc\u00e9e pour les travaux de construction, les occasions et les travaux industriels. Dot\u00e9s d'une surface textur\u00e9e durable pour une adh\u00e9rence maximale, ces rev\u00eatements de sol supportent de lourdes charges, r\u00e9duisent les contraintes au sol et \u00e9vitent d'endommager la surface. Faciles \u00e0 monter et \u00e0 utiliser, ils sont id\u00e9aux pour d\u00e9velopper des autoroutes \u00e0 court terme, des syst\u00e8mes de travail ou des parcours d'acc\u00e8s dans des atmosph\u00e8res difficiles. R\u00e9sistants aux intemp\u00e9ries, aux produits chimiques et aux chocs, ils garantissent une efficacit\u00e9 durable tout en pr\u00e9servant la s\u00e9curit\u00e9 et la stabilit\u00e9. Ils sont facilement disponibles dans des tailles et des \u00e9paisseurs personnalis\u00e9es afin de r\u00e9pondre aux diverses exigences en mati\u00e8re de d\u00e9fense au sol dans de nombreux secteurs d'activit\u00e9.<\/p>","protected":false},"excerpt":{"rendered":"<p>Les tapis Dura Base en UHMWPE offrent une protection solide du sol avec une surface textur\u00e9e pour la traction. Id\u00e9al pour les charges lourdes, les routes temporaires et les utilisations industrielles.<\/p>","protected":false},"featured_media":1118,"template":"","meta":{"_gspb_post_css":""},"product_brand":[],"product_cat":[24,27],"product_tag":[140,139,138],"class_list":{"0":"post-1116","1":"product","2":"type-product","3":"status-publish","4":"has-post-thumbnail","6":"product_cat-ground-protection-road-mats","7":"product_cat-dura-mats","8":"product_tag-dura-base-mats","9":"product_tag-ground-protection","10":"product_tag-uhmwpe-mats","12":"first","13":"instock","14":"shipping-taxable","15":"product-type-simple"},"_links":{"self":[{"href":"https:\/\/uhmwpemanufacture.com\/fr\/wp-json\/wp\/v2\/product\/1116","targetHints":{"allow":["GET"]}}],"collection":[{"href":"https:\/\/uhmwpemanufacture.com\/fr\/wp-json\/wp\/v2\/product"}],"about":[{"href":"https:\/\/uhmwpemanufacture.com\/fr\/wp-json\/wp\/v2\/types\/product"}],"wp:featuredmedia":[{"embeddable":true,"href":"https:\/\/uhmwpemanufacture.com\/fr\/wp-json\/wp\/v2\/media\/1118"}],"wp:attachment":[{"href":"https:\/\/uhmwpemanufacture.com\/fr\/wp-json\/wp\/v2\/media?parent=1116"}],"wp:term":[{"taxonomy":"product_brand","embeddable":true,"href":"https:\/\/uhmwpemanufacture.com\/fr\/wp-json\/wp\/v2\/product_brand?post=1116"},{"taxonomy":"product_cat","embeddable":true,"href":"https:\/\/uhmwpemanufacture.com\/fr\/wp-json\/wp\/v2\/product_cat?post=1116"},{"taxonomy":"product_tag","embeddable":true,"href":"https:\/\/uhmwpemanufacture.com\/fr\/wp-json\/wp\/v2\/product_tag?post=1116"}],"curies":[{"name":"wp","href":"https:\/\/api.w.org\/{rel}","templated":true}]}}