{"id":1120,"date":"2025-09-28T04:06:50","date_gmt":"2025-09-28T04:06:50","guid":{"rendered":"https:\/\/uhmwpemanufacture.com\/?post_type=product&#038;p=1120"},"modified":"2025-09-28T04:06:50","modified_gmt":"2025-09-28T04:06:50","slug":"trakmat-recycled-hdpe-ground-protection-and-access-mats","status":"publish","type":"product","link":"https:\/\/uhmwpemanufacture.com\/fr\/trakmat-recycled-hdpe-ground-protection-and-access-mats\/","title":{"rendered":"Trakmat HDPE recycl\u00e9 Tapis d'acc\u00e8s et de protection des sols"},"content":{"rendered":"<h2>Trakmat PEHD recycl\u00e9 Rev\u00eatements de sol pour la d\u00e9fense des sols et l'accessibilit\u00e9<\/h2>\n<p>Les rev\u00eatements de sol Trakmat en PEHD recycl\u00e9 sont con\u00e7us pour offrir une solution s\u00fbre, r\u00e9siliente et respectueuse de l'environnement pour les routes temporaires, l'acc\u00e8s aux sites et la stabilisation des sols. Fabriqu\u00e9s \u00e0 partir de PEHD recycl\u00e9 de haute qualit\u00e9, ces rev\u00eatements de sol sont l\u00e9gers mais incroyablement r\u00e9sistants, offrant une capacit\u00e9 de charge exceptionnelle pour les \u00e9quipements et les v\u00e9hicules lourds. Leur surface textur\u00e9e augmente la traction et r\u00e9duit le glissement dans des conditions humides ou in\u00e9gales. Con\u00e7us pour un usage r\u00e9p\u00e9t\u00e9, ils sont faciles \u00e0 installer, \u00e0 ranger et \u00e0 stocker, ce qui les rend id\u00e9aux pour les chantiers de construction, les \u00e9v\u00e9nements, l'am\u00e9nagement paysager et les projets d'utilit\u00e9 publique. Un choix \u00e9conomique et durable pour une d\u00e9fense fiable du sol.<\/p>","protected":false},"excerpt":{"rendered":"<p>Les tapis d'acc\u00e8s et de protection des sols en PEHD recycl\u00e9 Trakmat sont con\u00e7us pour offrir un support durable et respectueux de l'environnement aux machines et v\u00e9hicules lourds. Leur surface antid\u00e9rapante garantit la s\u00e9curit\u00e9 des op\u00e9rations sur les chantiers de construction, les \u00e9v\u00e9nements et les projets ext\u00e9rieurs, tout en r\u00e9duisant les dommages au sol et le compactage du sol.<\/p>","protected":false},"featured_media":1123,"template":"","meta":{"_gspb_post_css":""},"product_brand":[],"product_cat":[24,26],"product_tag":[122,72,141],"class_list":{"0":"post-1120","1":"product","2":"type-product","3":"status-publish","4":"has-post-thumbnail","6":"product_cat-ground-protection-road-mats","7":"product_cat-base-mats","8":"product_tag-access-mats","9":"product_tag-ground-protection-mats","10":"product_tag-recycled-hdpe-mats","12":"first","13":"instock","14":"shipping-taxable","15":"product-type-simple"},"_links":{"self":[{"href":"https:\/\/uhmwpemanufacture.com\/fr\/wp-json\/wp\/v2\/product\/1120","targetHints":{"allow":["GET"]}}],"collection":[{"href":"https:\/\/uhmwpemanufacture.com\/fr\/wp-json\/wp\/v2\/product"}],"about":[{"href":"https:\/\/uhmwpemanufacture.com\/fr\/wp-json\/wp\/v2\/types\/product"}],"wp:featuredmedia":[{"embeddable":true,"href":"https:\/\/uhmwpemanufacture.com\/fr\/wp-json\/wp\/v2\/media\/1123"}],"wp:attachment":[{"href":"https:\/\/uhmwpemanufacture.com\/fr\/wp-json\/wp\/v2\/media?parent=1120"}],"wp:term":[{"taxonomy":"product_brand","embeddable":true,"href":"https:\/\/uhmwpemanufacture.com\/fr\/wp-json\/wp\/v2\/product_brand?post=1120"},{"taxonomy":"product_cat","embeddable":true,"href":"https:\/\/uhmwpemanufacture.com\/fr\/wp-json\/wp\/v2\/product_cat?post=1120"},{"taxonomy":"product_tag","embeddable":true,"href":"https:\/\/uhmwpemanufacture.com\/fr\/wp-json\/wp\/v2\/product_tag?post=1120"}],"curies":[{"name":"wp","href":"https:\/\/api.w.org\/{rel}","templated":true}]}}