{"id":1126,"date":"2025-09-28T06:03:34","date_gmt":"2025-09-28T06:03:34","guid":{"rendered":"https:\/\/uhmwpemanufacture.com\/?post_type=product&#038;p=1126"},"modified":"2025-09-28T06:03:34","modified_gmt":"2025-09-28T06:03:34","slug":"custom-anti-slip-wear-resistant-uhmwpe-amphimats-vendor","status":"publish","type":"product","link":"https:\/\/uhmwpemanufacture.com\/fr\/custom-anti-slip-wear-resistant-uhmwpe-amphimats-vendor\/","title":{"rendered":"Amphimats en Uhmwpe antid\u00e9rapants et r\u00e9sistants \u00e0 l'usure Vendeur"},"content":{"rendered":"<h2>Amphimates en UHMWPE antid\u00e9rapants \u00e0 enfiler sur mesure Fournisseur<\/h2>\n<p>Ces amphimates en UHMWPE sur mesure sont con\u00e7us pour une r\u00e9silience et une s\u00e9curit\u00e9 maximales, offrant une r\u00e9sistance \u00e0 l'usure remarquable et une longue dur\u00e9e de vie. Dot\u00e9s d'une surface antid\u00e9rapante, ils constituent un support fiable pour les \u00e9quipements lourds, les voitures et les moyens d'acc\u00e8s de courte dur\u00e9e, m\u00eame dans les environnements difficiles. Leur structure l\u00e9g\u00e8re mais solide les rend tr\u00e8s faciles \u00e0 transporter et \u00e0 installer, ce qui garantit une mise en place efficace du site. Parfaits pour les sites de construction, les \u00e9v\u00e9nements en plein air et les projets d'utilit\u00e9 publique, ces rev\u00eatements de sol prot\u00e8gent le sol contre les dommages et maintiennent des conditions de travail s\u00fbres. En tant que fournisseur de confiance, nous proposons des solutions de qualit\u00e9 adapt\u00e9es \u00e0 vos besoins.<\/p>","protected":false},"excerpt":{"rendered":"<p>Les amphimates en UHMWPE con\u00e7us sur mesure et antid\u00e9rapants garantissent la r\u00e9sistance \u00e0 l'usure et la stabilit\u00e9 de l'\u00e9quipement lourd. Faciles \u00e0 installer, ils prot\u00e8gent les surfaces au sol dans les projets de construction, d'\u00e9v\u00e9nements et de services publics, tout en offrant des performances fiables \u00e0 long terme.<\/p>","protected":false},"featured_media":1127,"template":"","meta":{"_gspb_post_css":""},"product_brand":[],"product_cat":[24,28],"product_tag":[72,142,143],"class_list":{"0":"post-1126","1":"product","2":"type-product","3":"status-publish","4":"has-post-thumbnail","6":"product_cat-ground-protection-road-mats","7":"product_cat-amphi-mats","8":"product_tag-ground-protection-mats","9":"product_tag-uhmwpe-amphimats","10":"product_tag-wear-resistant-mats","12":"first","13":"instock","14":"shipping-taxable","15":"product-type-simple"},"_links":{"self":[{"href":"https:\/\/uhmwpemanufacture.com\/fr\/wp-json\/wp\/v2\/product\/1126","targetHints":{"allow":["GET"]}}],"collection":[{"href":"https:\/\/uhmwpemanufacture.com\/fr\/wp-json\/wp\/v2\/product"}],"about":[{"href":"https:\/\/uhmwpemanufacture.com\/fr\/wp-json\/wp\/v2\/types\/product"}],"wp:featuredmedia":[{"embeddable":true,"href":"https:\/\/uhmwpemanufacture.com\/fr\/wp-json\/wp\/v2\/media\/1127"}],"wp:attachment":[{"href":"https:\/\/uhmwpemanufacture.com\/fr\/wp-json\/wp\/v2\/media?parent=1126"}],"wp:term":[{"taxonomy":"product_brand","embeddable":true,"href":"https:\/\/uhmwpemanufacture.com\/fr\/wp-json\/wp\/v2\/product_brand?post=1126"},{"taxonomy":"product_cat","embeddable":true,"href":"https:\/\/uhmwpemanufacture.com\/fr\/wp-json\/wp\/v2\/product_cat?post=1126"},{"taxonomy":"product_tag","embeddable":true,"href":"https:\/\/uhmwpemanufacture.com\/fr\/wp-json\/wp\/v2\/product_tag?post=1126"}],"curies":[{"name":"wp","href":"https:\/\/api.w.org\/{rel}","templated":true}]}}