{"id":1134,"date":"2025-09-28T06:12:44","date_gmt":"2025-09-28T06:12:44","guid":{"rendered":"https:\/\/uhmwpemanufacture.com\/?post_type=product&#038;p=1134"},"modified":"2025-09-28T06:12:44","modified_gmt":"2025-09-28T06:12:44","slug":"custom-boron-uhmwpe-plastic-sheet-boron-borated-wholesaler","status":"publish","type":"product","link":"https:\/\/uhmwpemanufacture.com\/fr\/custom-boron-uhmwpe-plastic-sheet-boron-borated-wholesaler\/","title":{"rendered":"Plaque plastique en Uhmwpe au bore sur mesure Grossiste Boron Borated"},"content":{"rendered":"<h2>Plaque plastique en Uhmwpe au bore sur mesure Grossiste Boron Borated<\/h2>\n<p>Ces amphimates personnalis\u00e9s en UHMWPE sont con\u00e7us pour une durabilit\u00e9 et une s\u00e9curit\u00e9 maximales, offrant une r\u00e9sistance \u00e0 l'usure extraordinaire et une longue dur\u00e9e de vie. Dot\u00e9s d'une surface antid\u00e9rapante, ils offrent un support fiable au sol pour les \u00e9quipements lourds, les voitures et les voies d'acc\u00e8s de courte dur\u00e9e, m\u00eame dans les environnements difficiles. Leur structure \u00e0 la fois l\u00e9g\u00e8re et solide les rend tr\u00e8s faciles \u00e0 transporter et \u00e0 mettre en place, ce qui garantit un am\u00e9nagement efficace du site. Parfaits pour les sites de construction, les occasions en plein air et les t\u00e2ches \u00e9nerg\u00e9tiques, ces rev\u00eatements de sol prot\u00e8gent le sol contre les dommages et maintiennent des conditions de travail stables. En tant que fournisseur de confiance, nous fournissons des services de qualit\u00e9 sup\u00e9rieure adapt\u00e9s \u00e0 vos besoins.<\/p>","protected":false},"excerpt":{"rendered":"<p>Les amphimates en UHMWPE con\u00e7us sur mesure et antid\u00e9rapants garantissent la r\u00e9sistance \u00e0 l'usure et la stabilit\u00e9 de l'\u00e9quipement lourd. Faciles \u00e0 installer, ils prot\u00e8gent les surfaces au sol dans les projets de construction, d'\u00e9v\u00e9nements et de services publics, tout en offrant des performances fiables \u00e0 long terme.<\/p>","protected":false},"featured_media":1138,"template":"","meta":{"_gspb_post_css":""},"product_brand":[],"product_cat":[15,19],"product_tag":[72,142,143],"class_list":{"0":"post-1134","1":"product","2":"type-product","3":"status-publish","4":"has-post-thumbnail","6":"product_cat-uhmwpe-hdpe-sheets-plates","7":"product_cat-lead-boron-polyethylene-plates","8":"product_tag-ground-protection-mats","9":"product_tag-uhmwpe-amphimats","10":"product_tag-wear-resistant-mats","12":"first","13":"instock","14":"shipping-taxable","15":"product-type-simple"},"_links":{"self":[{"href":"https:\/\/uhmwpemanufacture.com\/fr\/wp-json\/wp\/v2\/product\/1134","targetHints":{"allow":["GET"]}}],"collection":[{"href":"https:\/\/uhmwpemanufacture.com\/fr\/wp-json\/wp\/v2\/product"}],"about":[{"href":"https:\/\/uhmwpemanufacture.com\/fr\/wp-json\/wp\/v2\/types\/product"}],"wp:featuredmedia":[{"embeddable":true,"href":"https:\/\/uhmwpemanufacture.com\/fr\/wp-json\/wp\/v2\/media\/1138"}],"wp:attachment":[{"href":"https:\/\/uhmwpemanufacture.com\/fr\/wp-json\/wp\/v2\/media?parent=1134"}],"wp:term":[{"taxonomy":"product_brand","embeddable":true,"href":"https:\/\/uhmwpemanufacture.com\/fr\/wp-json\/wp\/v2\/product_brand?post=1134"},{"taxonomy":"product_cat","embeddable":true,"href":"https:\/\/uhmwpemanufacture.com\/fr\/wp-json\/wp\/v2\/product_cat?post=1134"},{"taxonomy":"product_tag","embeddable":true,"href":"https:\/\/uhmwpemanufacture.com\/fr\/wp-json\/wp\/v2\/product_tag?post=1134"}],"curies":[{"name":"wp","href":"https:\/\/api.w.org\/{rel}","templated":true}]}}