{"id":1141,"date":"2025-09-28T06:16:13","date_gmt":"2025-09-28T06:16:13","guid":{"rendered":"https:\/\/uhmwpemanufacture.com\/?post_type=product&#038;p=1141"},"modified":"2025-09-28T06:16:13","modified_gmt":"2025-09-28T06:16:13","slug":"heavy-engineering-machinery-uhmwpe-plate-crane-wholesaler","status":"publish","type":"product","link":"https:\/\/uhmwpemanufacture.com\/fr\/heavy-engineering-machinery-uhmwpe-plate-crane-wholesaler\/","title":{"rendered":"Grue \u00e0 plaque en UHMWPE Grossiste en machines d'ing\u00e9nierie lourde"},"content":{"rendered":"<h2>\u00c9quipement d'ing\u00e9nierie lourde Distributeur de grues \u00e0 plaques en UHMWPE<\/h2>\n<p>Ces plaques robustes en UHMWPE sont con\u00e7ues pour les grues et les machines. Elles offrent une r\u00e9partition exceptionnelle des lots, une r\u00e9sistance \u00e0 l'utilisation et une r\u00e9silience durable. Dot\u00e9es d'une grande force d'influence et de propri\u00e9t\u00e9s r\u00e9sidentielles anticorrosion, elles garantissent la s\u00e9curit\u00e9 dans le b\u00e2timent et la construction, l'exploitation mini\u00e8re et les t\u00e2ches du secteur lourd. L\u00e9gers mais solides, ils sont faciles \u00e0 manipuler gr\u00e2ce \u00e0 leurs poign\u00e9es int\u00e9gr\u00e9es. Leur surface antiadh\u00e9sive et r\u00e9sistante aux intemp\u00e9ries permet d'obtenir de bonnes performances dans les environnements difficiles, en \u00e9vitant les dommages au sol tout en supportant des charges lourdes. Id\u00e9ales pour les sp\u00e9cialistes, les entreprises de location de mat\u00e9riel et les concessionnaires \u00e0 la recherche de solutions d'assistance au sol fiables.<\/p>","protected":false},"excerpt":{"rendered":"<p>Plaques de grue en UHMWPE pour machines d'ing\u00e9nierie lourde, con\u00e7ues pour une stabilit\u00e9 et une durabilit\u00e9 maximales. L\u00e9g\u00e8res mais solides, ces plaques r\u00e9sistent aux chocs, \u00e0 l'eau et aux produits chimiques, ce qui les rend id\u00e9ales pour les grues, les stabilisateurs et les \u00e9quipements de levage dans les environnements difficiles.<\/p>","protected":false},"featured_media":0,"template":"","meta":{"_gspb_post_css":""},"product_brand":[],"product_cat":[15,20],"product_tag":[145,146,144],"class_list":{"0":"post-1141","1":"product","2":"type-product","3":"status-publish","5":"product_cat-uhmwpe-hdpe-sheets-plates","6":"product_cat-crane-outrigger-pads","7":"product_tag-heavy-machinery-support","8":"product_tag-outrigger-mats","9":"product_tag-uhmwpe-crane-pads","11":"first","12":"instock","13":"shipping-taxable","14":"product-type-simple"},"_links":{"self":[{"href":"https:\/\/uhmwpemanufacture.com\/fr\/wp-json\/wp\/v2\/product\/1141","targetHints":{"allow":["GET"]}}],"collection":[{"href":"https:\/\/uhmwpemanufacture.com\/fr\/wp-json\/wp\/v2\/product"}],"about":[{"href":"https:\/\/uhmwpemanufacture.com\/fr\/wp-json\/wp\/v2\/types\/product"}],"wp:attachment":[{"href":"https:\/\/uhmwpemanufacture.com\/fr\/wp-json\/wp\/v2\/media?parent=1141"}],"wp:term":[{"taxonomy":"product_brand","embeddable":true,"href":"https:\/\/uhmwpemanufacture.com\/fr\/wp-json\/wp\/v2\/product_brand?post=1141"},{"taxonomy":"product_cat","embeddable":true,"href":"https:\/\/uhmwpemanufacture.com\/fr\/wp-json\/wp\/v2\/product_cat?post=1141"},{"taxonomy":"product_tag","embeddable":true,"href":"https:\/\/uhmwpemanufacture.com\/fr\/wp-json\/wp\/v2\/product_tag?post=1141"}],"curies":[{"name":"wp","href":"https:\/\/api.w.org\/{rel}","templated":true}]}}