{"id":1148,"date":"2025-09-28T06:20:59","date_gmt":"2025-09-28T06:20:59","guid":{"rendered":"https:\/\/uhmwpemanufacture.com\/?post_type=product&#038;p=1148"},"modified":"2025-09-28T06:20:59","modified_gmt":"2025-09-28T06:20:59","slug":"custom-uhmwpe-pom-hdpe-nylon-polyethylene-sheet-wholesaler","status":"publish","type":"product","link":"https:\/\/uhmwpemanufacture.com\/fr\/custom-uhmwpe-pom-hdpe-nylon-polyethylene-sheet-wholesaler\/","title":{"rendered":"Grossiste en feuilles Uhmwpe Pom Hdpe Nylon Poly\u00e9thyl\u00e8ne sur mesure"},"content":{"rendered":"<h2>Revendeur de feuilles de poly\u00e9thyl\u00e8ne de nylon Hdpe Pom Uhmwpe sur mesure<\/h2>\n<p>Nos feuilles personnalis\u00e9es en UHMWPE, POM, HDPE et nylon offrent une r\u00e9sistance \u00e0 l'usure, une r\u00e9sistance aux effets et une t\u00e9nacit\u00e9 remarquables pour une grande vari\u00e9t\u00e9 d'utilisations industrielles. Avec un frottement r\u00e9duit et une forte r\u00e9sistance chimique, ces feuilles conviennent \u00e0 la conception, \u00e0 la manipulation des aliments, aux pi\u00e8ces m\u00e9caniques et aux applications de construction et de b\u00e2timent. Disponibles dans de nombreuses dimensions et \u00e9paisseurs, elles offrent une efficacit\u00e9 fiable dans des conditions difficiles. En tant que grossiste de confiance, nous fournissons des produits de qualit\u00e9 sup\u00e9rieure \u00e0 des prix abordables et des livraisons r\u00e9guli\u00e8res pour satisfaire les exigences vari\u00e9es des clients.<\/p>","protected":false},"excerpt":{"rendered":"<p>Feuilles personnalis\u00e9es en UHMWPE, POM, HDPE, nylon et poly\u00e9thyl\u00e8ne pr\u00e9sentant une grande solidit\u00e9, une r\u00e9sistance \u00e0 l'usure et une stabilit\u00e9 chimique. Elles conviennent aux applications dans les domaines de l'ing\u00e9nierie, de la construction et de l'industrie. Propos\u00e9es en diff\u00e9rentes tailles, couleurs et \u00e9paisseurs pour r\u00e9pondre \u00e0 divers besoins de fabrication.<\/p>","protected":false},"featured_media":1151,"template":"","meta":{"_gspb_post_css":""},"product_brand":[],"product_cat":[23],"product_tag":[59,69,56],"class_list":{"0":"post-1148","1":"product","2":"type-product","3":"status-publish","4":"has-post-thumbnail","6":"product_cat-nylon-sheets","7":"product_tag-hdpe-sheet","8":"product_tag-nylon-sheet","9":"product_tag-uhmwpe-sheet","11":"first","12":"instock","13":"shipping-taxable","14":"product-type-simple"},"_links":{"self":[{"href":"https:\/\/uhmwpemanufacture.com\/fr\/wp-json\/wp\/v2\/product\/1148","targetHints":{"allow":["GET"]}}],"collection":[{"href":"https:\/\/uhmwpemanufacture.com\/fr\/wp-json\/wp\/v2\/product"}],"about":[{"href":"https:\/\/uhmwpemanufacture.com\/fr\/wp-json\/wp\/v2\/types\/product"}],"wp:featuredmedia":[{"embeddable":true,"href":"https:\/\/uhmwpemanufacture.com\/fr\/wp-json\/wp\/v2\/media\/1151"}],"wp:attachment":[{"href":"https:\/\/uhmwpemanufacture.com\/fr\/wp-json\/wp\/v2\/media?parent=1148"}],"wp:term":[{"taxonomy":"product_brand","embeddable":true,"href":"https:\/\/uhmwpemanufacture.com\/fr\/wp-json\/wp\/v2\/product_brand?post=1148"},{"taxonomy":"product_cat","embeddable":true,"href":"https:\/\/uhmwpemanufacture.com\/fr\/wp-json\/wp\/v2\/product_cat?post=1148"},{"taxonomy":"product_tag","embeddable":true,"href":"https:\/\/uhmwpemanufacture.com\/fr\/wp-json\/wp\/v2\/product_tag?post=1148"}],"curies":[{"name":"wp","href":"https:\/\/api.w.org\/{rel}","templated":true}]}}