{"id":1154,"date":"2025-09-28T06:26:46","date_gmt":"2025-09-28T06:26:46","guid":{"rendered":"https:\/\/uhmwpemanufacture.com\/?post_type=product&#038;p=1154"},"modified":"2025-09-28T06:26:46","modified_gmt":"2025-09-28T06:26:46","slug":"uhmwpe-coal-bunker-lining-plate-injection-molded-parts-dealer","status":"publish","type":"product","link":"https:\/\/uhmwpemanufacture.com\/fr\/uhmwpe-coal-bunker-lining-plate-injection-molded-parts-dealer\/","title":{"rendered":"Plaque de rev\u00eatement de soute \u00e0 charbon en UHMWPE Revendeur de pi\u00e8ces moul\u00e9es par injection"},"content":{"rendered":"<h2>Plaque de rev\u00eatement cellulaire UHMWPE pour soutes \u00e0 charbon Fournisseur de composants construits par injection<\/h2>\n<p>Nos plaques de rev\u00eatement UHMWPE pour abris \u00e0 charbon sont con\u00e7ues pour une utilisation intensive dans l'industrie min\u00e9rale. Dot\u00e9es d'une r\u00e9sistance \u00e9lev\u00e9e \u00e0 l'usure, d'une autolubrification et d'une r\u00e9sistance exceptionnelle aux chocs, elles \u00e9vitent les obstructions mat\u00e9rielles et r\u00e9duisent les temps d'arr\u00eat li\u00e9s \u00e0 la maintenance. Moul\u00e9es par injection pour plus de pr\u00e9cision, ces plaques sont tr\u00e8s faciles \u00e0 monter et offrent une protection optimale contre l'abrasion et la corrosion. Id\u00e9ales pour les soutes \u00e0 charbon, les goulottes, les silos et les tr\u00e9mies, elles prolongent la dur\u00e9e de vie des outils et garantissent une manipulation plus fluide des mat\u00e9riaux de masse. Ces rev\u00eatements, qui font l'objet de proc\u00e9dures industrielles fiables, offrent long\u00e9vit\u00e9 et efficacit\u00e9 dans les environnements les plus difficiles, ce qui en fait un rem\u00e8de indispensable pour les applications mini\u00e8res et de traitement.<\/p>","protected":false},"excerpt":{"rendered":"<p>Les plaques de rev\u00eatement des tr\u00e9mies de charbon en UHMWPE offrent une r\u00e9sistance \u00e9lev\u00e9e \u00e0 l'usure, une grande r\u00e9sistance aux chocs et une autolubrification. Id\u00e9ales pour les goulottes, les silos et les tr\u00e9mies, elles assurent une manutention en douceur des produits en vrac, r\u00e9duisent les blocages et prolongent la dur\u00e9e de vie des \u00e9quipements gr\u00e2ce \u00e0 leur facilit\u00e9 d'installation et \u00e0 leur durabilit\u00e9.<\/p>","protected":false},"featured_media":1157,"template":"","meta":{"_gspb_post_css":""},"product_brand":[],"product_cat":[15,22],"product_tag":[149,148,147],"class_list":{"0":"post-1154","1":"product","2":"type-product","3":"status-publish","4":"has-post-thumbnail","6":"product_cat-uhmwpe-hdpe-sheets-plates","7":"product_cat-coal-bunker-limit-plates","8":"product_tag-chute-lining-plate","9":"product_tag-injection-molded-parts","10":"product_tag-uhmwpe-coal-bunker-liner","12":"first","13":"instock","14":"shipping-taxable","15":"product-type-simple"},"_links":{"self":[{"href":"https:\/\/uhmwpemanufacture.com\/fr\/wp-json\/wp\/v2\/product\/1154","targetHints":{"allow":["GET"]}}],"collection":[{"href":"https:\/\/uhmwpemanufacture.com\/fr\/wp-json\/wp\/v2\/product"}],"about":[{"href":"https:\/\/uhmwpemanufacture.com\/fr\/wp-json\/wp\/v2\/types\/product"}],"wp:featuredmedia":[{"embeddable":true,"href":"https:\/\/uhmwpemanufacture.com\/fr\/wp-json\/wp\/v2\/media\/1157"}],"wp:attachment":[{"href":"https:\/\/uhmwpemanufacture.com\/fr\/wp-json\/wp\/v2\/media?parent=1154"}],"wp:term":[{"taxonomy":"product_brand","embeddable":true,"href":"https:\/\/uhmwpemanufacture.com\/fr\/wp-json\/wp\/v2\/product_brand?post=1154"},{"taxonomy":"product_cat","embeddable":true,"href":"https:\/\/uhmwpemanufacture.com\/fr\/wp-json\/wp\/v2\/product_cat?post=1154"},{"taxonomy":"product_tag","embeddable":true,"href":"https:\/\/uhmwpemanufacture.com\/fr\/wp-json\/wp\/v2\/product_tag?post=1154"}],"curies":[{"name":"wp","href":"https:\/\/api.w.org\/{rel}","templated":true}]}}