{"id":1162,"date":"2025-09-28T06:30:22","date_gmt":"2025-09-28T06:30:22","guid":{"rendered":"https:\/\/uhmwpemanufacture.com\/?post_type=product&#038;p=1162"},"modified":"2025-09-28T06:30:22","modified_gmt":"2025-09-28T06:30:22","slug":"excellent-formability-color-polyethylene-plastic-sheets-hdpe","status":"publish","type":"product","link":"https:\/\/uhmwpemanufacture.com\/fr\/excellent-formability-color-polyethylene-plastic-sheets-hdpe\/","title":{"rendered":"Excellente formabilit\u00e9 Feuilles plastiques en poly\u00e9thyl\u00e8ne couleur HDPE"},"content":{"rendered":"<h2>Formabilit\u00e9 exceptionnelle Ombrage Poly\u00e9thyl\u00e8ne Plastique Feuilles HDPE<\/h2>\n<p>Nos feuilles de plastique en poly\u00e9thyl\u00e8ne HDPE pr\u00e9sentent d'excellentes caract\u00e9ristiques de formabilit\u00e9, de robustesse et de r\u00e9sistance chimique, ce qui en fait un produit fonctionnel pour les applications commerciales, industrielles et d'ing\u00e9nierie. Propos\u00e9es dans des couleurs vives, ces feuilles sont \u00e0 la fois l\u00e9g\u00e8res et solides, ce qui facilite leur fabrication par d\u00e9coupage, flexion et soudage. Elles sont largement utilis\u00e9es pour le rev\u00eatement de cellules, l'emballage de produits, les panneaux de construction et les obstacles de s\u00e9curit\u00e9. Gr\u00e2ce \u00e0 leur r\u00e9sistance \u00e9lev\u00e9e aux chocs et \u00e0 leurs propri\u00e9t\u00e9s de r\u00e9sistance aux intemp\u00e9ries, elles garantissent une efficacit\u00e9 r\u00e9put\u00e9e \u00e0 l'int\u00e9rieur de votre maison ou \u00e0 l'ext\u00e9rieur. Ces feuilles HDPE allient praticit\u00e9 et haute qualit\u00e9, et constituent une solution \u00e9conomique pour les besoins de production personnalis\u00e9s dans plusieurs secteurs.<\/p>","protected":false},"excerpt":{"rendered":"<p>Les feuilles de poly\u00e9thyl\u00e8ne color\u00e9 HDPE offrent une excellente formabilit\u00e9, une grande r\u00e9sistance aux chocs et une excellente r\u00e9sistance aux produits chimiques. Id\u00e9ales pour la construction, le rev\u00eatement, l'emballage et l'industrie, elles sont faciles \u00e0 fabriquer et conviennent aussi bien aux applications int\u00e9rieures qu'ext\u00e9rieures.<\/p>","protected":false},"featured_media":1166,"template":"","meta":{"_gspb_post_css":""},"product_brand":[],"product_cat":[15,18],"product_tag":[152,150,151],"class_list":{"0":"post-1162","1":"product","2":"type-product","3":"status-publish","4":"has-post-thumbnail","6":"product_cat-uhmwpe-hdpe-sheets-plates","7":"product_cat-hdpe-sheets","8":"product_tag-colored-hdpe-panels","9":"product_tag-hdpe-plastic-sheets","10":"product_tag-polyethylene-sheets-supplier","12":"first","13":"instock","14":"shipping-taxable","15":"product-type-simple"},"_links":{"self":[{"href":"https:\/\/uhmwpemanufacture.com\/fr\/wp-json\/wp\/v2\/product\/1162","targetHints":{"allow":["GET"]}}],"collection":[{"href":"https:\/\/uhmwpemanufacture.com\/fr\/wp-json\/wp\/v2\/product"}],"about":[{"href":"https:\/\/uhmwpemanufacture.com\/fr\/wp-json\/wp\/v2\/types\/product"}],"wp:featuredmedia":[{"embeddable":true,"href":"https:\/\/uhmwpemanufacture.com\/fr\/wp-json\/wp\/v2\/media\/1166"}],"wp:attachment":[{"href":"https:\/\/uhmwpemanufacture.com\/fr\/wp-json\/wp\/v2\/media?parent=1162"}],"wp:term":[{"taxonomy":"product_brand","embeddable":true,"href":"https:\/\/uhmwpemanufacture.com\/fr\/wp-json\/wp\/v2\/product_brand?post=1162"},{"taxonomy":"product_cat","embeddable":true,"href":"https:\/\/uhmwpemanufacture.com\/fr\/wp-json\/wp\/v2\/product_cat?post=1162"},{"taxonomy":"product_tag","embeddable":true,"href":"https:\/\/uhmwpemanufacture.com\/fr\/wp-json\/wp\/v2\/product_tag?post=1162"}],"curies":[{"name":"wp","href":"https:\/\/api.w.org\/{rel}","templated":true}]}}