{"id":1170,"date":"2025-09-28T06:39:29","date_gmt":"2025-09-28T06:39:29","guid":{"rendered":"https:\/\/uhmwpemanufacture.com\/?post_type=product&#038;p=1170"},"modified":"2025-09-28T07:52:03","modified_gmt":"2025-09-28T07:52:03","slug":"reliability-uhmw-pe-cribbing-blocks-heavy-load-applications","status":"publish","type":"product","link":"https:\/\/uhmwpemanufacture.com\/fr\/reliability-uhmw-pe-cribbing-blocks-heavy-load-applications\/","title":{"rendered":"Fiabilit\u00e9 UHMW-PE Cribbing Blocks Heavy-Load Applications"},"content":{"rendered":"<h2>Fiabilit\u00e9 UHMW-PE Cribbing Blocks Heavy-Load Applications<\/h2>\n<p>Les blocs de criblage UHMW-PE sont con\u00e7us pour offrir une r\u00e9sistance, une r\u00e9silience et une s\u00e9curit\u00e9 exceptionnelles dans les applications \u00e0 forte charge. Con\u00e7us pour le b\u00e2timent, l'exploitation mini\u00e8re et les interventions d'urgence, ces blocs r\u00e9sistent \u00e0 l'usure, aux chocs et aux conditions m\u00e9t\u00e9orologiques extr\u00eames tout en offrant une excellente r\u00e9partition des tonnes. Leur structure l\u00e9g\u00e8re mais durable garantit une manipulation ais\u00e9e et une utilisation r\u00e9p\u00e9t\u00e9e sans \u00e9chardes ni fissures. Les propri\u00e9t\u00e9s r\u00e9sidentielles non absorbantes et r\u00e9sistantes aux produits chimiques les rendent excellents pour les environnements ext\u00e9rieurs o\u00f9 l'on trouve de l'humidit\u00e9, des huiles ou des produits chimiques. Parfaits pour stabiliser les grues, les v\u00e9hicules et les \u00e9quipements, ces blocs d'ancrage offrent une fiabilit\u00e9 \u00e0 toute \u00e9preuve dans les situations difficiles.<\/p>","protected":false},"excerpt":{"rendered":"<p>Les blocs de criblage en UHMW-PE offrent une r\u00e9sistance et une stabilit\u00e9 fiables pour les applications \u00e0 forte charge. L\u00e9gers, durables et r\u00e9sistants aux produits chimiques, ils permettent de soutenir en toute s\u00e9curit\u00e9 les grues, les camions et les machines dans les secteurs de la construction, de l'exploitation mini\u00e8re et de l'industrie.<\/p>","protected":false},"featured_media":1173,"template":"","meta":{"_gspb_post_css":""},"product_brand":[],"product_cat":[15,21],"product_tag":[154,153,113],"class_list":{"0":"post-1170","1":"product","2":"type-product","3":"status-publish","4":"has-post-thumbnail","6":"product_cat-uhmwpe-hdpe-sheets-plates","7":"product_cat-uhmwpe-fender-pads","8":"product_tag-crane-stabilizer-blocks","9":"product_tag-heavy-load-support","10":"product_tag-uhmwpe-cribbing-blocks","12":"first","13":"instock","14":"shipping-taxable","15":"product-type-simple"},"_links":{"self":[{"href":"https:\/\/uhmwpemanufacture.com\/fr\/wp-json\/wp\/v2\/product\/1170","targetHints":{"allow":["GET"]}}],"collection":[{"href":"https:\/\/uhmwpemanufacture.com\/fr\/wp-json\/wp\/v2\/product"}],"about":[{"href":"https:\/\/uhmwpemanufacture.com\/fr\/wp-json\/wp\/v2\/types\/product"}],"wp:featuredmedia":[{"embeddable":true,"href":"https:\/\/uhmwpemanufacture.com\/fr\/wp-json\/wp\/v2\/media\/1173"}],"wp:attachment":[{"href":"https:\/\/uhmwpemanufacture.com\/fr\/wp-json\/wp\/v2\/media?parent=1170"}],"wp:term":[{"taxonomy":"product_brand","embeddable":true,"href":"https:\/\/uhmwpemanufacture.com\/fr\/wp-json\/wp\/v2\/product_brand?post=1170"},{"taxonomy":"product_cat","embeddable":true,"href":"https:\/\/uhmwpemanufacture.com\/fr\/wp-json\/wp\/v2\/product_cat?post=1170"},{"taxonomy":"product_tag","embeddable":true,"href":"https:\/\/uhmwpemanufacture.com\/fr\/wp-json\/wp\/v2\/product_tag?post=1170"}],"curies":[{"name":"wp","href":"https:\/\/api.w.org\/{rel}","templated":true}]}}