{"id":1175,"date":"2025-09-28T06:42:45","date_gmt":"2025-09-28T06:42:45","guid":{"rendered":"https:\/\/uhmwpemanufacture.com\/?post_type=product&#038;p=1175"},"modified":"2025-09-28T06:42:45","modified_gmt":"2025-09-28T06:42:45","slug":"resistant-uhmwpe-plate-natural-peek-board-plastic-exporter","status":"publish","type":"product","link":"https:\/\/uhmwpemanufacture.com\/fr\/resistant-uhmwpe-plate-natural-peek-board-plastic-exporter\/","title":{"rendered":"Plaque Uhmwpe r\u00e9sistante Plaque PEEK naturelle Plastique Exporter"},"content":{"rendered":"<h2>Immune Uhmwpe Plate Natural PEEK Board Plastic Merchant<\/h2>\n<p>Nos plaques r\u00e9sistantes en UHMWPE et nos panneaux en PEEK naturel offrent une r\u00e9silience et une efficacit\u00e9 ph\u00e9nom\u00e9nales dans une grande vari\u00e9t\u00e9 d'applications. Con\u00e7us pour r\u00e9sister \u00e0 une forte influence, \u00e0 une usure importante et \u00e0 des environnements exigeants, ces plastiques de conception offrent une superbe r\u00e9sistance aux produits chimiques, aux frottements et \u00e0 l'humidit\u00e9. Dot\u00e9s d'une excellente usinabilit\u00e9 et d'une grande stabilit\u00e9, ils sont parfaits pour les composants industriels, les composants m\u00e9caniques et les raccords de pr\u00e9cision. Disponibles sous forme de feuilles, de barres et de formes personnalis\u00e9es, ils r\u00e9pondent aux exigences vari\u00e9es d'industries telles que l'automobile, l'exploitation mini\u00e8re, l'a\u00e9rospatiale et l'agroalimentaire. Leur qualit\u00e9 fiable et leur longue dur\u00e9e de vie en font un choix de confiance pour les repr\u00e9sentants du monde entier.<\/p>\n<h2>Attributs du tour<\/h2>\n<p>R\u00e9sistance \u00e9lev\u00e9e \u00e0 l'usure et aux chocs<\/p>\n<p>Stabilit\u00e9 chimique exceptionnelle<\/p>\n<p>Usinabilit\u00e9 et adaptabilit\u00e9 sup\u00e9rieures<\/p>\n<p>Insensible \u00e0 l'humidit\u00e9 et \u00e0 la corrosion<\/p>\n<p>Propos\u00e9s dans de nombreuses formes et tailles<\/p>","protected":false},"excerpt":{"rendered":"<p>Les plaques r\u00e9sistantes en UHMWPE et les panneaux en PEEK naturel offrent une solidit\u00e9, une r\u00e9sistance \u00e0 l'usure et une stabilit\u00e9 chimique exceptionnelles. Parfaits pour les composants industriels, les machines et l'ing\u00e9nierie, ces plastiques offrent une longue dur\u00e9e de vie et des performances fiables dans les applications exigeantes.<\/p>","protected":false},"featured_media":1178,"template":"","meta":{"_gspb_post_css":""},"product_brand":[],"product_cat":[15,17],"product_tag":[157,156,155],"class_list":{"0":"post-1175","1":"product","2":"type-product","3":"status-publish","4":"has-post-thumbnail","6":"product_cat-uhmwpe-hdpe-sheets-plates","7":"product_cat-uhmwpe-sheets","8":"product_tag-engineering-plastics","9":"product_tag-peek-board","10":"product_tag-uhmwpe-plate","12":"first","13":"instock","14":"shipping-taxable","15":"product-type-simple"},"_links":{"self":[{"href":"https:\/\/uhmwpemanufacture.com\/fr\/wp-json\/wp\/v2\/product\/1175","targetHints":{"allow":["GET"]}}],"collection":[{"href":"https:\/\/uhmwpemanufacture.com\/fr\/wp-json\/wp\/v2\/product"}],"about":[{"href":"https:\/\/uhmwpemanufacture.com\/fr\/wp-json\/wp\/v2\/types\/product"}],"wp:featuredmedia":[{"embeddable":true,"href":"https:\/\/uhmwpemanufacture.com\/fr\/wp-json\/wp\/v2\/media\/1178"}],"wp:attachment":[{"href":"https:\/\/uhmwpemanufacture.com\/fr\/wp-json\/wp\/v2\/media?parent=1175"}],"wp:term":[{"taxonomy":"product_brand","embeddable":true,"href":"https:\/\/uhmwpemanufacture.com\/fr\/wp-json\/wp\/v2\/product_brand?post=1175"},{"taxonomy":"product_cat","embeddable":true,"href":"https:\/\/uhmwpemanufacture.com\/fr\/wp-json\/wp\/v2\/product_cat?post=1175"},{"taxonomy":"product_tag","embeddable":true,"href":"https:\/\/uhmwpemanufacture.com\/fr\/wp-json\/wp\/v2\/product_tag?post=1175"}],"curies":[{"name":"wp","href":"https:\/\/api.w.org\/{rel}","templated":true}]}}