{"id":1181,"date":"2025-09-28T06:48:30","date_gmt":"2025-09-28T06:48:30","guid":{"rendered":"https:\/\/uhmwpemanufacture.com\/?post_type=product&#038;p=1181"},"modified":"2025-09-28T06:48:30","modified_gmt":"2025-09-28T06:48:30","slug":"excavator-track-road-mats-plastic-ground-protection-mat","status":"publish","type":"product","link":"https:\/\/uhmwpemanufacture.com\/fr\/excavator-track-road-mats-plastic-ground-protection-mat\/","title":{"rendered":"Tapis de route pour pelles m\u00e9caniques Tapis de protection du sol en plastique"},"content":{"rendered":"<h2>Tapis de sol pour piste de pelleteuse Tapis de route en plastique Rev\u00eatement de sol de d\u00e9fense du sol<\/h2>\n<p>Les rev\u00eatements de sol pour chenilles de pelleteuses, fabriqu\u00e9s en plastique tr\u00e8s r\u00e9sistant, offrent une s\u00e9curit\u00e9 antid\u00e9rapante pour les \u00e9quipements lourds dans les secteurs de la construction, du p\u00e9trole, de l'exploitation mini\u00e8re et de l'\u00e9v\u00e9nementiel. Ces tapis minimisent les contraintes au sol, prot\u00e8gent la terre et emp\u00eachent les machines de s'enfoncer, m\u00eame sur un terrain mou ou irr\u00e9gulier. L\u00e9gers mais r\u00e9sistants, ils sont tr\u00e8s faciles \u00e0 monter, \u00e0 nettoyer et \u00e0 r\u00e9utiliser, ce qui en fait une alternative \u00e9conomique et \u00e9cologique au bois d'\u0153uvre. Gr\u00e2ce \u00e0 leur excellente r\u00e9sistance aux produits chimiques et au climat, ces rev\u00eatements de sol garantissent des performances fiables dans des conditions ext\u00e9rieures difficiles. Ils sont parfaits pour cr\u00e9er des voies d'acc\u00e8s \u00e0 court terme et des syst\u00e8mes de fonctionnement sans risque.<\/p>","protected":false},"excerpt":{"rendered":"<p>Les tapis pour chenilles de pelleteuses offrent une protection durable du sol pour les machines lourdes. Fabriqu\u00e9s en plastique tr\u00e8s r\u00e9sistant, ils emp\u00eachent l'affaissement, prot\u00e8gent le sol et cr\u00e9ent des voies d'acc\u00e8s temporaires stables pour la construction, l'exploitation mini\u00e8re et les \u00e9v\u00e9nements. Faciles \u00e0 installer, ils r\u00e9sistent aux intemp\u00e9ries et sont r\u00e9utilisables.<\/p>","protected":false},"featured_media":1182,"template":"","meta":{"_gspb_post_css":""},"product_brand":[],"product_cat":[24,26],"product_tag":[160,158,159],"class_list":{"0":"post-1181","1":"product","2":"type-product","3":"status-publish","4":"has-post-thumbnail","6":"product_cat-ground-protection-road-mats","7":"product_cat-base-mats","8":"product_tag-construction-access-mats","9":"product_tag-excavator-track-mats","10":"product_tag-ground-protection-mat","12":"first","13":"instock","14":"shipping-taxable","15":"product-type-simple"},"_links":{"self":[{"href":"https:\/\/uhmwpemanufacture.com\/fr\/wp-json\/wp\/v2\/product\/1181","targetHints":{"allow":["GET"]}}],"collection":[{"href":"https:\/\/uhmwpemanufacture.com\/fr\/wp-json\/wp\/v2\/product"}],"about":[{"href":"https:\/\/uhmwpemanufacture.com\/fr\/wp-json\/wp\/v2\/types\/product"}],"wp:featuredmedia":[{"embeddable":true,"href":"https:\/\/uhmwpemanufacture.com\/fr\/wp-json\/wp\/v2\/media\/1182"}],"wp:attachment":[{"href":"https:\/\/uhmwpemanufacture.com\/fr\/wp-json\/wp\/v2\/media?parent=1181"}],"wp:term":[{"taxonomy":"product_brand","embeddable":true,"href":"https:\/\/uhmwpemanufacture.com\/fr\/wp-json\/wp\/v2\/product_brand?post=1181"},{"taxonomy":"product_cat","embeddable":true,"href":"https:\/\/uhmwpemanufacture.com\/fr\/wp-json\/wp\/v2\/product_cat?post=1181"},{"taxonomy":"product_tag","embeddable":true,"href":"https:\/\/uhmwpemanufacture.com\/fr\/wp-json\/wp\/v2\/product_tag?post=1181"}],"curies":[{"name":"wp","href":"https:\/\/api.w.org\/{rel}","templated":true}]}}