{"id":1187,"date":"2025-09-28T06:52:59","date_gmt":"2025-09-28T06:52:59","guid":{"rendered":"https:\/\/uhmwpemanufacture.com\/?post_type=product&#038;p=1187"},"modified":"2025-09-28T06:52:59","modified_gmt":"2025-09-28T06:52:59","slug":"uhmwpe-temporary-road-construction-mud-ground-quick-mat","status":"publish","type":"product","link":"https:\/\/uhmwpemanufacture.com\/fr\/uhmwpe-temporary-road-construction-mud-ground-quick-mat\/","title":{"rendered":"Uhmwpe Temporary Road Construction Mud Ground Quick Mat (tapis rapide de boue pour la construction de routes)"},"content":{"rendered":"<h2>UHMWPE Temporary Roadway Building And Construction Mud Ground Quick Mat (tapis rapide de boue pour chauss\u00e9e)<\/h2>\n<p>Les tapis routiers \u00e9ph\u00e9m\u00e8res en UHMWPE sont con\u00e7us pour offrir une assistance au sol s\u00fbre et stable dans les environnements difficiles. Gr\u00e2ce \u00e0 leur capacit\u00e9 de charge \u00e9lev\u00e9e et \u00e0 leur r\u00e9sistance \u00e0 l'usage, ces rev\u00eatements de sol \u00e9vitent \u00e0 l'\u00e9quipement de s'enfoncer dans la boue ou dans une surface molle. L\u00e9gers mais solides, ils peuvent \u00eatre rapidement d\u00e9ploy\u00e9s pour cr\u00e9er des routes temporaires, des plates-formes de travail ou des moyens d'acc\u00e8s \u00e0 des \u00e9v\u00e9nements. La surface antid\u00e9rapante distinctive garantit une adh\u00e9rence fiable, tandis que leur r\u00e9sistance chimique les rend adapt\u00e9s \u00e0 la construction, aux champs p\u00e9trolif\u00e8res, \u00e0 l'exploitation mini\u00e8re et aux occasions ext\u00e9rieures. Recyclables et tr\u00e8s faciles \u00e0 nettoyer, ces rev\u00eatements de sol offrent des services abordables et respectueux de l'environnement pour les applications de s\u00e9curit\u00e9 au sol recherch\u00e9es.<\/p>","protected":false},"excerpt":{"rendered":"<p>Les tapis routiers temporaires en UHMWPE offrent un support solide sur la boue, le sable et les terrains meubles. Faciles \u00e0 d\u00e9ployer, antid\u00e9rapants, r\u00e9utilisables, ils sont id\u00e9aux pour la construction, l'exploitation mini\u00e8re et les \u00e9v\u00e9nements.<\/p>","protected":false},"featured_media":1191,"template":"","meta":{"_gspb_post_css":""},"product_brand":[],"product_cat":[24,25],"product_tag":[160,162,161],"class_list":{"0":"post-1187","1":"product","2":"type-product","3":"status-publish","4":"has-post-thumbnail","6":"product_cat-ground-protection-road-mats","7":"product_cat-quick-mats","8":"product_tag-construction-access-mats","9":"product_tag-temporary-ground-protection","10":"product_tag-uhmwpe-road-mats","12":"first","13":"instock","14":"shipping-taxable","15":"product-type-simple"},"_links":{"self":[{"href":"https:\/\/uhmwpemanufacture.com\/fr\/wp-json\/wp\/v2\/product\/1187","targetHints":{"allow":["GET"]}}],"collection":[{"href":"https:\/\/uhmwpemanufacture.com\/fr\/wp-json\/wp\/v2\/product"}],"about":[{"href":"https:\/\/uhmwpemanufacture.com\/fr\/wp-json\/wp\/v2\/types\/product"}],"wp:featuredmedia":[{"embeddable":true,"href":"https:\/\/uhmwpemanufacture.com\/fr\/wp-json\/wp\/v2\/media\/1191"}],"wp:attachment":[{"href":"https:\/\/uhmwpemanufacture.com\/fr\/wp-json\/wp\/v2\/media?parent=1187"}],"wp:term":[{"taxonomy":"product_brand","embeddable":true,"href":"https:\/\/uhmwpemanufacture.com\/fr\/wp-json\/wp\/v2\/product_brand?post=1187"},{"taxonomy":"product_cat","embeddable":true,"href":"https:\/\/uhmwpemanufacture.com\/fr\/wp-json\/wp\/v2\/product_cat?post=1187"},{"taxonomy":"product_tag","embeddable":true,"href":"https:\/\/uhmwpemanufacture.com\/fr\/wp-json\/wp\/v2\/product_tag?post=1187"}],"curies":[{"name":"wp","href":"https:\/\/api.w.org\/{rel}","templated":true}]}}