{"id":1195,"date":"2025-09-28T06:57:49","date_gmt":"2025-09-28T06:57:49","guid":{"rendered":"https:\/\/uhmwpemanufacture.com\/?post_type=product&#038;p=1195"},"modified":"2025-09-28T06:57:49","modified_gmt":"2025-09-28T06:57:49","slug":"custom-professional-plastic-injection-molding-pp-pe-product","status":"publish","type":"product","link":"https:\/\/uhmwpemanufacture.com\/fr\/custom-professional-plastic-injection-molding-pp-pe-product\/","title":{"rendered":"Moulage par injection de plastique professionnel sur mesure Pp Pe product"},"content":{"rendered":"<h2>Produit professionnel personnalis\u00e9 de moulage par injection de plastique PP PE<\/h2>\n<p>Nos articles de moulage par injection PP et PE personnalis\u00e9s sont cr\u00e9\u00e9s pour la pr\u00e9cision, la long\u00e9vit\u00e9 et la commodit\u00e9 dans de nombreux secteurs. Fabriqu\u00e9s \u00e0 l'aide d'une technologie de moulage avanc\u00e9e, ils garantissent des performances r\u00e9guli\u00e8res et une qualit\u00e9 de rev\u00eatement exceptionnelle. Ces composants en plastique sont l\u00e9gers mais solides, r\u00e9sistants \u00e0 l'usure, aux chocs et aux produits chimiques, ce qui les rend adapt\u00e9s \u00e0 l'automobile, \u00e0 l'\u00e9lectronique, \u00e0 l'emballage des produits et aux applications industrielles. Des rem\u00e8des sur mesure peuvent \u00eatre cr\u00e9\u00e9s dans diff\u00e9rentes formes, dimensions et teintes pour r\u00e9pondre aux exigences particuli\u00e8res des clients. Adapt\u00e9es \u00e0 la production \u00e0 grande \u00e9chelle, ces pi\u00e8ces fa\u00e7onn\u00e9es offrent des performances \u00e9lev\u00e9es, un bon rapport co\u00fbt-efficacit\u00e9 et une fiabilit\u00e9 recherch\u00e9e.<\/p>","protected":false},"excerpt":{"rendered":"<p>Produits de moulage par injection de plastique PP et PE sur mesure, de haute pr\u00e9cision, durables et r\u00e9sistants aux produits chimiques. Disponibles en diff\u00e9rentes formes, tailles et couleurs, ils sont id\u00e9aux pour l'automobile, l'\u00e9lectronique, l'emballage et les applications industrielles exigeant des performances fiables.<\/p>","protected":false},"featured_media":1201,"template":"","meta":{"_gspb_post_css":""},"product_brand":[],"product_cat":[35],"product_tag":[165,163,164],"class_list":{"0":"post-1195","1":"product","2":"type-product","3":"status-publish","4":"has-post-thumbnail","6":"product_cat-pp-pe-products","7":"product_tag-custom-plastic-products","8":"product_tag-plastic-injection-molding","9":"product_tag-pp-pe-molded-parts","11":"first","12":"instock","13":"shipping-taxable","14":"product-type-simple"},"_links":{"self":[{"href":"https:\/\/uhmwpemanufacture.com\/fr\/wp-json\/wp\/v2\/product\/1195","targetHints":{"allow":["GET"]}}],"collection":[{"href":"https:\/\/uhmwpemanufacture.com\/fr\/wp-json\/wp\/v2\/product"}],"about":[{"href":"https:\/\/uhmwpemanufacture.com\/fr\/wp-json\/wp\/v2\/types\/product"}],"wp:featuredmedia":[{"embeddable":true,"href":"https:\/\/uhmwpemanufacture.com\/fr\/wp-json\/wp\/v2\/media\/1201"}],"wp:attachment":[{"href":"https:\/\/uhmwpemanufacture.com\/fr\/wp-json\/wp\/v2\/media?parent=1195"}],"wp:term":[{"taxonomy":"product_brand","embeddable":true,"href":"https:\/\/uhmwpemanufacture.com\/fr\/wp-json\/wp\/v2\/product_brand?post=1195"},{"taxonomy":"product_cat","embeddable":true,"href":"https:\/\/uhmwpemanufacture.com\/fr\/wp-json\/wp\/v2\/product_cat?post=1195"},{"taxonomy":"product_tag","embeddable":true,"href":"https:\/\/uhmwpemanufacture.com\/fr\/wp-json\/wp\/v2\/product_tag?post=1195"}],"curies":[{"name":"wp","href":"https:\/\/api.w.org\/{rel}","templated":true}]}}