{"id":1212,"date":"2025-09-28T07:07:32","date_gmt":"2025-09-28T07:07:32","guid":{"rendered":"https:\/\/uhmwpemanufacture.com\/?post_type=product&#038;p=1212"},"modified":"2025-09-28T07:07:32","modified_gmt":"2025-09-28T07:07:32","slug":"custom-hdpe-ice-rink-hockey-dasher-fence-barrier-wholesaler","status":"publish","type":"product","link":"https:\/\/uhmwpemanufacture.com\/fr\/custom-hdpe-ice-rink-hockey-dasher-fence-barrier-wholesaler\/","title":{"rendered":"HDPE Custom Ice Rink Hockey Dasher Fence Barrier Wholesaler"},"content":{"rendered":"<h2>Panneau de rev\u00eatement de sol de patinoire sur mesure et respectueux de l'environnement<\/h2>\n<p>Nos tapis de patinoire personnalis\u00e9s sont fabriqu\u00e9s \u00e0 partir de mat\u00e9riaux durables et respectueux de l'environnement, con\u00e7us pour reproduire la glisse de la glace v\u00e9ritable sans n\u00e9cessiter de r\u00e9frig\u00e9ration. Ces panneaux de patinage offrent une r\u00e9sistance \u00e0 l'usure exceptionnelle, un faible frottement et une longue dur\u00e9e de vie, ce qui les rend optimaux pour les centres d'entra\u00eenement, les patinoires de divertissement et les installations d'occasion de courte dur\u00e9e. Gr\u00e2ce \u00e0 leur disposition par embo\u00eetement, ils permettent une installation rapide et un entretien facile, tandis que leurs propri\u00e9t\u00e9s r\u00e9sidentielles ou commerciales r\u00e9sistantes aux intemp\u00e9ries permettent une utilisation \u00e0 l'int\u00e9rieur comme \u00e0 l'ext\u00e9rieur. Disponibles dans des dimensions et des densit\u00e9s r\u00e9glables, ces panneaux offrent une exp\u00e9rience de patinage durable, rentable et s\u00fbre aux athl\u00e8tes professionnels et aux fanatiques.<\/p>","protected":false},"excerpt":{"rendered":"<p>Les barri\u00e8res en PEHD pour patinoires sont solides, s\u00fbres et r\u00e9sistantes aux chocs. Avec des surfaces lisses et des cadres renforc\u00e9s, elles sont id\u00e9ales pour les patinoires int\u00e9rieures et ext\u00e9rieures, offrant durabilit\u00e9, facilit\u00e9 d'installation et performance \u00e0 long terme.<\/p>","protected":false},"featured_media":1214,"template":"","meta":{"_gspb_post_css":""},"product_brand":[],"product_cat":[29,30],"product_tag":[169,170,135],"class_list":{"0":"post-1212","1":"product","2":"type-product","3":"status-publish","4":"has-post-thumbnail","6":"product_cat-ice-rink-products","7":"product_cat-hockey-ice-rink-dasher-boards","8":"product_tag-hdpe-dasher-fence","9":"product_tag-hockey-rink-barrier","10":"product_tag-ice-rink-boards","12":"first","13":"instock","14":"shipping-taxable","15":"product-type-simple"},"_links":{"self":[{"href":"https:\/\/uhmwpemanufacture.com\/fr\/wp-json\/wp\/v2\/product\/1212","targetHints":{"allow":["GET"]}}],"collection":[{"href":"https:\/\/uhmwpemanufacture.com\/fr\/wp-json\/wp\/v2\/product"}],"about":[{"href":"https:\/\/uhmwpemanufacture.com\/fr\/wp-json\/wp\/v2\/types\/product"}],"wp:featuredmedia":[{"embeddable":true,"href":"https:\/\/uhmwpemanufacture.com\/fr\/wp-json\/wp\/v2\/media\/1214"}],"wp:attachment":[{"href":"https:\/\/uhmwpemanufacture.com\/fr\/wp-json\/wp\/v2\/media?parent=1212"}],"wp:term":[{"taxonomy":"product_brand","embeddable":true,"href":"https:\/\/uhmwpemanufacture.com\/fr\/wp-json\/wp\/v2\/product_brand?post=1212"},{"taxonomy":"product_cat","embeddable":true,"href":"https:\/\/uhmwpemanufacture.com\/fr\/wp-json\/wp\/v2\/product_cat?post=1212"},{"taxonomy":"product_tag","embeddable":true,"href":"https:\/\/uhmwpemanufacture.com\/fr\/wp-json\/wp\/v2\/product_tag?post=1212"}],"curies":[{"name":"wp","href":"https:\/\/api.w.org\/{rel}","templated":true}]}}