{"id":1220,"date":"2025-09-28T07:10:25","date_gmt":"2025-09-28T07:10:25","guid":{"rendered":"https:\/\/uhmwpemanufacture.com\/?post_type=product&#038;p=1220"},"modified":"2025-09-28T07:11:06","modified_gmt":"2025-09-28T07:11:06","slug":"manufacturer-portable-court-floor-tiles-ice-hockey-mat","status":"publish","type":"product","link":"https:\/\/uhmwpemanufacture.com\/fr\/manufacturer-portable-court-floor-tiles-ice-hockey-mat\/","title":{"rendered":"Fabricant de dalles de sol pour courts de tennis portables Tapis de hockey sur glace"},"content":{"rendered":"<h2>Maker Portable Court Floor Tiles Ice Hockey Mat<\/h2>\n<p>Nos carreaux de c\u00e9ramique et nos rev\u00eatements de sol pour hockey sur glace sont con\u00e7us pour \u00eatre pratiques, robustes et faciles \u00e0 installer. Fabriqu\u00e9s \u00e0 partir de produits de premi\u00e8re qualit\u00e9, ces carreaux de c\u00e9ramique entrelac\u00e9s offrent une surface lisse, s\u00fbre et antid\u00e9rapante qui ressemble \u00e0 de la vraie glace, ce qui les rend id\u00e9aux pour l'entra\u00eenement au hockey, la pratique du patinage et l'utilisation multisports. La conception modulaire l\u00e9g\u00e8re permet une configuration et un d\u00e9montage rapides, ce qui est parfait pour les courts de courte dur\u00e9e, les entra\u00eenements \u00e0 domicile ou les \u00e9v\u00e9nements sp\u00e9cialis\u00e9s. Insensibles aux intemp\u00e9ries, aux chocs et \u00e0 l'usure, ils garantissent des performances fiables \u00e0 l'int\u00e9rieur comme \u00e0 l'ext\u00e9rieur. En tant que fournisseur de confiance, nous proposons des dimensions et des teintes personnalisables pour r\u00e9pondre aux diff\u00e9rents besoins en mati\u00e8re d'exposition et de loisirs.<\/p>","protected":false},"excerpt":{"rendered":"<p>Les dalles de sol portatives et les tapis de hockey sur glace offrent une surface lisse, durable et antid\u00e9rapante pour l'entra\u00eenement et les matchs. Faciles \u00e0 installer et r\u00e9sistants aux intemp\u00e9ries, ils sont id\u00e9aux pour les entra\u00eenements \u00e0 domicile, les courts temporaires et les \u00e9v\u00e9nements professionnels, offrant des performances fiables \u00e0 l'int\u00e9rieur et \u00e0 l'ext\u00e9rieur.<\/p>","protected":false},"featured_media":1224,"template":"","meta":{"_gspb_post_css":""},"product_brand":[],"product_cat":[29,31],"product_tag":[171,172,173],"class_list":{"0":"post-1220","1":"product","2":"type-product","3":"status-publish","4":"has-post-thumbnail","6":"product_cat-ice-rink-products","7":"product_cat-hockey-practice-shooting-pads","8":"product_tag-ice-hockey-mat","9":"product_tag-portable-court-tiles","10":"product_tag-sports-flooring-manufacturer","12":"first","13":"instock","14":"shipping-taxable","15":"product-type-simple"},"_links":{"self":[{"href":"https:\/\/uhmwpemanufacture.com\/fr\/wp-json\/wp\/v2\/product\/1220","targetHints":{"allow":["GET"]}}],"collection":[{"href":"https:\/\/uhmwpemanufacture.com\/fr\/wp-json\/wp\/v2\/product"}],"about":[{"href":"https:\/\/uhmwpemanufacture.com\/fr\/wp-json\/wp\/v2\/types\/product"}],"wp:featuredmedia":[{"embeddable":true,"href":"https:\/\/uhmwpemanufacture.com\/fr\/wp-json\/wp\/v2\/media\/1224"}],"wp:attachment":[{"href":"https:\/\/uhmwpemanufacture.com\/fr\/wp-json\/wp\/v2\/media?parent=1220"}],"wp:term":[{"taxonomy":"product_brand","embeddable":true,"href":"https:\/\/uhmwpemanufacture.com\/fr\/wp-json\/wp\/v2\/product_brand?post=1220"},{"taxonomy":"product_cat","embeddable":true,"href":"https:\/\/uhmwpemanufacture.com\/fr\/wp-json\/wp\/v2\/product_cat?post=1220"},{"taxonomy":"product_tag","embeddable":true,"href":"https:\/\/uhmwpemanufacture.com\/fr\/wp-json\/wp\/v2\/product_tag?post=1220"}],"curies":[{"name":"wp","href":"https:\/\/api.w.org\/{rel}","templated":true}]}}