{"id":1229,"date":"2025-09-28T07:15:02","date_gmt":"2025-09-28T07:15:02","guid":{"rendered":"https:\/\/uhmwpemanufacture.com\/?post_type=product&#038;p=1229"},"modified":"2025-09-28T07:15:02","modified_gmt":"2025-09-28T07:15:02","slug":"floorball-rink-dashboard-fence-football-uhmwpe-synthetic","status":"publish","type":"product","link":"https:\/\/uhmwpemanufacture.com\/fr\/floorball-rink-dashboard-fence-football-uhmwpe-synthetic\/","title":{"rendered":"Floorball Rink Dashboard Fence Football UHMWPE Synthetic"},"content":{"rendered":"<h2>Floorball Rink Dashboard Fencing Football UHMWPE Synthetic<\/h2>\n<p>Nos cl\u00f4tures synth\u00e9tiques UHMWPE pour panneaux de contr\u00f4le de patinoire de floorball sont con\u00e7ues pour assurer la robustesse, la r\u00e9silience et la s\u00e9curit\u00e9 dans les ar\u00e8nes sportives de haute performance. Fabriqu\u00e9s en poly\u00e9thyl\u00e8ne \u00e0 tr\u00e8s haut poids mol\u00e9culaire, ces panneaux r\u00e9sistent aux effets lourds tout en offrant une surface lisse et adapt\u00e9e aux joueurs. Con\u00e7us pour \u00eatre utilis\u00e9s \u00e0 l'int\u00e9rieur comme \u00e0 l'ext\u00e9rieur, ils r\u00e9sistent aux conditions climatiques extr\u00eames, \u00e0 l'humidit\u00e9 et \u00e0 l'utilisation sans perdre de leur efficacit\u00e9. Le cadre modulaire permet une installation, un entretien et une personnalisation simples pour s'adapter \u00e0 de nombreuses tailles de patinoires. Id\u00e9ales pour le floorball, les terrains d'entra\u00eenement de football et les sites multisports, ces cl\u00f4tures \u00e0 panneaux de contr\u00f4le offrent une s\u00e9curit\u00e9 fiable, une longue dur\u00e9e de vie et une qualit\u00e9 sup\u00e9rieure de niveau professionnel pour les athl\u00e8tes et les installations.<\/p>","protected":false},"excerpt":{"rendered":"<p>Les cl\u00f4tures synth\u00e9tiques UHMWPE pour les pistes de floorball offrent une forte r\u00e9sistance aux chocs et des surfaces lisses pour un jeu en toute s\u00e9curit\u00e9. R\u00e9sistantes aux intemp\u00e9ries et durables, elles sont faciles \u00e0 installer et id\u00e9ales pour les terrains de floorball, de football et les ar\u00e8nes multisports, en int\u00e9rieur comme en ext\u00e9rieur.<\/p>","protected":false},"featured_media":1234,"template":"","meta":{"_gspb_post_css":""},"product_brand":[],"product_cat":[29,33],"product_tag":[175,176,174],"class_list":{"0":"post-1229","1":"product","2":"type-product","3":"status-publish","4":"has-post-thumbnail","6":"product_cat-ice-rink-products","7":"product_cat-floor-ball-dasher-boards","8":"product_tag-floorball-rink-boards","9":"product_tag-sports-arena-fencing","10":"product_tag-uhmwpe-dashboard-fence","12":"first","13":"instock","14":"shipping-taxable","15":"product-type-simple"},"_links":{"self":[{"href":"https:\/\/uhmwpemanufacture.com\/fr\/wp-json\/wp\/v2\/product\/1229","targetHints":{"allow":["GET"]}}],"collection":[{"href":"https:\/\/uhmwpemanufacture.com\/fr\/wp-json\/wp\/v2\/product"}],"about":[{"href":"https:\/\/uhmwpemanufacture.com\/fr\/wp-json\/wp\/v2\/types\/product"}],"wp:featuredmedia":[{"embeddable":true,"href":"https:\/\/uhmwpemanufacture.com\/fr\/wp-json\/wp\/v2\/media\/1234"}],"wp:attachment":[{"href":"https:\/\/uhmwpemanufacture.com\/fr\/wp-json\/wp\/v2\/media?parent=1229"}],"wp:term":[{"taxonomy":"product_brand","embeddable":true,"href":"https:\/\/uhmwpemanufacture.com\/fr\/wp-json\/wp\/v2\/product_brand?post=1229"},{"taxonomy":"product_cat","embeddable":true,"href":"https:\/\/uhmwpemanufacture.com\/fr\/wp-json\/wp\/v2\/product_cat?post=1229"},{"taxonomy":"product_tag","embeddable":true,"href":"https:\/\/uhmwpemanufacture.com\/fr\/wp-json\/wp\/v2\/product_tag?post=1229"}],"curies":[{"name":"wp","href":"https:\/\/api.w.org\/{rel}","templated":true}]}}