{"id":1237,"date":"2025-09-28T07:17:45","date_gmt":"2025-09-28T07:17:45","guid":{"rendered":"https:\/\/uhmwpemanufacture.com\/?post_type=product&#038;p=1237"},"modified":"2025-09-28T07:17:45","modified_gmt":"2025-09-28T07:17:45","slug":"custom-plastic-injection-parts-manufacturer-plastic-parts","status":"publish","type":"product","link":"https:\/\/uhmwpemanufacture.com\/fr\/custom-plastic-injection-parts-manufacturer-plastic-parts\/","title":{"rendered":"Pi\u00e8ces d'injection plastique sur mesure Fabricant de pi\u00e8ces en plastique"},"content":{"rendered":"<h2>Composants d'injection plastique sur mesure Fournisseur de composants en plastique<\/h2>\n<p>Nos composants d'injection plastique personnalis\u00e9s sont cr\u00e9\u00e9s avec pr\u00e9cision et fiabilit\u00e9, pour r\u00e9pondre aux besoins vari\u00e9s de march\u00e9s tels que l'automobile, les appareils \u00e9lectroniques, l'emballage et les biens durables. Fabriqu\u00e9s avec des polym\u00e8res de premier ordre, ces composants se caract\u00e9risent par une long\u00e9vit\u00e9, une r\u00e9sistance chimique et une pr\u00e9cision dimensionnelle exceptionnelles. Gr\u00e2ce \u00e0 une technologie de moulage moderne et innovante, nous fournissons des r\u00e9sultats coh\u00e9rents, que ce soit pour les grandes ou les petites s\u00e9ries. Disponibles dans des formes, tailles et couleurs personnalis\u00e9es, nos composants moul\u00e9s par injection sont personnalis\u00e9s pour r\u00e9pondre aux besoins particuliers des clients. En tant que fabricant de confiance, nous offrons des services abordables qui garantissent une efficacit\u00e9 durable et l'assistance de styles de produits innovants.<\/p>","protected":false},"excerpt":{"rendered":"<p>Pi\u00e8ces d'injection plastique sur mesure con\u00e7ues avec pr\u00e9cision et durabilit\u00e9 pour l'automobile, l'\u00e9lectronique et l'industrie. Disponibles en diff\u00e9rentes formes, tailles et couleurs, ces pi\u00e8ces garantissent des performances fiables et des solutions rentables pour les petites et grandes s\u00e9ries.<\/p>","protected":false},"featured_media":1239,"template":"","meta":{"_gspb_post_css":""},"product_brand":[],"product_cat":[34],"product_tag":[178,179,177],"class_list":{"0":"post-1237","1":"product","2":"type-product","3":"status-publish","4":"has-post-thumbnail","6":"product_cat-mg-engineering-plastic-sheets","7":"product_tag-custom-molded-plastic","8":"product_tag-injection-molding-manufacturer","9":"product_tag-plastic-injection-parts","11":"first","12":"instock","13":"shipping-taxable","14":"product-type-simple"},"_links":{"self":[{"href":"https:\/\/uhmwpemanufacture.com\/fr\/wp-json\/wp\/v2\/product\/1237","targetHints":{"allow":["GET"]}}],"collection":[{"href":"https:\/\/uhmwpemanufacture.com\/fr\/wp-json\/wp\/v2\/product"}],"about":[{"href":"https:\/\/uhmwpemanufacture.com\/fr\/wp-json\/wp\/v2\/types\/product"}],"wp:featuredmedia":[{"embeddable":true,"href":"https:\/\/uhmwpemanufacture.com\/fr\/wp-json\/wp\/v2\/media\/1239"}],"wp:attachment":[{"href":"https:\/\/uhmwpemanufacture.com\/fr\/wp-json\/wp\/v2\/media?parent=1237"}],"wp:term":[{"taxonomy":"product_brand","embeddable":true,"href":"https:\/\/uhmwpemanufacture.com\/fr\/wp-json\/wp\/v2\/product_brand?post=1237"},{"taxonomy":"product_cat","embeddable":true,"href":"https:\/\/uhmwpemanufacture.com\/fr\/wp-json\/wp\/v2\/product_cat?post=1237"},{"taxonomy":"product_tag","embeddable":true,"href":"https:\/\/uhmwpemanufacture.com\/fr\/wp-json\/wp\/v2\/product_tag?post=1237"}],"curies":[{"name":"wp","href":"https:\/\/api.w.org\/{rel}","templated":true}]}}