{"id":1242,"date":"2025-09-28T07:20:06","date_gmt":"2025-09-28T07:20:06","guid":{"rendered":"https:\/\/uhmwpemanufacture.com\/?post_type=product&#038;p=1242"},"modified":"2025-09-28T07:20:06","modified_gmt":"2025-09-28T07:20:06","slug":"ground-protection-heavy-equipment-land-protection-road-mats","status":"publish","type":"product","link":"https:\/\/uhmwpemanufacture.com\/fr\/ground-protection-heavy-equipment-land-protection-road-mats\/","title":{"rendered":"Protection du sol \u00c9quipement lourd Protection du sol Tapis de route"},"content":{"rendered":"<h2>Protection des sols Outils lourds D\u00e9fense des terres Tapis routiers<\/h2>\n<p>Nos tapis routiers de d\u00e9fense des sols sont con\u00e7us pour offrir une surface stable et durable aux outils lourds et aux voitures sur les sites de construction, d'exploitation mini\u00e8re et d'activit\u00e9s occasionnelles. Fabriqu\u00e9s \u00e0 partir de mat\u00e9riaux tr\u00e8s r\u00e9sistants, ces rev\u00eatements de sol r\u00e9partissent le poids de mani\u00e8re \u00e9gale afin d'\u00e9viter le compactage de la terre, la formation d'orni\u00e8res ou les dommages sur les sols meubles. Leur surface textur\u00e9e et antid\u00e9rapante garantit une bonne adh\u00e9rence du mat\u00e9riel et des employ\u00e9s, m\u00eame sur un terrain meuble ou in\u00e9gal. L\u00e9gers mais robustes, ils sont faciles \u00e0 monter, \u00e0 \u00e9liminer et \u00e0 r\u00e9utiliser, ce qui constitue un service rentable pour les routes et les syst\u00e8mes de travail de courte dur\u00e9e. Elles sont id\u00e9ales pour prot\u00e9ger les terrains tout en garantissant des op\u00e9rations efficaces et sans heurts dans des atmosph\u00e8res populaires.<\/p>","protected":false},"excerpt":{"rendered":"<p>Les tapis routiers de protection des \u00e9quipements lourds offrent des surfaces stables et durables sur les terrains mous ou irr\u00e9guliers. Gr\u00e2ce \u00e0 leur texture antid\u00e9rapante et \u00e0 leur facilit\u00e9 d'utilisation, ils prot\u00e8gent les terrains, r\u00e9duisent les dommages caus\u00e9s au sol et garantissent un acc\u00e8s s\u00fbr pour les op\u00e9rations de construction, d'exploitation mini\u00e8re et d'\u00e9v\u00e9nementiel.<\/p>","protected":false},"featured_media":1243,"template":"","meta":{"_gspb_post_css":""},"product_brand":[],"product_cat":[24,27],"product_tag":[72,180,181],"class_list":{"0":"post-1242","1":"product","2":"type-product","3":"status-publish","4":"has-post-thumbnail","6":"product_cat-ground-protection-road-mats","7":"product_cat-dura-mats","8":"product_tag-ground-protection-mats","9":"product_tag-heavy-equipment-road-mats","10":"product_tag-land-protection-mats","12":"first","13":"instock","14":"shipping-taxable","15":"product-type-simple"},"_links":{"self":[{"href":"https:\/\/uhmwpemanufacture.com\/fr\/wp-json\/wp\/v2\/product\/1242","targetHints":{"allow":["GET"]}}],"collection":[{"href":"https:\/\/uhmwpemanufacture.com\/fr\/wp-json\/wp\/v2\/product"}],"about":[{"href":"https:\/\/uhmwpemanufacture.com\/fr\/wp-json\/wp\/v2\/types\/product"}],"wp:featuredmedia":[{"embeddable":true,"href":"https:\/\/uhmwpemanufacture.com\/fr\/wp-json\/wp\/v2\/media\/1243"}],"wp:attachment":[{"href":"https:\/\/uhmwpemanufacture.com\/fr\/wp-json\/wp\/v2\/media?parent=1242"}],"wp:term":[{"taxonomy":"product_brand","embeddable":true,"href":"https:\/\/uhmwpemanufacture.com\/fr\/wp-json\/wp\/v2\/product_brand?post=1242"},{"taxonomy":"product_cat","embeddable":true,"href":"https:\/\/uhmwpemanufacture.com\/fr\/wp-json\/wp\/v2\/product_cat?post=1242"},{"taxonomy":"product_tag","embeddable":true,"href":"https:\/\/uhmwpemanufacture.com\/fr\/wp-json\/wp\/v2\/product_tag?post=1242"}],"curies":[{"name":"wp","href":"https:\/\/api.w.org\/{rel}","templated":true}]}}