{"id":1251,"date":"2025-09-28T07:24:46","date_gmt":"2025-09-28T07:24:46","guid":{"rendered":"https:\/\/uhmwpemanufacture.com\/?post_type=product&#038;p=1251"},"modified":"2025-09-28T07:24:46","modified_gmt":"2025-09-28T07:24:46","slug":"borated-polyethylene-sheet-uhmwpe-borium-board-exporter","status":"publish","type":"product","link":"https:\/\/uhmwpemanufacture.com\/fr\/borated-polyethylene-sheet-uhmwpe-borium-board-exporter\/","title":{"rendered":"Feuille de poly\u00e9thyl\u00e8ne bor\u00e9 Panneau de borium UHMWPE Exporter"},"content":{"rendered":"<h2>Feuille de poly\u00e9thyl\u00e8ne bor\u00e9 Panneau de borium UHMWPE Exporter<\/h2>\n<p>Nos feuilles de poly\u00e9thyl\u00e8ne bor\u00e9 et nos panneaux UHMWPE au bore sont con\u00e7us pour les applications de protection contre les rayonnements et de protection commerciale. Gr\u00e2ce \u00e0 l'ajout de bore, ces feuilles absorbent efficacement les neutrons, ce qui les rend parfaites pour les installations nucl\u00e9aires, les laboratoires et les atmosph\u00e8res m\u00e9dicales. Fabriqu\u00e9es \u00e0 partir de poly\u00e9thyl\u00e8ne \u00e0 tr\u00e8s haut poids mol\u00e9culaire, elles pr\u00e9sentent une grande r\u00e9sistance aux influences, une r\u00e9sistance \u00e0 l'usure et une stabilit\u00e9 chimique. L\u00e9gers mais robustes, ils sont faciles \u00e0 \u00e9quiper dans des tailles et des formes personnalis\u00e9es pour des travaux sp\u00e9cifiques. En tant que marchand fiable, nous fournissons des panneaux en PE bor\u00e9 de premi\u00e8re qualit\u00e9 qui offrent des performances durables et une s\u00e9curit\u00e9 pour les applications populaires de contr\u00f4le des radiations et de s\u00e9curisation.<\/p>","protected":false},"excerpt":{"rendered":"<p>Les feuilles de poly\u00e9thyl\u00e8ne bor\u00e9 et les plaques de borium UHMWPE offrent un blindage neutronique efficace et une excellente durabilit\u00e9. Id\u00e9ales pour les centrales nucl\u00e9aires, les laboratoires et les applications m\u00e9dicales, elles offrent une stabilit\u00e9 chimique, une r\u00e9sistance aux chocs et peuvent \u00eatre personnalis\u00e9es dans diff\u00e9rentes tailles pour les applications de radioprotection.<\/p>","protected":false},"featured_media":1256,"template":"","meta":{"_gspb_post_css":""},"product_brand":[],"product_cat":[15,19],"product_tag":[182,184,183],"class_list":{"0":"post-1251","1":"product","2":"type-product","3":"status-publish","4":"has-post-thumbnail","6":"product_cat-uhmwpe-hdpe-sheets-plates","7":"product_cat-lead-boron-polyethylene-plates","8":"product_tag-borated-polyethylene-sheet","9":"product_tag-radiation-shielding-material","10":"product_tag-uhmwpe-borium-board","12":"first","13":"instock","14":"shipping-taxable","15":"product-type-simple"},"_links":{"self":[{"href":"https:\/\/uhmwpemanufacture.com\/fr\/wp-json\/wp\/v2\/product\/1251","targetHints":{"allow":["GET"]}}],"collection":[{"href":"https:\/\/uhmwpemanufacture.com\/fr\/wp-json\/wp\/v2\/product"}],"about":[{"href":"https:\/\/uhmwpemanufacture.com\/fr\/wp-json\/wp\/v2\/types\/product"}],"wp:featuredmedia":[{"embeddable":true,"href":"https:\/\/uhmwpemanufacture.com\/fr\/wp-json\/wp\/v2\/media\/1256"}],"wp:attachment":[{"href":"https:\/\/uhmwpemanufacture.com\/fr\/wp-json\/wp\/v2\/media?parent=1251"}],"wp:term":[{"taxonomy":"product_brand","embeddable":true,"href":"https:\/\/uhmwpemanufacture.com\/fr\/wp-json\/wp\/v2\/product_brand?post=1251"},{"taxonomy":"product_cat","embeddable":true,"href":"https:\/\/uhmwpemanufacture.com\/fr\/wp-json\/wp\/v2\/product_cat?post=1251"},{"taxonomy":"product_tag","embeddable":true,"href":"https:\/\/uhmwpemanufacture.com\/fr\/wp-json\/wp\/v2\/product_tag?post=1251"}],"curies":[{"name":"wp","href":"https:\/\/api.w.org\/{rel}","templated":true}]}}