{"id":1259,"date":"2025-09-28T07:32:13","date_gmt":"2025-09-28T07:32:13","guid":{"rendered":"https:\/\/uhmwpemanufacture.com\/?post_type=product&#038;p=1259"},"modified":"2025-09-28T07:32:13","modified_gmt":"2025-09-28T07:32:13","slug":"high-strength-anti-slip-outrigger-pads-customizable-hdpe","status":"publish","type":"product","link":"https:\/\/uhmwpemanufacture.com\/fr\/high-strength-anti-slip-outrigger-pads-customizable-hdpe\/","title":{"rendered":"Patins antid\u00e9rapants de haute r\u00e9sistance pour outrigger HDPE personnalisable"},"content":{"rendered":"<h2>Coussinets antid\u00e9rapants haute t\u00e9nacit\u00e9 pour outrigger HDPE ajustable<\/h2>\n<p>Nos tampons de stabilisateurs en PEHD \u00e0 haute r\u00e9sistance sont con\u00e7us pour fournir une assistance s\u00fbre et fiable aux grues, aux ascenseurs et aux machines lourdes. Dot\u00e9s de surfaces antid\u00e9rapantes de longue dur\u00e9e, ces tampons garantissent un positionnement s\u00fbr, m\u00eame sur un sol mou ou irr\u00e9gulier. Leur construction l\u00e9g\u00e8re mais solide les rend faciles \u00e0 manipuler et \u00e0 transf\u00e9rer, tout en conservant une capacit\u00e9 de charge exceptionnelle. Insensibles \u00e0 l'eau, aux produits chimiques et aux conditions m\u00e9t\u00e9orologiques extr\u00eames, ils offrent des performances durables dans les environnements les plus populaires. Disponibles dans des tailles, des densit\u00e9s et des formes personnalis\u00e9es, ces plaques de protection fournissent des solutions s\u00fbres, efficaces et r\u00e9utilisables pour les applications dans les secteurs du b\u00e2timent et de la construction, de l'industrie et de l'\u00e9nergie.<\/p>","protected":false},"excerpt":{"rendered":"<p>Les plaques d'appui en PEHD haute r\u00e9sistance avec surfaces antid\u00e9rapantes assurent un support stable pour les grues et les machines lourdes. L\u00e9gers, durables et r\u00e9sistants aux intemp\u00e9ries, ils sont personnalisables en taille et en forme, offrant des solutions s\u00fbres et r\u00e9utilisables pour les projets de construction et les projets industriels.<\/p>","protected":false},"featured_media":1264,"template":"","meta":{"_gspb_post_css":""},"product_brand":[],"product_cat":[15,20],"product_tag":[187,186,185],"class_list":{"0":"post-1259","1":"product","2":"type-product","3":"status-publish","4":"has-post-thumbnail","6":"product_cat-uhmwpe-hdpe-sheets-plates","7":"product_cat-crane-outrigger-pads","8":"product_tag-anti-slip-ground-pads","9":"product_tag-crane-stabilizer-pads","10":"product_tag-hdpe-outrigger-pads","12":"first","13":"instock","14":"shipping-taxable","15":"product-type-simple"},"_links":{"self":[{"href":"https:\/\/uhmwpemanufacture.com\/fr\/wp-json\/wp\/v2\/product\/1259","targetHints":{"allow":["GET"]}}],"collection":[{"href":"https:\/\/uhmwpemanufacture.com\/fr\/wp-json\/wp\/v2\/product"}],"about":[{"href":"https:\/\/uhmwpemanufacture.com\/fr\/wp-json\/wp\/v2\/types\/product"}],"wp:featuredmedia":[{"embeddable":true,"href":"https:\/\/uhmwpemanufacture.com\/fr\/wp-json\/wp\/v2\/media\/1264"}],"wp:attachment":[{"href":"https:\/\/uhmwpemanufacture.com\/fr\/wp-json\/wp\/v2\/media?parent=1259"}],"wp:term":[{"taxonomy":"product_brand","embeddable":true,"href":"https:\/\/uhmwpemanufacture.com\/fr\/wp-json\/wp\/v2\/product_brand?post=1259"},{"taxonomy":"product_cat","embeddable":true,"href":"https:\/\/uhmwpemanufacture.com\/fr\/wp-json\/wp\/v2\/product_cat?post=1259"},{"taxonomy":"product_tag","embeddable":true,"href":"https:\/\/uhmwpemanufacture.com\/fr\/wp-json\/wp\/v2\/product_tag?post=1259"}],"curies":[{"name":"wp","href":"https:\/\/api.w.org\/{rel}","templated":true}]}}