{"id":1268,"date":"2025-09-28T07:34:37","date_gmt":"2025-09-28T07:34:37","guid":{"rendered":"https:\/\/uhmwpemanufacture.com\/?post_type=product&#038;p=1268"},"modified":"2025-09-28T07:34:37","modified_gmt":"2025-09-28T07:34:37","slug":"high-durability-nylon-low-friction-plastic-rods-wholesaler","status":"publish","type":"product","link":"https:\/\/uhmwpemanufacture.com\/fr\/high-durability-nylon-low-friction-plastic-rods-wholesaler\/","title":{"rendered":"Tiges plastiques en nylon \u00e0 faible coefficient de frottement, haute durabilit\u00e9 Grossiste"},"content":{"rendered":"<h2>Tiges plastiques en nylon \u00e0 haute t\u00e9nacit\u00e9 et \u00e0 faible frottement Revendeur<\/h2>\n<p>Nos poteaux en nylon plastique sont con\u00e7us pour une haute r\u00e9silience et une superbe efficacit\u00e9 \u00e0 faible frottement, ce qui en fait une s\u00e9lection fiable pour les applications industrielles exigeantes. Ces poteaux pr\u00e9sentent une r\u00e9sistance \u00e0 l'usure, une r\u00e9sistance \u00e0 la traction et une r\u00e9sistance aux chocs de premier ordre, ce qui garantit une longue dur\u00e9e de vie sous des tonnes lourdes et une utilisation continue. Gr\u00e2ce \u00e0 leur excellente usinabilit\u00e9, ils peuvent \u00eatre rapidement r\u00e9duits, perc\u00e9s ou fa\u00e7onn\u00e9s pour former des \u00e9l\u00e9ments personnalis\u00e9s tels que des bagues, des \u00e9quipements, des rouleaux et des roulements. Insensibles aux produits chimiques et \u00e0 l'humidit\u00e9, les tiges en nylon conservent leur stabilit\u00e9 dans les environnements difficiles. En tant que revendeur de confiance, nous proposons des tiges en nylon de diff\u00e9rentes tailles, longueurs et couleurs pour r\u00e9pondre \u00e0 diverses exigences de fabrication.<\/p>","protected":false},"excerpt":{"rendered":"<p>Les barres en plastique nylon offrent une grande durabilit\u00e9, un faible frottement et une excellente r\u00e9sistance \u00e0 l'usure. Id\u00e9ales pour les bagues, les engrenages, les rouleaux et les roulements, elles offrent r\u00e9sistance, usinabilit\u00e9 et stabilit\u00e9 dans les applications industrielles. Disponibles en diff\u00e9rentes tailles aupr\u00e8s d'un grossiste de confiance.<\/p>","protected":false},"featured_media":1274,"template":"","meta":{"_gspb_post_css":""},"product_brand":[],"product_cat":[15],"product_tag":[190,189,188],"class_list":{"0":"post-1268","1":"product","2":"type-product","3":"status-publish","4":"has-post-thumbnail","6":"product_cat-uhmwpe-hdpe-sheets-plates","7":"product_tag-industrial-nylon-rods","8":"product_tag-low-friction-rods","9":"product_tag-nylon-plastic-rods","11":"first","12":"instock","13":"shipping-taxable","14":"product-type-simple"},"_links":{"self":[{"href":"https:\/\/uhmwpemanufacture.com\/fr\/wp-json\/wp\/v2\/product\/1268","targetHints":{"allow":["GET"]}}],"collection":[{"href":"https:\/\/uhmwpemanufacture.com\/fr\/wp-json\/wp\/v2\/product"}],"about":[{"href":"https:\/\/uhmwpemanufacture.com\/fr\/wp-json\/wp\/v2\/types\/product"}],"wp:featuredmedia":[{"embeddable":true,"href":"https:\/\/uhmwpemanufacture.com\/fr\/wp-json\/wp\/v2\/media\/1274"}],"wp:attachment":[{"href":"https:\/\/uhmwpemanufacture.com\/fr\/wp-json\/wp\/v2\/media?parent=1268"}],"wp:term":[{"taxonomy":"product_brand","embeddable":true,"href":"https:\/\/uhmwpemanufacture.com\/fr\/wp-json\/wp\/v2\/product_brand?post=1268"},{"taxonomy":"product_cat","embeddable":true,"href":"https:\/\/uhmwpemanufacture.com\/fr\/wp-json\/wp\/v2\/product_cat?post=1268"},{"taxonomy":"product_tag","embeddable":true,"href":"https:\/\/uhmwpemanufacture.com\/fr\/wp-json\/wp\/v2\/product_tag?post=1268"}],"curies":[{"name":"wp","href":"https:\/\/api.w.org\/{rel}","templated":true}]}}