{"id":1277,"date":"2025-09-28T07:40:11","date_gmt":"2025-09-28T07:40:11","guid":{"rendered":"https:\/\/uhmwpemanufacture.com\/?post_type=product&#038;p=1277"},"modified":"2025-09-28T07:40:11","modified_gmt":"2025-09-28T07:40:11","slug":"wear-resistance-uhmwpe-hopper-coal-liner-plastic-sheet-dealer","status":"publish","type":"product","link":"https:\/\/uhmwpemanufacture.com\/fr\/wear-resistance-uhmwpe-hopper-coal-liner-plastic-sheet-dealer\/","title":{"rendered":"R\u00e9sistance \u00e0 l'usure Uhmwpe Hopper Coal Liner Plastic Sheet Dealer"},"content":{"rendered":"<h2>Rev\u00eatement de tr\u00e9mie en plastique UHMWPE r\u00e9sistant \u00e0 l'usure Concessionnaire<\/h2>\n<p>Nos feuilles de plastique UHMWPE pour le rev\u00eatement des r\u00e9ceptacles \u00e0 charbon sont con\u00e7ues pour offrir une r\u00e9sistance \u00e0 l'usure et une robustesse extraordinaires dans les applications de prise en charge des mat\u00e9riaux en gros. Con\u00e7ues pour r\u00e9sister \u00e0 l'effet de poids, \u00e0 l'abrasion et aux atmosph\u00e8res difficiles, ces feuilles emp\u00eachent l'adh\u00e9rence, r\u00e9duisent les obstructions et garantissent une circulation fluide des mat\u00e9riaux dans les tr\u00e9mies, les goulottes, les silos et les bennes \u00e0 charbon. La surface autolubrifiante \u00e0 frottement r\u00e9duit diminue les temps d'arr\u00eat et les co\u00fbts de maintenance tout en prolongeant la dur\u00e9e de vie des outils. Insensibles \u00e0 l'humidit\u00e9, aux produits chimiques et \u00e0 la corrosion, ils offrent des performances fiables dans les mines, les centrales \u00e9lectriques et les industries commerciales. En tant que fournisseur de confiance, nous proposons des tailles et des \u00e9paisseurs ajustables pour r\u00e9pondre aux demandes sp\u00e9cifiques des projets.<\/p>","protected":false},"excerpt":{"rendered":"<p>Les feuilles de rev\u00eatement de tr\u00e9mie en UHMWPE offrent une excellente r\u00e9sistance \u00e0 l'usure et une grande durabilit\u00e9. Gr\u00e2ce \u00e0 leur faible friction et \u00e0 leurs propri\u00e9t\u00e9s autolubrifiantes, elles emp\u00eachent le collage, r\u00e9duisent les blocages et prolongent la dur\u00e9e de vie des \u00e9quipements dans les tr\u00e9mies, les goulottes, les silos et les bennes pour l'exploitation mini\u00e8re et l'industrie.<\/p>","protected":false},"featured_media":1279,"template":"","meta":{"_gspb_post_css":""},"product_brand":[],"product_cat":[15,22],"product_tag":[192,191,193],"class_list":{"0":"post-1277","1":"product","2":"type-product","3":"status-publish","4":"has-post-thumbnail","6":"product_cat-uhmwpe-hdpe-sheets-plates","7":"product_cat-coal-bunker-limit-plates","8":"product_tag-hopper-liner-sheet","9":"product_tag-uhmwpe-coal-liner","10":"product_tag-wear-resistant-plastic-sheet","12":"first","13":"instock","14":"shipping-taxable","15":"product-type-simple"},"_links":{"self":[{"href":"https:\/\/uhmwpemanufacture.com\/fr\/wp-json\/wp\/v2\/product\/1277","targetHints":{"allow":["GET"]}}],"collection":[{"href":"https:\/\/uhmwpemanufacture.com\/fr\/wp-json\/wp\/v2\/product"}],"about":[{"href":"https:\/\/uhmwpemanufacture.com\/fr\/wp-json\/wp\/v2\/types\/product"}],"wp:featuredmedia":[{"embeddable":true,"href":"https:\/\/uhmwpemanufacture.com\/fr\/wp-json\/wp\/v2\/media\/1279"}],"wp:attachment":[{"href":"https:\/\/uhmwpemanufacture.com\/fr\/wp-json\/wp\/v2\/media?parent=1277"}],"wp:term":[{"taxonomy":"product_brand","embeddable":true,"href":"https:\/\/uhmwpemanufacture.com\/fr\/wp-json\/wp\/v2\/product_brand?post=1277"},{"taxonomy":"product_cat","embeddable":true,"href":"https:\/\/uhmwpemanufacture.com\/fr\/wp-json\/wp\/v2\/product_cat?post=1277"},{"taxonomy":"product_tag","embeddable":true,"href":"https:\/\/uhmwpemanufacture.com\/fr\/wp-json\/wp\/v2\/product_tag?post=1277"}],"curies":[{"name":"wp","href":"https:\/\/api.w.org\/{rel}","templated":true}]}}