{"id":1285,"date":"2025-09-28T07:44:07","date_gmt":"2025-09-28T07:44:07","guid":{"rendered":"https:\/\/uhmwpemanufacture.com\/?post_type=product&#038;p=1285"},"modified":"2025-09-28T07:44:07","modified_gmt":"2025-09-28T07:44:07","slug":"uhmwpe-tarpaulin-pe-material-for-lighting-cut-extruded","status":"publish","type":"product","link":"https:\/\/uhmwpemanufacture.com\/fr\/uhmwpe-tarpaulin-pe-material-for-lighting-cut-extruded\/","title":{"rendered":"B\u00e2che UHMWPE Mat\u00e9riau PE pour l'\u00e9clairage Coup\u00e9 et extrud\u00e9"},"content":{"rendered":"<h2>B\u00e2che UHMWPE Mat\u00e9riau PE pour l'\u00e9clairage Coup\u00e9 et extrud\u00e9<\/h2>\n<p>Notre b\u00e2che PE UHMWPE est con\u00e7ue pour offrir une robustesse, une flexibilit\u00e9 et une r\u00e9sistance optimales aux conditions difficiles. Con\u00e7u \u00e0 partir de poly\u00e9thyl\u00e8ne \u00e0 tr\u00e8s haut poids mol\u00e9culaire, il offre une r\u00e9sistance exceptionnelle \u00e0 la d\u00e9chirure, \u00e0 l'abrasion et aux intemp\u00e9ries. Adapt\u00e9 aux applications d'\u00e9clairage, ce produit peut \u00eatre d\u00e9coup\u00e9 et extrud\u00e9 sp\u00e9cifiquement pour r\u00e9pondre aux besoins du client. Il offre une d\u00e9fense durable contre les rayons UV, l'humidit\u00e9 et les produits chimiques, ce qui le rend id\u00e9al pour les atmosph\u00e8res int\u00e9rieures et ext\u00e9rieures. L\u00e9ger mais solide, il garantit une manipulation et une installation faciles. Une solution fonctionnelle pour les t\u00e2ches commerciales, le b\u00e2timent et la construction, et les t\u00e2ches commerciales n\u00e9cessitant un rev\u00eatement et une doublure fiables.<\/p>","protected":false},"excerpt":{"rendered":"<p>Le mat\u00e9riau UHMWPE tarpaulin PE offre une durabilit\u00e9 et une r\u00e9sistance aux intemp\u00e9ries sup\u00e9rieures. Facile \u00e0 couper et \u00e0 extruder, il est id\u00e9al pour l'\u00e9clairage, la construction et les utilisations industrielles, offrant une protection contre les UV, l'humidit\u00e9 et les produits chimiques avec une performance durable \u00e0 l'int\u00e9rieur ou \u00e0 l'ext\u00e9rieur.<\/p>","protected":false},"featured_media":1291,"template":"","meta":{"_gspb_post_css":""},"product_brand":[],"product_cat":[15,18],"product_tag":[196,195,194],"class_list":{"0":"post-1285","1":"product","2":"type-product","3":"status-publish","4":"has-post-thumbnail","6":"product_cat-uhmwpe-hdpe-sheets-plates","7":"product_cat-hdpe-sheets","8":"product_tag-extruded-plastic-material","9":"product_tag-pe-sheet-material","10":"product_tag-uhmwpe-tarpaulin","12":"first","13":"instock","14":"shipping-taxable","15":"product-type-simple"},"_links":{"self":[{"href":"https:\/\/uhmwpemanufacture.com\/fr\/wp-json\/wp\/v2\/product\/1285","targetHints":{"allow":["GET"]}}],"collection":[{"href":"https:\/\/uhmwpemanufacture.com\/fr\/wp-json\/wp\/v2\/product"}],"about":[{"href":"https:\/\/uhmwpemanufacture.com\/fr\/wp-json\/wp\/v2\/types\/product"}],"wp:featuredmedia":[{"embeddable":true,"href":"https:\/\/uhmwpemanufacture.com\/fr\/wp-json\/wp\/v2\/media\/1291"}],"wp:attachment":[{"href":"https:\/\/uhmwpemanufacture.com\/fr\/wp-json\/wp\/v2\/media?parent=1285"}],"wp:term":[{"taxonomy":"product_brand","embeddable":true,"href":"https:\/\/uhmwpemanufacture.com\/fr\/wp-json\/wp\/v2\/product_brand?post=1285"},{"taxonomy":"product_cat","embeddable":true,"href":"https:\/\/uhmwpemanufacture.com\/fr\/wp-json\/wp\/v2\/product_cat?post=1285"},{"taxonomy":"product_tag","embeddable":true,"href":"https:\/\/uhmwpemanufacture.com\/fr\/wp-json\/wp\/v2\/product_tag?post=1285"}],"curies":[{"name":"wp","href":"https:\/\/api.w.org\/{rel}","templated":true}]}}